{"id":8555,"date":"2022-07-26T08:17:34","date_gmt":"2022-07-26T12:17:34","guid":{"rendered":"https:\/\/parkeryacht.com\/?page_id=8555"},"modified":"2022-07-26T08:41:10","modified_gmt":"2022-07-26T12:41:10","slug":"marine-audio-wetsounds","status":"publish","type":"page","link":"https:\/\/parkeryacht.com\/es\/marine-audio-wetsounds\/","title":{"rendered":"Marine Audio &#8211; Wetsounds"},"content":{"rendered":"<div data-elementor-type=\"wp-page\" data-elementor-id=\"8555\" class=\"elementor elementor-8555\">\n\t\t\t\t\t\t<section class=\"elementor-section elementor-top-section elementor-element elementor-element-d73980e elementor-section-stretched elementor-section-full_width product-section cust-marbtm20 elementor-section-height-default elementor-section-height-default\" data-id=\"d73980e\" data-element_type=\"section\" data-e-type=\"section\" data-settings=\"{&quot;stretch_section&quot;:&quot;section-stretched&quot;}\">\n\t\t\t\t\t\t<div class=\"elementor-container elementor-column-gap-no\">\n\t\t\t\t\t<div class=\"elementor-column elementor-col-100 elementor-top-column elementor-element elementor-element-8f2b9e6\" data-id=\"8f2b9e6\" data-element_type=\"column\" data-e-type=\"column\">\n\t\t\t<div class=\"elementor-widget-wrap elementor-element-populated\">\n\t\t\t\t\t\t<div class=\"elementor-element elementor-element-971bbd9 elementor-widget elementor-widget-about_us_1\" data-id=\"971bbd9\" data-element_type=\"widget\" data-e-type=\"widget\" data-widget_type=\"about_us_1.default\">\n\t\t\t\t<div class=\"elementor-widget-container\">\n\t\t\t\t\t\r\n\t\t<div class=\"block\">\r\n\t\t\t<div class=\"container no-indent\">\r\n\t\t\t\t<div class=\"wrapper-parallax-left02\">\r\n\t\t\t\t\t<div class=\"col-img\">\r\n\t\t\t\t\t\t<img fetchpriority=\"high\" decoding=\"async\" width=\"401\" height=\"401\" src=\"https:\/\/parkeryacht.com\/wp-content\/uploads\/2022\/07\/Marine-Audio.png\" class=\"attachment-full size-full\" alt=\"\" srcset=\"https:\/\/parkeryacht.com\/wp-content\/uploads\/2022\/07\/Marine-Audio.png 401w, https:\/\/parkeryacht.com\/wp-content\/uploads\/2022\/07\/Marine-Audio-300x300.png 300w, https:\/\/parkeryacht.com\/wp-content\/uploads\/2022\/07\/Marine-Audio-150x150.png 150w, https:\/\/parkeryacht.com\/wp-content\/uploads\/2022\/07\/Marine-Audio-12x12.png 12w, https:\/\/parkeryacht.com\/wp-content\/uploads\/2022\/07\/Marine-Audio-390x390.png 390w, https:\/\/parkeryacht.com\/wp-content\/uploads\/2022\/07\/Marine-Audio-370x370.png 370w, https:\/\/parkeryacht.com\/wp-content\/uploads\/2022\/07\/Marine-Audio-178x179.png 178w, https:\/\/parkeryacht.com\/wp-content\/uploads\/2022\/07\/Marine-Audio-63x63.png 63w, https:\/\/parkeryacht.com\/wp-content\/uploads\/2022\/07\/Marine-Audio-100x100.png 100w\" sizes=\"(max-width: 401px) 100vw, 401px\" \/>\t\t\t\t\t<\/div>\r\n\t\t\t\t\t<div class=\"col-description\">\r\n\t\t\t\t\t\t<div class=\"block-title text-left\">\r\n\t\t\t\t\t\t\t<h3 class=\"block-title__title\">\r\n\t\t\t\t\t\t\t<span class=\"color\">Marine Audio -<\/span> Wetsounds\t\t\t\t\t\t\t<\/h3>\r\n\t\t\t\t\t\t\t<div class=\"title-separator\"><\/div>\r\n\t\t\t\t\t\t<\/div>\r\n\t\t\t\t\t\t<span style=\"font-weight: 400\">Bringing a level of performance, style, and durability unparalleled in the audio industry, Wet Sounds\u2019 marine, powersports, outdoor home, and lifestyle stereo systems and equipment provide crisp, high-quality audio that\u2019s designed to be heard in the toughest environments whether your wake surfing on the lake, catching that big one off the coast, or enjoying some time with friends and family. Wet Sounds provides the audio soundtrack for all of life\u2019s adventures.<\/span>\t\t\t\t\t<\/div>\r\n\t\t\t\t<\/div>\r\n\t\t\t\t<div class=\"divider-md\"><\/div>\r\n\t\t\t\t<div class=\"row\">\r\n\t\t\t\t\t\t\t\t\t<div class=\"col-md-4\">\r\n\t\t\t\t\t\t<h6 class=\"subtitle\"><\/h6>\r\n\t\t\t\t\t\t\t\t\t\t\t<\/div>\r\n\t\t\t\t\t\t\t\t\t\t\t\t\t\t<\/div>\r\n\t\t\t<\/div>\r\n\t\t<\/div>\r\n\t\t\t\t\t\t<\/div>\n\t\t\t\t<\/div>\n\t\t\t\t\t<\/div>\n\t\t<\/div>\n\t\t\t\t\t<\/div>\n\t\t<\/section>\n\t\t\t\t<section class=\"elementor-section elementor-top-section elementor-element elementor-element-4b9de6e elementor-section-full_width elementor-section-height-default elementor-section-height-default\" data-id=\"4b9de6e\" data-element_type=\"section\" data-e-type=\"section\">\n\t\t\t\t\t\t<div class=\"elementor-container elementor-column-gap-no\">\n\t\t\t\t\t<div class=\"elementor-column elementor-col-100 elementor-top-column elementor-element elementor-element-12eb257\" data-id=\"12eb257\" data-element_type=\"column\" data-e-type=\"column\" data-settings=\"{&quot;background_background&quot;:&quot;classic&quot;}\">\n\t\t\t<div class=\"elementor-widget-wrap elementor-element-populated\">\n\t\t\t\t\t\t<div class=\"elementor-element elementor-element-9c028b8 elementor-widget elementor-widget-image\" data-id=\"9c028b8\" data-element_type=\"widget\" data-e-type=\"widget\" data-widget_type=\"image.default\">\n\t\t\t\t<div class=\"elementor-widget-container\">\n\t\t\t\t\t\t\t\t\t\t\t\t\t\t\t<img decoding=\"async\" width=\"500\" height=\"250\" src=\"https:\/\/parkeryacht.com\/wp-content\/uploads\/2022\/07\/wetsoundslogo.png\" class=\"attachment-full size-full wp-image-8570\" alt=\"\" srcset=\"https:\/\/parkeryacht.com\/wp-content\/uploads\/2022\/07\/wetsoundslogo.png 500w, https:\/\/parkeryacht.com\/wp-content\/uploads\/2022\/07\/wetsoundslogo-300x150.png 300w, https:\/\/parkeryacht.com\/wp-content\/uploads\/2022\/07\/wetsoundslogo-18x9.png 18w\" sizes=\"(max-width: 500px) 100vw, 500px\" \/>\t\t\t\t\t\t\t\t\t\t\t\t\t\t\t<\/div>\n\t\t\t\t<\/div>\n\t\t\t\t\t<\/div>\n\t\t<\/div>\n\t\t\t\t\t<\/div>\n\t\t<\/section>\n\t\t\t\t<section class=\"elementor-section elementor-top-section elementor-element elementor-element-fb9966b elementor-section-stretched elementor-section-full_width cust-marbtm0 cust-cta-section elementor-section-height-default elementor-section-height-default\" data-id=\"fb9966b\" data-element_type=\"section\" data-e-type=\"section\" data-settings=\"{&quot;stretch_section&quot;:&quot;section-stretched&quot;,&quot;background_background&quot;:&quot;classic&quot;}\">\n\t\t\t\t\t\t<div class=\"elementor-container elementor-column-gap-default\">\n\t\t\t\t\t<div class=\"elementor-column elementor-col-100 elementor-top-column elementor-element elementor-element-a8610c8\" data-id=\"a8610c8\" data-element_type=\"column\" data-e-type=\"column\">\n\t\t\t<div class=\"elementor-widget-wrap elementor-element-populated\">\n\t\t\t\t\t\t<div class=\"elementor-element elementor-element-7d9d245 elementor-widget elementor-widget-appointment_schedule\" data-id=\"7d9d245\" data-element_type=\"widget\" data-e-type=\"widget\" data-widget_type=\"appointment_schedule.default\">\n\t\t\t\t<div class=\"elementor-widget-container\">\n\t\t\t\t\t\t\t\t<div class=\"block bg-custom-01 style-theme-01\">\r\n  <div class=\"section__text-background text-color02 text-center text-background__center\">\r\n\t\t\t<\/div>\r\n  <div class=\"text-center\">\r\n\t<h2 class=\"h-lg\">\u00bfNecesita una cotizaci\u00f3n o servicio? <span class=\"color\">Ll\u00e1manos o env\u00edanos un correo electr\u00f3nico<\/span><\/h2>\r\n\t<p class=\"info\">Siempre nos alegra saber de ti.<\/p>\r\n\t<h2 class=\"h-phone\"><a href=\"tel:954-463-1515\">Llame al 954-463-1515<\/a><\/h2>\r\n\t<div class=\"btn-inline\">\r\n\t\t\t\t  <a class=\"btn btn-border btn-color02 btn-wide\"\r\n\t\thref=\"https:\/\/parkeryacht.com\/es\/contacts\/\"><span>Env\u00edanos un correo electr\u00f3nico<\/span><\/a>\r\n\t  \t<\/div>\r\n  <\/div>\r\n<\/div>\r\n\r\n\t\t\t\t\t\t\t<\/div>\n\t\t\t\t<\/div>\n\t\t\t\t\t<\/div>\n\t\t<\/div>\n\t\t\t\t\t<\/div>\n\t\t<\/section>\n\t\t\t\t<\/div>","protected":false},"excerpt":{"rendered":"<p>Marine Audio &#8211; Wetsounds Bringing a level of performance, style, and durability unparalleled in the audio industry, Wet Sounds\u2019 marine, powersports, outdoor home, and lifestyle stereo systems and equipment provide crisp, high-quality audio that\u2019s designed to be heard in the toughest environments whether your wake surfing on the lake, catching that big one off the [&hellip;]<\/p>\n","protected":false},"author":3,"featured_media":0,"parent":0,"menu_order":0,"comment_status":"closed","ping_status":"closed","template":"","meta":{"footnotes":""},"class_list":["post-8555","page","type-page","status-publish","hentry"],"yoast_head":"<!-- This site is optimized with the Yoast SEO plugin v27.4 - https:\/\/yoast.com\/product\/yoast-seo-wordpress\/ -->\n<title>Marine Audio - Wetsounds - Parker Yacht Management | Yamaha Dealer | Yanmar Dealer | Outboard Engine &amp; Yacht Repair Services<\/title>\n<meta name=\"robots\" content=\"index, follow, max-snippet:-1, max-image-preview:large, max-video-preview:-1\" \/>\n<link rel=\"canonical\" href=\"https:\/\/parkeryacht.com\/es\/marine-audio-wetsounds\/\" \/>\n<meta property=\"og:locale\" content=\"es_ES\" \/>\n<meta property=\"og:type\" content=\"article\" \/>\n<meta property=\"og:title\" content=\"Marine Audio - Wetsounds - Parker Yacht Management | Yamaha Dealer | Yanmar Dealer | Outboard Engine &amp; Yacht Repair Services\" \/>\n<meta property=\"og:description\" content=\"Marine Audio &#8211; Wetsounds Bringing a level of performance, style, and durability unparalleled in the audio industry, Wet Sounds\u2019 marine, powersports, outdoor home, and lifestyle stereo systems and equipment provide crisp, high-quality audio that\u2019s designed to be heard in the toughest environments whether your wake surfing on the lake, catching that big one off the [&hellip;]\" \/>\n<meta property=\"og:url\" content=\"https:\/\/parkeryacht.com\/es\/marine-audio-wetsounds\/\" \/>\n<meta property=\"og:site_name\" content=\"Parker Yacht Management | Yamaha Dealer | Yanmar Dealer | Outboard Engine &amp; Yacht Repair Services\" \/>\n<meta property=\"article:modified_time\" content=\"2022-07-26T12:41:10+00:00\" \/>\n<meta property=\"og:image\" content=\"https:\/\/parkeryacht.com\/wp-content\/uploads\/2022\/07\/Marine-Audio.png\" \/>\n<meta name=\"twitter:card\" content=\"summary_large_image\" \/>\n<meta name=\"twitter:label1\" content=\"Est. reading time\" \/>\n\t<meta name=\"twitter:data1\" content=\"1 minuto\" \/>\n<script type=\"application\/ld+json\" class=\"yoast-schema-graph\">{\"@context\":\"https:\\\/\\\/schema.org\",\"@graph\":[{\"@type\":\"WebPage\",\"@id\":\"https:\\\/\\\/parkeryacht.com\\\/marine-audio-wetsounds\\\/\",\"url\":\"https:\\\/\\\/parkeryacht.com\\\/marine-audio-wetsounds\\\/\",\"name\":\"Marine Audio - Wetsounds - Parker Yacht Management | Yamaha Dealer | Yanmar Dealer | Outboard Engine &amp; Yacht Repair Services\",\"isPartOf\":{\"@id\":\"https:\\\/\\\/parkeryacht.com\\\/#website\"},\"primaryImageOfPage\":{\"@id\":\"https:\\\/\\\/parkeryacht.com\\\/marine-audio-wetsounds\\\/#primaryimage\"},\"image\":{\"@id\":\"https:\\\/\\\/parkeryacht.com\\\/marine-audio-wetsounds\\\/#primaryimage\"},\"thumbnailUrl\":\"https:\\\/\\\/parkeryacht.com\\\/wp-content\\\/uploads\\\/2022\\\/07\\\/Marine-Audio.png\",\"datePublished\":\"2022-07-26T12:17:34+00:00\",\"dateModified\":\"2022-07-26T12:41:10+00:00\",\"breadcrumb\":{\"@id\":\"https:\\\/\\\/parkeryacht.com\\\/marine-audio-wetsounds\\\/#breadcrumb\"},\"inLanguage\":\"es\",\"potentialAction\":[{\"@type\":\"ReadAction\",\"target\":[\"https:\\\/\\\/parkeryacht.com\\\/marine-audio-wetsounds\\\/\"]}]},{\"@type\":\"ImageObject\",\"inLanguage\":\"es\",\"@id\":\"https:\\\/\\\/parkeryacht.com\\\/marine-audio-wetsounds\\\/#primaryimage\",\"url\":\"https:\\\/\\\/parkeryacht.com\\\/wp-content\\\/uploads\\\/2022\\\/07\\\/Marine-Audio.png\",\"contentUrl\":\"https:\\\/\\\/parkeryacht.com\\\/wp-content\\\/uploads\\\/2022\\\/07\\\/Marine-Audio.png\"},{\"@type\":\"BreadcrumbList\",\"@id\":\"https:\\\/\\\/parkeryacht.com\\\/marine-audio-wetsounds\\\/#breadcrumb\",\"itemListElement\":[{\"@type\":\"ListItem\",\"position\":1,\"name\":\"Home\",\"item\":\"https:\\\/\\\/parkeryacht.com\\\/\"},{\"@type\":\"ListItem\",\"position\":2,\"name\":\"Marine Audio &#8211; Wetsounds\"}]},{\"@type\":\"WebSite\",\"@id\":\"https:\\\/\\\/parkeryacht.com\\\/#website\",\"url\":\"https:\\\/\\\/parkeryacht.com\\\/\",\"name\":\"Parker Yacht Management | Yamaha Dealer | Yanmar Dealer | Outboard Engine &amp; Yacht Repair Services\",\"description\":\"240 SW 32nd Ct #2, Fort Lauderdale, FL 33315, United States\",\"potentialAction\":[{\"@type\":\"SearchAction\",\"target\":{\"@type\":\"EntryPoint\",\"urlTemplate\":\"https:\\\/\\\/parkeryacht.com\\\/?s={search_term_string}\"},\"query-input\":{\"@type\":\"PropertyValueSpecification\",\"valueRequired\":true,\"valueName\":\"search_term_string\"}}],\"inLanguage\":\"es\"}]}<\/script>\n<!-- \/ Yoast SEO plugin. -->","yoast_head_json":{"title":"Marine Audio - Wetsounds - Parker Yacht Management | Yamaha Dealer | Yanmar Dealer | Outboard Engine &amp; Yacht Repair Services","robots":{"index":"index","follow":"follow","max-snippet":"max-snippet:-1","max-image-preview":"max-image-preview:large","max-video-preview":"max-video-preview:-1"},"canonical":"https:\/\/parkeryacht.com\/es\/marine-audio-wetsounds\/","og_locale":"es_ES","og_type":"article","og_title":"Marine Audio - Wetsounds - Parker Yacht Management | Yamaha Dealer | Yanmar Dealer | Outboard Engine &amp; Yacht Repair Services","og_description":"Marine Audio &#8211; Wetsounds Bringing a level of performance, style, and durability unparalleled in the audio industry, Wet Sounds\u2019 marine, powersports, outdoor home, and lifestyle stereo systems and equipment provide crisp, high-quality audio that\u2019s designed to be heard in the toughest environments whether your wake surfing on the lake, catching that big one off the [&hellip;]","og_url":"https:\/\/parkeryacht.com\/es\/marine-audio-wetsounds\/","og_site_name":"Parker Yacht Management | Yamaha Dealer | Yanmar Dealer | Outboard Engine &amp; Yacht Repair Services","article_modified_time":"2022-07-26T12:41:10+00:00","og_image":[{"url":"https:\/\/parkeryacht.com\/wp-content\/uploads\/2022\/07\/Marine-Audio.png","type":"","width":"","height":""}],"twitter_card":"summary_large_image","twitter_misc":{"Est. reading time":"1 minuto"},"schema":{"@context":"https:\/\/schema.org","@graph":[{"@type":"WebPage","@id":"https:\/\/parkeryacht.com\/marine-audio-wetsounds\/","url":"https:\/\/parkeryacht.com\/marine-audio-wetsounds\/","name":"Marine Audio - Wetsounds - Parker Yacht Management | Yamaha Dealer | Yanmar Dealer | Outboard Engine &amp; Yacht Repair Services","isPartOf":{"@id":"https:\/\/parkeryacht.com\/#website"},"primaryImageOfPage":{"@id":"https:\/\/parkeryacht.com\/marine-audio-wetsounds\/#primaryimage"},"image":{"@id":"https:\/\/parkeryacht.com\/marine-audio-wetsounds\/#primaryimage"},"thumbnailUrl":"https:\/\/parkeryacht.com\/wp-content\/uploads\/2022\/07\/Marine-Audio.png","datePublished":"2022-07-26T12:17:34+00:00","dateModified":"2022-07-26T12:41:10+00:00","breadcrumb":{"@id":"https:\/\/parkeryacht.com\/marine-audio-wetsounds\/#breadcrumb"},"inLanguage":"es","potentialAction":[{"@type":"ReadAction","target":["https:\/\/parkeryacht.com\/marine-audio-wetsounds\/"]}]},{"@type":"ImageObject","inLanguage":"es","@id":"https:\/\/parkeryacht.com\/marine-audio-wetsounds\/#primaryimage","url":"https:\/\/parkeryacht.com\/wp-content\/uploads\/2022\/07\/Marine-Audio.png","contentUrl":"https:\/\/parkeryacht.com\/wp-content\/uploads\/2022\/07\/Marine-Audio.png"},{"@type":"BreadcrumbList","@id":"https:\/\/parkeryacht.com\/marine-audio-wetsounds\/#breadcrumb","itemListElement":[{"@type":"ListItem","position":1,"name":"Home","item":"https:\/\/parkeryacht.com\/"},{"@type":"ListItem","position":2,"name":"Marine Audio &#8211; Wetsounds"}]},{"@type":"WebSite","@id":"https:\/\/parkeryacht.com\/#website","url":"https:\/\/parkeryacht.com\/","name":"Parker Yacht Management | Yamaha Dealer | Yanmar Dealer | Outboard Engine &amp; Yacht Repair Services","description":"240 SW 32nd Ct #2, Fort Lauderdale, FL 33315, Estados Unidos","potentialAction":[{"@type":"SearchAction","target":{"@type":"EntryPoint","urlTemplate":"https:\/\/parkeryacht.com\/?s={search_term_string}"},"query-input":{"@type":"PropertyValueSpecification","valueRequired":true,"valueName":"search_term_string"}}],"inLanguage":"es"}]}},"_links":{"self":[{"href":"https:\/\/parkeryacht.com\/es\/wp-json\/wp\/v2\/pages\/8555","targetHints":{"allow":["GET"]}}],"collection":[{"href":"https:\/\/parkeryacht.com\/es\/wp-json\/wp\/v2\/pages"}],"about":[{"href":"https:\/\/parkeryacht.com\/es\/wp-json\/wp\/v2\/types\/page"}],"author":[{"embeddable":true,"href":"https:\/\/parkeryacht.com\/es\/wp-json\/wp\/v2\/users\/3"}],"replies":[{"embeddable":true,"href":"https:\/\/parkeryacht.com\/es\/wp-json\/wp\/v2\/comments?post=8555"}],"version-history":[{"count":0,"href":"https:\/\/parkeryacht.com\/es\/wp-json\/wp\/v2\/pages\/8555\/revisions"}],"wp:attachment":[{"href":"https:\/\/parkeryacht.com\/es\/wp-json\/wp\/v2\/media?parent=8555"}],"curies":[{"name":"wp","href":"https:\/\/api.w.org\/{rel}","templated":true}]}}