{"id":6071,"date":"2021-03-30T11:15:41","date_gmt":"2021-03-30T11:15:41","guid":{"rendered":"http:\/\/parkeryacht.com\/adverts\/"},"modified":"2021-04-02T11:16:15","modified_gmt":"2021-04-02T11:16:15","slug":"classifieds","status":"publish","type":"page","link":"https:\/\/parkeryacht.com\/es\/classifieds\/","title":{"rendered":"Clasificados"},"content":{"rendered":"<div data-elementor-type=\"wp-page\" data-elementor-id=\"6071\" class=\"elementor elementor-6071\">\n\t\t\t\t\t\t<section class=\"elementor-section elementor-top-section elementor-element elementor-element-98e09dc elementor-section-boxed elementor-section-height-default elementor-section-height-default\" data-id=\"98e09dc\" data-element_type=\"section\" data-e-type=\"section\">\n\t\t\t\t\t\t<div class=\"elementor-container elementor-column-gap-default\">\n\t\t\t\t\t<div class=\"elementor-column elementor-col-100 elementor-top-column elementor-element elementor-element-93f7579\" data-id=\"93f7579\" data-element_type=\"column\" data-e-type=\"column\">\n\t\t\t<div class=\"elementor-widget-wrap elementor-element-populated\">\n\t\t\t\t\t\t<div class=\"elementor-element elementor-element-e071e6e elementor-widget elementor-widget-heading\" data-id=\"e071e6e\" data-element_type=\"widget\" data-e-type=\"widget\" data-widget_type=\"heading.default\">\n\t\t\t\t<div class=\"elementor-widget-container\">\n\t\t\t\t\t<h2 class=\"elementor-heading-title elementor-size-default\">El yate Parker  <font color=\"#fede00\">CLASIFICADOS!<\/font> <\/h2>\t\t\t\t<\/div>\n\t\t\t\t<\/div>\n\t\t\t\t<div class=\"elementor-element elementor-element-2442bf1 elementor-widget elementor-widget-text-editor\" data-id=\"2442bf1\" data-element_type=\"widget\" data-e-type=\"widget\" data-widget_type=\"text-editor.default\">\n\t\t\t\t<div class=\"elementor-widget-container\">\n\t\t\t\t\t\t\t\t\t<p>Clasificados, especiales, fuerabordas previamente mojados, electr\u00f3nicos y otros objetos D&#039;Art asociados con la comunidad de navegaci\u00f3n que se enumeran aqu\u00ed para la venta.<\/p>\t\t\t\t\t\t\t\t<\/div>\n\t\t\t\t<\/div>\n\t\t\t\t\t<\/div>\n\t\t<\/div>\n\t\t\t\t\t<\/div>\n\t\t<\/section>\n\t\t\t\t<section class=\"elementor-section elementor-top-section elementor-element elementor-element-714ef4f elementor-section-boxed elementor-section-height-default elementor-section-height-default\" data-id=\"714ef4f\" data-element_type=\"section\" data-e-type=\"section\">\n\t\t\t\t\t\t<div class=\"elementor-container elementor-column-gap-default\">\n\t\t\t\t\t<div class=\"elementor-column elementor-col-66 elementor-top-column elementor-element elementor-element-ee87745\" data-id=\"ee87745\" data-element_type=\"column\" data-e-type=\"column\">\n\t\t\t<div class=\"elementor-widget-wrap elementor-element-populated\">\n\t\t\t\t\t\t<div class=\"elementor-element elementor-element-ca4a236 elementor-widget elementor-widget-shortcode\" data-id=\"ca4a236\" data-element_type=\"widget\" data-e-type=\"widget\" data-widget_type=\"shortcode.default\">\n\t\t\t\t<div class=\"elementor-widget-container\">\n\t\t\t\t\t\t\t<div class=\"elementor-shortcode\">\r\n\r\n<div class=\"adverts-options\">\r\n    <form action=\"\" class=\"adverts-search-form\" method=\"get\" data-trp-original-action=\"\">\r\n        \r\n                \r\n                <div class=\"adverts-search\">\r\n                        <div class=\"advert-input advert-input-type-half advert-input-type-half-left\">\r\n                                <input type=\"text\" name=\"query\" id=\"query\" placeholder=\"Palabra clave ...\"  \/>            <\/div>\r\n                        <div class=\"advert-input advert-input-type-half advert-input-type-half-right\">\r\n                                <input type=\"text\" name=\"location\" id=\"location\" placeholder=\"Ubicaci\u00f3n ...\"  \/>            <\/div>\r\n                    <\/div>\r\n                \r\n            \r\n        <div class=\"adverts-options-left adverts-js\">\r\n                        <a href=\"\/es\/wp-json\/wp\/v2\/pages\/6071?display=grid\" class=\"adverts-button-small adverts-switch-view\" title=\"Cuadr\u00edcula\"><span class=\"adverts-square-icon adverts-icon-th-large\"><\/span><\/a>\r\n            <a href=\"\/es\/wp-json\/wp\/v2\/pages\/6071?display=list\" class=\"adverts-button-small adverts-switch-view\" title=\"Lista\"><span class=\"adverts-square-icon adverts-icon-th-list\"><\/span><\/a>\r\n                        \r\n                    <\/div>\r\n\r\n        <div class=\"adverts-options-right adverts-js\">\r\n                        <a href=\"#\" class=\"adverts-form-submit adverts-button-small\">B\u00daSQUEDA <span class=\"adverts-icon-search\"><span><\/a>\r\n        <\/div>\r\n\r\n        <div class=\"adverts-options-fallback adverts-no-js\">\r\n            <input type=\"submit\" value=\"Filtrar Resultados\" \/>\r\n        <\/div>\r\n    <input type=\"hidden\" name=\"trp-form-language\" value=\"es\"\/><\/form>\r\n<\/div>\r\n\r\n<div class=\"adverts-list adverts-bg-hover\">\r\n        <div class=\"adverts-list-empty\"><em>No hay anuncios que coincidan con sus criterios de b\u00fasqueda.<\/em><\/div>\r\n        <\/div>\r\n\r\n<div class=\"adverts-pagination\">\r\n    <\/div>\r\n\r\n<\/div>\n\t\t\t\t\t\t<\/div>\n\t\t\t\t<\/div>\n\t\t\t\t\t<\/div>\n\t\t<\/div>\n\t\t\t\t<div class=\"elementor-column elementor-col-33 elementor-top-column elementor-element elementor-element-9472741\" data-id=\"9472741\" data-element_type=\"column\" data-e-type=\"column\">\n\t\t\t<div class=\"elementor-widget-wrap elementor-element-populated\">\n\t\t\t\t\t\t<div class=\"elementor-element elementor-element-dc8a0f0 advert-sidebar elementor-widget elementor-widget-sidebar\" data-id=\"dc8a0f0\" data-element_type=\"widget\" data-e-type=\"widget\" data-widget_type=\"sidebar.default\">\n\t\t\t\t<div class=\"elementor-widget-container\">\n\t\t\t\t\t<div class=\"wpadverts-widget-recent side-block widget\" id=\"wpadverts-widget-ads-3\"><h3>Anuncios recientes<\/h3>\n        <div class=\"wpjb adverts-widget adverts-widget-categories\">\n            <div class=\"adverts-grid adverts-grid-compact\">\n                            <div class=\"adverts-list-empty\"><em>No hay anuncios que coincidan con sus criterios de b\u00fasqueda.<\/em><\/div>\n                        <\/div>\n        <\/div>\n\n                <\/div><div class=\"wpadverts-widget-categories side-block widget\" id=\"wpadverts-widget-categories-3\"><h3>Categorias<\/h3>        <div class=\"wpjb adverts-widget adverts-widget-categories\">\r\n            <div class=\"adverts-grid adverts-grid-compact\">\r\n                                                <div class=\"adverts-grid-row\">\r\n                    <div class=\"adverts-col-100\">\r\n                        <span>No se encontraron categor\u00edas.<\/span>\r\n                    <\/div>\r\n                <\/div>\r\n                 \r\n            <\/div>\r\n        <\/div>\r\n        <\/div>\t\t\t\t<\/div>\n\t\t\t\t<\/div>\n\t\t\t\t\t<\/div>\n\t\t<\/div>\n\t\t\t\t\t<\/div>\n\t\t<\/section>\n\t\t\t\t<\/div>","protected":false},"excerpt":{"rendered":"<p>\u00a1El yate Parker CLASIFICADO! Clasificados, especiales, fuerabordas previamente mojados, electr\u00f3nicos y otros objetos D&#039;Art asociados con la comunidad de navegaci\u00f3n que se enumeran aqu\u00ed para la venta.<\/p>","protected":false},"author":2,"featured_media":0,"parent":0,"menu_order":0,"comment_status":"closed","ping_status":"closed","template":"","meta":{"footnotes":""},"class_list":["post-6071","page","type-page","status-publish","hentry"],"yoast_head":"<!-- This site is optimized with the Yoast SEO plugin v27.5 - https:\/\/yoast.com\/product\/yoast-seo-wordpress\/ -->\n<title>Classifieds - Parker Yacht Management | Yamaha Dealer | Yanmar Dealer | Outboard Engine &amp; Yacht Repair Services<\/title>\n<meta name=\"robots\" content=\"index, follow, max-snippet:-1, max-image-preview:large, max-video-preview:-1\" \/>\n<link rel=\"canonical\" href=\"https:\/\/parkeryacht.com\/es\/classifieds\/\" \/>\n<meta property=\"og:locale\" content=\"es_ES\" \/>\n<meta property=\"og:type\" content=\"article\" \/>\n<meta property=\"og:title\" content=\"Classifieds - Parker Yacht Management | Yamaha Dealer | Yanmar Dealer | Outboard Engine &amp; Yacht Repair Services\" \/>\n<meta property=\"og:description\" content=\"The Parker Yacht CLASSIFIEDS! Classifieds, Specials, Previously Wet Outboards, Electronics and other Objects D\u2019Art associated with the boating community listed here For Sale.\" \/>\n<meta property=\"og:url\" content=\"https:\/\/parkeryacht.com\/es\/classifieds\/\" \/>\n<meta property=\"og:site_name\" content=\"Parker Yacht Management | Yamaha Dealer | Yanmar Dealer | Outboard Engine &amp; Yacht Repair Services\" \/>\n<meta property=\"article:modified_time\" content=\"2021-04-02T11:16:15+00:00\" \/>\n<meta name=\"twitter:card\" content=\"summary_large_image\" \/>\n<meta name=\"twitter:label1\" content=\"Est. reading time\" \/>\n\t<meta name=\"twitter:data1\" content=\"1 minuto\" \/>\n<script type=\"application\/ld+json\" class=\"yoast-schema-graph\">{\"@context\":\"https:\\\/\\\/schema.org\",\"@graph\":[{\"@type\":\"WebPage\",\"@id\":\"https:\\\/\\\/parkeryacht.com\\\/classifieds\\\/\",\"url\":\"https:\\\/\\\/parkeryacht.com\\\/classifieds\\\/\",\"name\":\"Classifieds - Parker Yacht Management | Yamaha Dealer | Yanmar Dealer | Outboard Engine &amp; Yacht Repair Services\",\"isPartOf\":{\"@id\":\"https:\\\/\\\/parkeryacht.com\\\/#website\"},\"datePublished\":\"2021-03-30T11:15:41+00:00\",\"dateModified\":\"2021-04-02T11:16:15+00:00\",\"breadcrumb\":{\"@id\":\"https:\\\/\\\/parkeryacht.com\\\/classifieds\\\/#breadcrumb\"},\"inLanguage\":\"es\",\"potentialAction\":[{\"@type\":\"ReadAction\",\"target\":[\"https:\\\/\\\/parkeryacht.com\\\/classifieds\\\/\"]}]},{\"@type\":\"BreadcrumbList\",\"@id\":\"https:\\\/\\\/parkeryacht.com\\\/classifieds\\\/#breadcrumb\",\"itemListElement\":[{\"@type\":\"ListItem\",\"position\":1,\"name\":\"Home\",\"item\":\"https:\\\/\\\/parkeryacht.com\\\/\"},{\"@type\":\"ListItem\",\"position\":2,\"name\":\"Classifieds\"}]},{\"@type\":\"WebSite\",\"@id\":\"https:\\\/\\\/parkeryacht.com\\\/#website\",\"url\":\"https:\\\/\\\/parkeryacht.com\\\/\",\"name\":\"Parker Yacht Management | Yamaha Dealer | Yanmar Dealer | Outboard Engine &amp; Yacht Repair Services\",\"description\":\"240 SW 32nd Ct #2, Fort Lauderdale, FL 33315, United States\",\"potentialAction\":[{\"@type\":\"SearchAction\",\"target\":{\"@type\":\"EntryPoint\",\"urlTemplate\":\"https:\\\/\\\/parkeryacht.com\\\/?s={search_term_string}\"},\"query-input\":{\"@type\":\"PropertyValueSpecification\",\"valueRequired\":true,\"valueName\":\"search_term_string\"}}],\"inLanguage\":\"es\"}]}<\/script>\n<!-- \/ Yoast SEO plugin. -->","yoast_head_json":{"title":"Classifieds - Parker Yacht Management | Yamaha Dealer | Yanmar Dealer | Outboard Engine &amp; Yacht Repair Services","robots":{"index":"index","follow":"follow","max-snippet":"max-snippet:-1","max-image-preview":"max-image-preview:large","max-video-preview":"max-video-preview:-1"},"canonical":"https:\/\/parkeryacht.com\/es\/classifieds\/","og_locale":"es_ES","og_type":"article","og_title":"Classifieds - Parker Yacht Management | Yamaha Dealer | Yanmar Dealer | Outboard Engine &amp; Yacht Repair Services","og_description":"The Parker Yacht CLASSIFIEDS! Classifieds, Specials, Previously Wet Outboards, Electronics and other Objects D\u2019Art associated with the boating community listed here For Sale.","og_url":"https:\/\/parkeryacht.com\/es\/classifieds\/","og_site_name":"Parker Yacht Management | Yamaha Dealer | Yanmar Dealer | Outboard Engine &amp; Yacht Repair Services","article_modified_time":"2021-04-02T11:16:15+00:00","twitter_card":"summary_large_image","twitter_misc":{"Est. reading time":"1 minuto"},"schema":{"@context":"https:\/\/schema.org","@graph":[{"@type":"WebPage","@id":"https:\/\/parkeryacht.com\/classifieds\/","url":"https:\/\/parkeryacht.com\/classifieds\/","name":"Classifieds - Parker Yacht Management | Yamaha Dealer | Yanmar Dealer | Outboard Engine &amp; Yacht Repair Services","isPartOf":{"@id":"https:\/\/parkeryacht.com\/#website"},"datePublished":"2021-03-30T11:15:41+00:00","dateModified":"2021-04-02T11:16:15+00:00","breadcrumb":{"@id":"https:\/\/parkeryacht.com\/classifieds\/#breadcrumb"},"inLanguage":"es","potentialAction":[{"@type":"ReadAction","target":["https:\/\/parkeryacht.com\/classifieds\/"]}]},{"@type":"BreadcrumbList","@id":"https:\/\/parkeryacht.com\/classifieds\/#breadcrumb","itemListElement":[{"@type":"ListItem","position":1,"name":"Home","item":"https:\/\/parkeryacht.com\/"},{"@type":"ListItem","position":2,"name":"Classifieds"}]},{"@type":"WebSite","@id":"https:\/\/parkeryacht.com\/#website","url":"https:\/\/parkeryacht.com\/","name":"Parker Yacht Management | Yamaha Dealer | Yanmar Dealer | Outboard Engine &amp; Yacht Repair Services","description":"240 SW 32nd Ct #2, Fort Lauderdale, FL 33315, Estados Unidos","potentialAction":[{"@type":"SearchAction","target":{"@type":"EntryPoint","urlTemplate":"https:\/\/parkeryacht.com\/?s={search_term_string}"},"query-input":{"@type":"PropertyValueSpecification","valueRequired":true,"valueName":"search_term_string"}}],"inLanguage":"es"}]}},"_links":{"self":[{"href":"https:\/\/parkeryacht.com\/es\/wp-json\/wp\/v2\/pages\/6071","targetHints":{"allow":["GET"]}}],"collection":[{"href":"https:\/\/parkeryacht.com\/es\/wp-json\/wp\/v2\/pages"}],"about":[{"href":"https:\/\/parkeryacht.com\/es\/wp-json\/wp\/v2\/types\/page"}],"author":[{"embeddable":true,"href":"https:\/\/parkeryacht.com\/es\/wp-json\/wp\/v2\/users\/2"}],"replies":[{"embeddable":true,"href":"https:\/\/parkeryacht.com\/es\/wp-json\/wp\/v2\/comments?post=6071"}],"version-history":[{"count":0,"href":"https:\/\/parkeryacht.com\/es\/wp-json\/wp\/v2\/pages\/6071\/revisions"}],"wp:attachment":[{"href":"https:\/\/parkeryacht.com\/es\/wp-json\/wp\/v2\/media?parent=6071"}],"curies":[{"name":"wp","href":"https:\/\/api.w.org\/{rel}","templated":true}]}}