{"id":5767,"date":"2021-03-02T11:15:48","date_gmt":"2021-03-02T11:15:48","guid":{"rendered":"http:\/\/parkeryacht.com\/?page_id=5767"},"modified":"2021-03-03T12:14:08","modified_gmt":"2021-03-03T12:14:08","slug":"castoldi-repairs","status":"publish","type":"page","link":"https:\/\/parkeryacht.com\/es\/castoldi-repairs\/","title":{"rendered":"Reparaciones Castoldi"},"content":{"rendered":"<div data-elementor-type=\"wp-page\" data-elementor-id=\"5767\" class=\"elementor elementor-5767\">\n\t\t\t\t\t\t<section class=\"elementor-section elementor-top-section elementor-element elementor-element-7b574496 elementor-section-stretched elementor-section-full_width cust-marbtm0 elementor-section-height-default elementor-section-height-default\" data-id=\"7b574496\" data-element_type=\"section\" data-e-type=\"section\" data-settings=\"{&quot;stretch_section&quot;:&quot;section-stretched&quot;}\">\n\t\t\t\t\t\t<div class=\"elementor-container elementor-column-gap-no\">\n\t\t\t\t\t<div class=\"elementor-column elementor-col-100 elementor-top-column elementor-element elementor-element-617fa210\" data-id=\"617fa210\" data-element_type=\"column\" data-e-type=\"column\">\n\t\t\t<div class=\"elementor-widget-wrap elementor-element-populated\">\n\t\t\t\t\t\t<div class=\"elementor-element elementor-element-7ca112a4 cust-flx-algn-cntr elementor-widget elementor-widget-about_us_1\" data-id=\"7ca112a4\" data-element_type=\"widget\" data-e-type=\"widget\" data-widget_type=\"about_us_1.default\">\n\t\t\t\t<div class=\"elementor-widget-container\">\n\t\t\t\t\t\r\n\t\t<div class=\"block\">\r\n\t\t\t<div class=\"container no-indent\">\r\n\t\t\t\t<div class=\"wrapper-parallax-left02\">\r\n\t\t\t\t\t<div class=\"col-img\">\r\n\t\t\t\t\t\t<img fetchpriority=\"high\" decoding=\"async\" width=\"1150\" height=\"600\" src=\"https:\/\/parkeryacht.com\/wp-content\/uploads\/2021\/03\/Castoldi2.png\" class=\"attachment-full size-full\" alt=\"\" srcset=\"https:\/\/parkeryacht.com\/wp-content\/uploads\/2021\/03\/Castoldi2.png 1150w, https:\/\/parkeryacht.com\/wp-content\/uploads\/2021\/03\/Castoldi2-600x313.png 600w, https:\/\/parkeryacht.com\/wp-content\/uploads\/2021\/03\/Castoldi2-300x157.png 300w, https:\/\/parkeryacht.com\/wp-content\/uploads\/2021\/03\/Castoldi2-1024x534.png 1024w, https:\/\/parkeryacht.com\/wp-content\/uploads\/2021\/03\/Castoldi2-768x401.png 768w, https:\/\/parkeryacht.com\/wp-content\/uploads\/2021\/03\/Castoldi2-16x8.png 16w, https:\/\/parkeryacht.com\/wp-content\/uploads\/2021\/03\/Castoldi2-870x454.png 870w\" sizes=\"(max-width: 1150px) 100vw, 1150px\" \/>\t\t\t\t\t<\/div>\r\n\t\t\t\t\t<div class=\"col-description\">\r\n\t\t\t\t\t\t<div class=\"block-title text-left\">\r\n\t\t\t\t\t\t\t<h3 class=\"block-title__title\">\r\n\t\t\t\t\t\t\tCastoldi <span class=\"color\">Refacci\u00f3n<\/span> \t\t\t\t\t\t\t<\/h3>\r\n\t\t\t\t\t\t\t<div class=\"title-separator\"><\/div>\r\n\t\t\t\t\t\t<\/div>\r\n\t\t\t\t\t\t<p style=\"font-weight: 400\">Parker Yacht es un centro de reparaci\u00f3n autorizado de Castoldi.<\/p><p style=\"font-weight: 400\">Servicio, reparaci\u00f3n, restauraci\u00f3n \/ reacondicionamiento, as\u00ed como reparaci\u00f3n y mantenimiento regular de barcos y motores.<\/p><p style=\"font-weight: 400\">El departamento de servicio de Parker Yacht utiliza los \u00faltimos equipos de diagn\u00f3stico y nuestros t\u00e9cnicos de servicio est\u00e1n capacitados en Yanmar, Volvo, Castoldi Jet, Alamarine y Hamilton Jets. \u00a0<\/p>\t\t\t\t\t<\/div>\r\n\t\t\t\t<\/div>\r\n\t\t\t\t<div class=\"divider-md\"><\/div>\r\n\t\t\t\t<div class=\"row\">\r\n\t\t\t\t\t\t\t\t\t<div class=\"col-md-4\">\r\n\t\t\t\t\t\t<h6 class=\"subtitle\"><\/h6>\r\n\t\t\t\t\t\t\t\t\t\t\t<\/div>\r\n\t\t\t\t\t\t\t\t\t\t\t\t\t\t<\/div>\r\n\t\t\t<\/div>\r\n\t\t<\/div>\r\n\t\t\t\t\t\t<\/div>\n\t\t\t\t<\/div>\n\t\t\t\t\t<\/div>\n\t\t<\/div>\n\t\t\t\t\t<\/div>\n\t\t<\/section>\n\t\t\t\t<section class=\"elementor-section elementor-top-section elementor-element elementor-element-7dbcdef elementor-section-stretched elementor-section-full_width cust-marbtm0 cust-cta-section elementor-section-height-default elementor-section-height-default\" data-id=\"7dbcdef\" data-element_type=\"section\" data-e-type=\"section\" data-settings=\"{&quot;stretch_section&quot;:&quot;section-stretched&quot;,&quot;background_background&quot;:&quot;classic&quot;}\">\n\t\t\t\t\t\t<div class=\"elementor-container elementor-column-gap-default\">\n\t\t\t\t\t<div class=\"elementor-column elementor-col-100 elementor-top-column elementor-element elementor-element-187cf08\" data-id=\"187cf08\" data-element_type=\"column\" data-e-type=\"column\">\n\t\t\t<div class=\"elementor-widget-wrap elementor-element-populated\">\n\t\t\t\t\t\t<div class=\"elementor-element elementor-element-ef6f0b1 elementor-widget elementor-widget-appointment_schedule\" data-id=\"ef6f0b1\" data-element_type=\"widget\" data-e-type=\"widget\" data-widget_type=\"appointment_schedule.default\">\n\t\t\t\t<div class=\"elementor-widget-container\">\n\t\t\t\t\t\t\t\t<div class=\"block bg-custom-01 style-theme-01\">\r\n  <div class=\"section__text-background text-color02 text-center text-background__center\">\r\n\t\t\t<\/div>\r\n  <div class=\"text-center\">\r\n\t<h2 class=\"h-lg\">\u00bfNecesita una cotizaci\u00f3n o servicio? <span class=\"color\">Ll\u00e1manos o env\u00edanos un correo electr\u00f3nico<\/span><\/h2>\r\n\t<p class=\"info\">Siempre nos alegra saber de ti.<\/p>\r\n\t<h2 class=\"h-phone\"><a href=\"tel:954-463-1515\">Llame al 954-463-1515<\/a><\/h2>\r\n\t<div class=\"btn-inline\">\r\n\t\t\t\t  <a class=\"btn btn-border btn-color02 btn-wide\"\r\n\t\thref=\"https:\/\/parkeryacht.com\/es\/contacts\/\"><span>Env\u00edanos un correo electr\u00f3nico<\/span><\/a>\r\n\t  \t<\/div>\r\n  <\/div>\r\n<\/div>\r\n\r\n\t\t\t\t\t\t\t<\/div>\n\t\t\t\t<\/div>\n\t\t\t\t\t<\/div>\n\t\t<\/div>\n\t\t\t\t\t<\/div>\n\t\t<\/section>\n\t\t\t\t<\/div>","protected":false},"excerpt":{"rendered":"<p>Castoldi Repairs Parker Yacht is an Authorized Castoldi repair center. Service, repair, restoration\/re-fits as well as regular boat, engine repair and maintenance. The Parker Yacht service department utilizes the latest diagnostic equipment and our service technicians are trained in Yanmar, Volvo, Castoldi Jet, Alamarine and Hamilton Jets. \u00a0 Need a Quote or Service? Call or [&hellip;]<\/p>\n","protected":false},"author":2,"featured_media":0,"parent":0,"menu_order":0,"comment_status":"closed","ping_status":"closed","template":"","meta":{"footnotes":""},"class_list":["post-5767","page","type-page","status-publish","hentry"],"yoast_head":"<!-- This site is optimized with the Yoast SEO plugin v27.1.1 - https:\/\/yoast.com\/product\/yoast-seo-wordpress\/ -->\n<title>Castoldi Repairs - Parker Yacht Management | Yamaha Dealer | Yanmar Dealer | Outboard Engine &amp; Yacht Repair Services<\/title>\n<meta name=\"robots\" content=\"index, follow, max-snippet:-1, max-image-preview:large, max-video-preview:-1\" \/>\n<link rel=\"canonical\" href=\"https:\/\/parkeryacht.com\/es\/castoldi-repairs\/\" \/>\n<meta property=\"og:locale\" content=\"es_ES\" \/>\n<meta property=\"og:type\" content=\"article\" \/>\n<meta property=\"og:title\" content=\"Castoldi Repairs - Parker Yacht Management | Yamaha Dealer | Yanmar Dealer | Outboard Engine &amp; Yacht Repair Services\" \/>\n<meta property=\"og:description\" content=\"Castoldi Repairs Parker Yacht is an Authorized Castoldi repair center. Service, repair, restoration\/re-fits as well as regular boat, engine repair and maintenance. The Parker Yacht service department utilizes the latest diagnostic equipment and our service technicians are trained in Yanmar, Volvo, Castoldi Jet, Alamarine and Hamilton Jets. \u00a0 Need a Quote or Service? Call or [&hellip;]\" \/>\n<meta property=\"og:url\" content=\"https:\/\/parkeryacht.com\/es\/castoldi-repairs\/\" \/>\n<meta property=\"og:site_name\" content=\"Parker Yacht Management | Yamaha Dealer | Yanmar Dealer | Outboard Engine &amp; Yacht Repair Services\" \/>\n<meta property=\"article:modified_time\" content=\"2021-03-03T12:14:08+00:00\" \/>\n<meta property=\"og:image\" content=\"http:\/\/parkeryacht.com\/wp-content\/uploads\/2021\/03\/Castoldi2.png\" \/>\n<meta name=\"twitter:card\" content=\"summary_large_image\" \/>\n<meta name=\"twitter:label1\" content=\"Est. reading time\" \/>\n\t<meta name=\"twitter:data1\" content=\"1 minuto\" \/>\n<script type=\"application\/ld+json\" class=\"yoast-schema-graph\">{\"@context\":\"https:\/\/schema.org\",\"@graph\":[{\"@type\":\"WebPage\",\"@id\":\"https:\/\/parkeryacht.com\/castoldi-repairs\/\",\"url\":\"https:\/\/parkeryacht.com\/castoldi-repairs\/\",\"name\":\"Castoldi Repairs - Parker Yacht Management | Yamaha Dealer | Yanmar Dealer | Outboard Engine &amp; Yacht Repair Services\",\"isPartOf\":{\"@id\":\"https:\/\/parkeryacht.com\/#website\"},\"primaryImageOfPage\":{\"@id\":\"https:\/\/parkeryacht.com\/castoldi-repairs\/#primaryimage\"},\"image\":{\"@id\":\"https:\/\/parkeryacht.com\/castoldi-repairs\/#primaryimage\"},\"thumbnailUrl\":\"http:\/\/parkeryacht.com\/wp-content\/uploads\/2021\/03\/Castoldi2.png\",\"datePublished\":\"2021-03-02T11:15:48+00:00\",\"dateModified\":\"2021-03-03T12:14:08+00:00\",\"breadcrumb\":{\"@id\":\"https:\/\/parkeryacht.com\/castoldi-repairs\/#breadcrumb\"},\"inLanguage\":\"es\",\"potentialAction\":[{\"@type\":\"ReadAction\",\"target\":[\"https:\/\/parkeryacht.com\/castoldi-repairs\/\"]}]},{\"@type\":\"ImageObject\",\"inLanguage\":\"es\",\"@id\":\"https:\/\/parkeryacht.com\/castoldi-repairs\/#primaryimage\",\"url\":\"http:\/\/parkeryacht.com\/wp-content\/uploads\/2021\/03\/Castoldi2.png\",\"contentUrl\":\"http:\/\/parkeryacht.com\/wp-content\/uploads\/2021\/03\/Castoldi2.png\"},{\"@type\":\"BreadcrumbList\",\"@id\":\"https:\/\/parkeryacht.com\/castoldi-repairs\/#breadcrumb\",\"itemListElement\":[{\"@type\":\"ListItem\",\"position\":1,\"name\":\"Home\",\"item\":\"https:\/\/parkeryacht.com\/\"},{\"@type\":\"ListItem\",\"position\":2,\"name\":\"Castoldi Repairs\"}]},{\"@type\":\"WebSite\",\"@id\":\"https:\/\/parkeryacht.com\/#website\",\"url\":\"https:\/\/parkeryacht.com\/\",\"name\":\"Parker Yacht Management | Yamaha Dealer | Yanmar Dealer | Outboard Engine &amp; Yacht Repair Services\",\"description\":\"240 SW 32nd Ct #2, Fort Lauderdale, FL 33315, United States\",\"potentialAction\":[{\"@type\":\"SearchAction\",\"target\":{\"@type\":\"EntryPoint\",\"urlTemplate\":\"https:\/\/parkeryacht.com\/?s={search_term_string}\"},\"query-input\":{\"@type\":\"PropertyValueSpecification\",\"valueRequired\":true,\"valueName\":\"search_term_string\"}}],\"inLanguage\":\"es\"}]}<\/script>\n<!-- \/ Yoast SEO plugin. -->","yoast_head_json":{"title":"Castoldi Repairs - Parker Yacht Management | Yamaha Dealer | Yanmar Dealer | Outboard Engine &amp; Yacht Repair Services","robots":{"index":"index","follow":"follow","max-snippet":"max-snippet:-1","max-image-preview":"max-image-preview:large","max-video-preview":"max-video-preview:-1"},"canonical":"https:\/\/parkeryacht.com\/es\/castoldi-repairs\/","og_locale":"es_ES","og_type":"article","og_title":"Castoldi Repairs - Parker Yacht Management | Yamaha Dealer | Yanmar Dealer | Outboard Engine &amp; Yacht Repair Services","og_description":"Castoldi Repairs Parker Yacht is an Authorized Castoldi repair center. Service, repair, restoration\/re-fits as well as regular boat, engine repair and maintenance. The Parker Yacht service department utilizes the latest diagnostic equipment and our service technicians are trained in Yanmar, Volvo, Castoldi Jet, Alamarine and Hamilton Jets. \u00a0 Need a Quote or Service? Call or [&hellip;]","og_url":"https:\/\/parkeryacht.com\/es\/castoldi-repairs\/","og_site_name":"Parker Yacht Management | Yamaha Dealer | Yanmar Dealer | Outboard Engine &amp; Yacht Repair Services","article_modified_time":"2021-03-03T12:14:08+00:00","og_image":[{"url":"http:\/\/parkeryacht.com\/wp-content\/uploads\/2021\/03\/Castoldi2.png","type":"","width":"","height":""}],"twitter_card":"summary_large_image","twitter_misc":{"Est. reading time":"1 minuto"},"schema":{"@context":"https:\/\/schema.org","@graph":[{"@type":"WebPage","@id":"https:\/\/parkeryacht.com\/castoldi-repairs\/","url":"https:\/\/parkeryacht.com\/castoldi-repairs\/","name":"Castoldi Repairs - Parker Yacht Management | Yamaha Dealer | Yanmar Dealer | Outboard Engine &amp; Yacht Repair Services","isPartOf":{"@id":"https:\/\/parkeryacht.com\/#website"},"primaryImageOfPage":{"@id":"https:\/\/parkeryacht.com\/castoldi-repairs\/#primaryimage"},"image":{"@id":"https:\/\/parkeryacht.com\/castoldi-repairs\/#primaryimage"},"thumbnailUrl":"http:\/\/parkeryacht.com\/wp-content\/uploads\/2021\/03\/Castoldi2.png","datePublished":"2021-03-02T11:15:48+00:00","dateModified":"2021-03-03T12:14:08+00:00","breadcrumb":{"@id":"https:\/\/parkeryacht.com\/castoldi-repairs\/#breadcrumb"},"inLanguage":"es","potentialAction":[{"@type":"ReadAction","target":["https:\/\/parkeryacht.com\/castoldi-repairs\/"]}]},{"@type":"ImageObject","inLanguage":"es","@id":"https:\/\/parkeryacht.com\/castoldi-repairs\/#primaryimage","url":"http:\/\/parkeryacht.com\/wp-content\/uploads\/2021\/03\/Castoldi2.png","contentUrl":"http:\/\/parkeryacht.com\/wp-content\/uploads\/2021\/03\/Castoldi2.png"},{"@type":"BreadcrumbList","@id":"https:\/\/parkeryacht.com\/castoldi-repairs\/#breadcrumb","itemListElement":[{"@type":"ListItem","position":1,"name":"Home","item":"https:\/\/parkeryacht.com\/"},{"@type":"ListItem","position":2,"name":"Castoldi Repairs"}]},{"@type":"WebSite","@id":"https:\/\/parkeryacht.com\/#website","url":"https:\/\/parkeryacht.com\/","name":"Parker Yacht Management | Yamaha Dealer | Yanmar Dealer | Outboard Engine &amp; Yacht Repair Services","description":"240 SW 32nd Ct #2, Fort Lauderdale, FL 33315, Estados Unidos","potentialAction":[{"@type":"SearchAction","target":{"@type":"EntryPoint","urlTemplate":"https:\/\/parkeryacht.com\/?s={search_term_string}"},"query-input":{"@type":"PropertyValueSpecification","valueRequired":true,"valueName":"search_term_string"}}],"inLanguage":"es"}]}},"_links":{"self":[{"href":"https:\/\/parkeryacht.com\/es\/wp-json\/wp\/v2\/pages\/5767","targetHints":{"allow":["GET"]}}],"collection":[{"href":"https:\/\/parkeryacht.com\/es\/wp-json\/wp\/v2\/pages"}],"about":[{"href":"https:\/\/parkeryacht.com\/es\/wp-json\/wp\/v2\/types\/page"}],"author":[{"embeddable":true,"href":"https:\/\/parkeryacht.com\/es\/wp-json\/wp\/v2\/users\/2"}],"replies":[{"embeddable":true,"href":"https:\/\/parkeryacht.com\/es\/wp-json\/wp\/v2\/comments?post=5767"}],"version-history":[{"count":0,"href":"https:\/\/parkeryacht.com\/es\/wp-json\/wp\/v2\/pages\/5767\/revisions"}],"wp:attachment":[{"href":"https:\/\/parkeryacht.com\/es\/wp-json\/wp\/v2\/media?parent=5767"}],"curies":[{"name":"wp","href":"https:\/\/api.w.org\/{rel}","templated":true}]}}