{"id":5591,"date":"2021-02-24T17:21:36","date_gmt":"2021-02-24T17:21:36","guid":{"rendered":"http:\/\/massivemax.com\/?page_id=5591"},"modified":"2022-02-01T12:08:36","modified_gmt":"2022-02-01T12:08:36","slug":"outboard-engine-repairs","status":"publish","type":"page","link":"https:\/\/parkeryacht.com\/es\/outboard-engine-repairs\/","title":{"rendered":"Reparaciones de motores fuera de borda"},"content":{"rendered":"<div data-elementor-type=\"wp-page\" data-elementor-id=\"5591\" class=\"elementor elementor-5591\">\n\t\t\t\t\t\t<section class=\"elementor-section elementor-top-section elementor-element elementor-element-ca0825c elementor-section-full_width elementor-section-height-default elementor-section-height-default\" data-id=\"ca0825c\" data-element_type=\"section\" data-e-type=\"section\">\n\t\t\t\t\t\t<div class=\"elementor-container elementor-column-gap-no\">\n\t\t\t\t\t<div class=\"elementor-column elementor-col-50 elementor-top-column elementor-element elementor-element-c867c65\" data-id=\"c867c65\" data-element_type=\"column\" data-e-type=\"column\">\n\t\t\t<div class=\"elementor-widget-wrap elementor-element-populated\">\n\t\t\t\t\t\t<div class=\"elementor-element elementor-element-db91733 elementor-widget elementor-widget-image\" data-id=\"db91733\" data-element_type=\"widget\" data-e-type=\"widget\" data-widget_type=\"image.default\">\n\t\t\t\t<div class=\"elementor-widget-container\">\n\t\t\t\t\t\t\t\t\t\t\t\t\t\t\t<img fetchpriority=\"high\" decoding=\"async\" width=\"615\" height=\"501\" src=\"https:\/\/parkeryacht.com\/wp-content\/uploads\/2021\/02\/enginerep.jpg\" class=\"attachment-large size-large wp-image-5595\" alt=\"\" srcset=\"https:\/\/parkeryacht.com\/wp-content\/uploads\/2021\/02\/enginerep.jpg 615w, https:\/\/parkeryacht.com\/wp-content\/uploads\/2021\/02\/enginerep-600x489.jpg 600w, https:\/\/parkeryacht.com\/wp-content\/uploads\/2021\/02\/enginerep-300x244.jpg 300w, https:\/\/parkeryacht.com\/wp-content\/uploads\/2021\/02\/enginerep-603x491.jpg 603w\" sizes=\"(max-width: 615px) 100vw, 615px\" \/>\t\t\t\t\t\t\t\t\t\t\t\t\t\t\t<\/div>\n\t\t\t\t<\/div>\n\t\t\t\t\t<\/div>\n\t\t<\/div>\n\t\t\t\t<div class=\"elementor-column elementor-col-50 elementor-top-column elementor-element elementor-element-78eb058\" data-id=\"78eb058\" data-element_type=\"column\" data-e-type=\"column\">\n\t\t\t<div class=\"elementor-widget-wrap elementor-element-populated\">\n\t\t\t\t\t\t<div class=\"elementor-element elementor-element-ffdd2ac elementor-widget elementor-widget-heading\" data-id=\"ffdd2ac\" data-element_type=\"widget\" data-e-type=\"widget\" data-widget_type=\"heading.default\">\n\t\t\t\t<div class=\"elementor-widget-container\">\n\t\t\t\t\t<h2 class=\"elementor-heading-title elementor-size-default\">Motor fuera de borda <span class=\"color\">Refacci\u00f3n<\/span> <\/h2>\t\t\t\t<\/div>\n\t\t\t\t<\/div>\n\t\t\t\t<div class=\"elementor-element elementor-element-55a050d elementor-widget elementor-widget-text-editor\" data-id=\"55a050d\" data-element_type=\"widget\" data-e-type=\"widget\" data-widget_type=\"text-editor.default\">\n\t\t\t\t<div class=\"elementor-widget-container\">\n\t\t\t\t\t\t\t\t\t<p>Parker Yacht es un centro de reparaci\u00f3n, restauraci\u00f3n y repotenciaci\u00f3n. Hacemos de todo, desde simples cambios de motor hasta los cambios y reacondicionamientos m\u00e1s complejos, as\u00ed como reparaciones y mantenimiento regulares de embarcaciones y motores.<\/p><p>El departamento de servicio de Parker Yacht utiliza los \u00faltimos equipos de diagn\u00f3stico y nuestros t\u00e9cnicos de servicio est\u00e1n capacitados y certificados en f\u00e1brica.<\/p><p>La atenci\u00f3n al detalle es lo que nos distingue. Ofrecemos servicio al cliente personalizado, propuestas oportunas y artesan\u00eda de calidad. Nos enorgullecemos de hacer la tarea a tiempo, dentro del presupuesto y devolverla al propietario\/capit\u00e1n en perfectas condiciones.<\/p><ul type=\"disc\"><li>Reconstrucciones de la unidad inferior.<\/li><li>Extensiones de la unidad inferior.<u><\/u><u><\/u><\/li><li>Reconstrucciones de Trim \/ Tilt.<u><\/u><u><\/u><\/li><li>Reemplazo de bloque.<u><\/u><u><\/u><\/li><li>Carburadores reconstruidos.<u><\/u><u><\/u><\/li><li>Servicios HPDI.<\/li><\/ul>\t\t\t\t\t\t\t\t<\/div>\n\t\t\t\t<\/div>\n\t\t\t\t\t<\/div>\n\t\t<\/div>\n\t\t\t\t\t<\/div>\n\t\t<\/section>\n\t\t\t\t<section class=\"elementor-section elementor-top-section elementor-element elementor-element-d4e5f57 elementor-section-stretched elementor-section-full_width cust-marbtm0 cust-cta-section elementor-section-height-default elementor-section-height-default\" data-id=\"d4e5f57\" data-element_type=\"section\" data-e-type=\"section\" data-settings=\"{&quot;stretch_section&quot;:&quot;section-stretched&quot;,&quot;background_background&quot;:&quot;classic&quot;}\">\n\t\t\t\t\t\t<div class=\"elementor-container elementor-column-gap-default\">\n\t\t\t\t\t<div class=\"elementor-column elementor-col-100 elementor-top-column elementor-element elementor-element-234cf3c\" data-id=\"234cf3c\" data-element_type=\"column\" data-e-type=\"column\">\n\t\t\t<div class=\"elementor-widget-wrap elementor-element-populated\">\n\t\t\t\t\t\t<div class=\"elementor-element elementor-element-7b95b91 elementor-widget elementor-widget-appointment_schedule\" data-id=\"7b95b91\" data-element_type=\"widget\" data-e-type=\"widget\" data-widget_type=\"appointment_schedule.default\">\n\t\t\t\t<div class=\"elementor-widget-container\">\n\t\t\t\t\t\t\t\t<div class=\"block bg-custom-01 style-theme-01\">\r\n  <div class=\"section__text-background text-color02 text-center text-background__center\">\r\n\t\t\t<\/div>\r\n  <div class=\"text-center\">\r\n\t<h2 class=\"h-lg\">\u00bfNecesita una cotizaci\u00f3n o servicio? <span class=\"color\">Ll\u00e1manos o env\u00edanos un correo electr\u00f3nico<\/span><\/h2>\r\n\t<p class=\"info\">Siempre nos alegra saber de ti.<\/p>\r\n\t<h2 class=\"h-phone\"><a href=\"tel:954-463-1515\">Llame al 954-463-1515<\/a><\/h2>\r\n\t<div class=\"btn-inline\">\r\n\t\t\t\t  <a class=\"btn btn-border btn-color02 btn-wide\"\r\n\t\thref=\"https:\/\/parkeryacht.com\/es\/contacts\/\"><span>Env\u00edanos un correo electr\u00f3nico<\/span><\/a>\r\n\t  \t<\/div>\r\n  <\/div>\r\n<\/div>\r\n\r\n\t\t\t\t\t\t\t<\/div>\n\t\t\t\t<\/div>\n\t\t\t\t\t<\/div>\n\t\t<\/div>\n\t\t\t\t\t<\/div>\n\t\t<\/section>\n\t\t\t\t<\/div>","protected":false},"excerpt":{"rendered":"<p>Outboard Engine Repairs Parker Yacht is a repair, restoration, and re-power center. We do everything from simple engine swap-outs to the most complex changeovers and re-fits as well as regular boat and engine repair and maintenance. The Parker Yacht service department utilizes the latest diagnostic equipment and our service technicians are factory-trained and certified. Attention [&hellip;]<\/p>\n","protected":false},"author":2,"featured_media":0,"parent":0,"menu_order":0,"comment_status":"closed","ping_status":"closed","template":"","meta":{"footnotes":""},"class_list":["post-5591","page","type-page","status-publish","hentry"],"yoast_head":"<!-- This site is optimized with the Yoast SEO plugin v27.4 - https:\/\/yoast.com\/product\/yoast-seo-wordpress\/ -->\n<title>Outboard Engine Repairs - Parker Yacht Management | Yamaha Dealer | Yanmar Dealer | Outboard Engine &amp; Yacht Repair Services<\/title>\n<meta name=\"robots\" content=\"index, follow, max-snippet:-1, max-image-preview:large, max-video-preview:-1\" \/>\n<link rel=\"canonical\" href=\"https:\/\/parkeryacht.com\/es\/outboard-engine-repairs\/\" \/>\n<meta property=\"og:locale\" content=\"es_ES\" \/>\n<meta property=\"og:type\" content=\"article\" \/>\n<meta property=\"og:title\" content=\"Outboard Engine Repairs - Parker Yacht Management | Yamaha Dealer | Yanmar Dealer | Outboard Engine &amp; Yacht Repair Services\" \/>\n<meta property=\"og:description\" content=\"Outboard Engine Repairs Parker Yacht is a repair, restoration, and re-power center. We do everything from simple engine swap-outs to the most complex changeovers and re-fits as well as regular boat and engine repair and maintenance. The Parker Yacht service department utilizes the latest diagnostic equipment and our service technicians are factory-trained and certified. Attention [&hellip;]\" \/>\n<meta property=\"og:url\" content=\"https:\/\/parkeryacht.com\/es\/outboard-engine-repairs\/\" \/>\n<meta property=\"og:site_name\" content=\"Parker Yacht Management | Yamaha Dealer | Yanmar Dealer | Outboard Engine &amp; Yacht Repair Services\" \/>\n<meta property=\"article:modified_time\" content=\"2022-02-01T12:08:36+00:00\" \/>\n<meta property=\"og:image\" content=\"http:\/\/parkeryacht.com\/wp-content\/uploads\/2021\/02\/enginerep.jpg\" \/>\n<meta name=\"twitter:card\" content=\"summary_large_image\" \/>\n<meta name=\"twitter:label1\" content=\"Est. reading time\" \/>\n\t<meta name=\"twitter:data1\" content=\"1 minuto\" \/>\n<script type=\"application\/ld+json\" class=\"yoast-schema-graph\">{\"@context\":\"https:\\\/\\\/schema.org\",\"@graph\":[{\"@type\":\"WebPage\",\"@id\":\"https:\\\/\\\/parkeryacht.com\\\/outboard-engine-repairs\\\/\",\"url\":\"https:\\\/\\\/parkeryacht.com\\\/outboard-engine-repairs\\\/\",\"name\":\"Outboard Engine Repairs - Parker Yacht Management | Yamaha Dealer | Yanmar Dealer | Outboard Engine &amp; Yacht Repair Services\",\"isPartOf\":{\"@id\":\"https:\\\/\\\/parkeryacht.com\\\/#website\"},\"primaryImageOfPage\":{\"@id\":\"https:\\\/\\\/parkeryacht.com\\\/outboard-engine-repairs\\\/#primaryimage\"},\"image\":{\"@id\":\"https:\\\/\\\/parkeryacht.com\\\/outboard-engine-repairs\\\/#primaryimage\"},\"thumbnailUrl\":\"http:\\\/\\\/parkeryacht.com\\\/wp-content\\\/uploads\\\/2021\\\/02\\\/enginerep.jpg\",\"datePublished\":\"2021-02-24T17:21:36+00:00\",\"dateModified\":\"2022-02-01T12:08:36+00:00\",\"breadcrumb\":{\"@id\":\"https:\\\/\\\/parkeryacht.com\\\/outboard-engine-repairs\\\/#breadcrumb\"},\"inLanguage\":\"es\",\"potentialAction\":[{\"@type\":\"ReadAction\",\"target\":[\"https:\\\/\\\/parkeryacht.com\\\/outboard-engine-repairs\\\/\"]}]},{\"@type\":\"ImageObject\",\"inLanguage\":\"es\",\"@id\":\"https:\\\/\\\/parkeryacht.com\\\/outboard-engine-repairs\\\/#primaryimage\",\"url\":\"http:\\\/\\\/parkeryacht.com\\\/wp-content\\\/uploads\\\/2021\\\/02\\\/enginerep.jpg\",\"contentUrl\":\"http:\\\/\\\/parkeryacht.com\\\/wp-content\\\/uploads\\\/2021\\\/02\\\/enginerep.jpg\"},{\"@type\":\"BreadcrumbList\",\"@id\":\"https:\\\/\\\/parkeryacht.com\\\/outboard-engine-repairs\\\/#breadcrumb\",\"itemListElement\":[{\"@type\":\"ListItem\",\"position\":1,\"name\":\"Home\",\"item\":\"https:\\\/\\\/parkeryacht.com\\\/\"},{\"@type\":\"ListItem\",\"position\":2,\"name\":\"Outboard Engine Repairs\"}]},{\"@type\":\"WebSite\",\"@id\":\"https:\\\/\\\/parkeryacht.com\\\/#website\",\"url\":\"https:\\\/\\\/parkeryacht.com\\\/\",\"name\":\"Parker Yacht Management | Yamaha Dealer | Yanmar Dealer | Outboard Engine &amp; Yacht Repair Services\",\"description\":\"240 SW 32nd Ct #2, Fort Lauderdale, FL 33315, United States\",\"potentialAction\":[{\"@type\":\"SearchAction\",\"target\":{\"@type\":\"EntryPoint\",\"urlTemplate\":\"https:\\\/\\\/parkeryacht.com\\\/?s={search_term_string}\"},\"query-input\":{\"@type\":\"PropertyValueSpecification\",\"valueRequired\":true,\"valueName\":\"search_term_string\"}}],\"inLanguage\":\"es\"}]}<\/script>\n<!-- \/ Yoast SEO plugin. -->","yoast_head_json":{"title":"Outboard Engine Repairs - Parker Yacht Management | Yamaha Dealer | Yanmar Dealer | Outboard Engine &amp; Yacht Repair Services","robots":{"index":"index","follow":"follow","max-snippet":"max-snippet:-1","max-image-preview":"max-image-preview:large","max-video-preview":"max-video-preview:-1"},"canonical":"https:\/\/parkeryacht.com\/es\/outboard-engine-repairs\/","og_locale":"es_ES","og_type":"article","og_title":"Outboard Engine Repairs - Parker Yacht Management | Yamaha Dealer | Yanmar Dealer | Outboard Engine &amp; Yacht Repair Services","og_description":"Outboard Engine Repairs Parker Yacht is a repair, restoration, and re-power center. We do everything from simple engine swap-outs to the most complex changeovers and re-fits as well as regular boat and engine repair and maintenance. The Parker Yacht service department utilizes the latest diagnostic equipment and our service technicians are factory-trained and certified. Attention [&hellip;]","og_url":"https:\/\/parkeryacht.com\/es\/outboard-engine-repairs\/","og_site_name":"Parker Yacht Management | Yamaha Dealer | Yanmar Dealer | Outboard Engine &amp; Yacht Repair Services","article_modified_time":"2022-02-01T12:08:36+00:00","og_image":[{"url":"http:\/\/parkeryacht.com\/wp-content\/uploads\/2021\/02\/enginerep.jpg","type":"","width":"","height":""}],"twitter_card":"summary_large_image","twitter_misc":{"Est. reading time":"1 minuto"},"schema":{"@context":"https:\/\/schema.org","@graph":[{"@type":"WebPage","@id":"https:\/\/parkeryacht.com\/outboard-engine-repairs\/","url":"https:\/\/parkeryacht.com\/outboard-engine-repairs\/","name":"Outboard Engine Repairs - Parker Yacht Management | Yamaha Dealer | Yanmar Dealer | Outboard Engine &amp; Yacht Repair Services","isPartOf":{"@id":"https:\/\/parkeryacht.com\/#website"},"primaryImageOfPage":{"@id":"https:\/\/parkeryacht.com\/outboard-engine-repairs\/#primaryimage"},"image":{"@id":"https:\/\/parkeryacht.com\/outboard-engine-repairs\/#primaryimage"},"thumbnailUrl":"http:\/\/parkeryacht.com\/wp-content\/uploads\/2021\/02\/enginerep.jpg","datePublished":"2021-02-24T17:21:36+00:00","dateModified":"2022-02-01T12:08:36+00:00","breadcrumb":{"@id":"https:\/\/parkeryacht.com\/outboard-engine-repairs\/#breadcrumb"},"inLanguage":"es","potentialAction":[{"@type":"ReadAction","target":["https:\/\/parkeryacht.com\/outboard-engine-repairs\/"]}]},{"@type":"ImageObject","inLanguage":"es","@id":"https:\/\/parkeryacht.com\/outboard-engine-repairs\/#primaryimage","url":"http:\/\/parkeryacht.com\/wp-content\/uploads\/2021\/02\/enginerep.jpg","contentUrl":"http:\/\/parkeryacht.com\/wp-content\/uploads\/2021\/02\/enginerep.jpg"},{"@type":"BreadcrumbList","@id":"https:\/\/parkeryacht.com\/outboard-engine-repairs\/#breadcrumb","itemListElement":[{"@type":"ListItem","position":1,"name":"Home","item":"https:\/\/parkeryacht.com\/"},{"@type":"ListItem","position":2,"name":"Outboard Engine Repairs"}]},{"@type":"WebSite","@id":"https:\/\/parkeryacht.com\/#website","url":"https:\/\/parkeryacht.com\/","name":"Parker Yacht Management | Yamaha Dealer | Yanmar Dealer | Outboard Engine &amp; Yacht Repair Services","description":"240 SW 32nd Ct #2, Fort Lauderdale, FL 33315, Estados Unidos","potentialAction":[{"@type":"SearchAction","target":{"@type":"EntryPoint","urlTemplate":"https:\/\/parkeryacht.com\/?s={search_term_string}"},"query-input":{"@type":"PropertyValueSpecification","valueRequired":true,"valueName":"search_term_string"}}],"inLanguage":"es"}]}},"_links":{"self":[{"href":"https:\/\/parkeryacht.com\/es\/wp-json\/wp\/v2\/pages\/5591","targetHints":{"allow":["GET"]}}],"collection":[{"href":"https:\/\/parkeryacht.com\/es\/wp-json\/wp\/v2\/pages"}],"about":[{"href":"https:\/\/parkeryacht.com\/es\/wp-json\/wp\/v2\/types\/page"}],"author":[{"embeddable":true,"href":"https:\/\/parkeryacht.com\/es\/wp-json\/wp\/v2\/users\/2"}],"replies":[{"embeddable":true,"href":"https:\/\/parkeryacht.com\/es\/wp-json\/wp\/v2\/comments?post=5591"}],"version-history":[{"count":0,"href":"https:\/\/parkeryacht.com\/es\/wp-json\/wp\/v2\/pages\/5591\/revisions"}],"wp:attachment":[{"href":"https:\/\/parkeryacht.com\/es\/wp-json\/wp\/v2\/media?parent=5591"}],"curies":[{"name":"wp","href":"https:\/\/api.w.org\/{rel}","templated":true}]}}