{"id":4752,"date":"2021-02-19T10:37:18","date_gmt":"2021-02-19T10:37:18","guid":{"rendered":"http:\/\/massivemax.com\/?page_id=4752"},"modified":"2021-03-03T13:00:28","modified_gmt":"2021-03-03T13:00:28","slug":"yamaha-helm-master-ex","status":"publish","type":"page","link":"https:\/\/parkeryacht.com\/es\/yamaha-helm-master-ex\/","title":{"rendered":"Yamaha Helm Master EX"},"content":{"rendered":"<div data-elementor-type=\"wp-page\" data-elementor-id=\"4752\" class=\"elementor elementor-4752\">\n\t\t\t\t\t\t<section class=\"elementor-section elementor-top-section elementor-element elementor-element-d73980e elementor-section-stretched elementor-section-full_width cust-marbtm20 elementor-section-height-default elementor-section-height-default\" data-id=\"d73980e\" data-element_type=\"section\" data-e-type=\"section\" data-settings=\"{&quot;stretch_section&quot;:&quot;section-stretched&quot;}\">\n\t\t\t\t\t\t<div class=\"elementor-container elementor-column-gap-no\">\n\t\t\t\t\t<div class=\"elementor-column elementor-col-100 elementor-top-column elementor-element elementor-element-8f2b9e6\" data-id=\"8f2b9e6\" data-element_type=\"column\" data-e-type=\"column\">\n\t\t\t<div class=\"elementor-widget-wrap elementor-element-populated\">\n\t\t\t\t\t\t<div class=\"elementor-element elementor-element-971bbd9 elementor-widget elementor-widget-about_us_1\" data-id=\"971bbd9\" data-element_type=\"widget\" data-e-type=\"widget\" data-widget_type=\"about_us_1.default\">\n\t\t\t\t<div class=\"elementor-widget-container\">\n\t\t\t\t\t\r\n\t\t<div class=\"block\">\r\n\t\t\t<div class=\"container no-indent\">\r\n\t\t\t\t<div class=\"wrapper-parallax-left02\">\r\n\t\t\t\t\t<div class=\"col-img\">\r\n\t\t\t\t\t\t<img fetchpriority=\"high\" decoding=\"async\" width=\"615\" height=\"501\" src=\"https:\/\/parkeryacht.com\/wp-content\/uploads\/2021\/02\/helm1-img.jpg\" class=\"attachment-full size-full\" alt=\"\" srcset=\"https:\/\/parkeryacht.com\/wp-content\/uploads\/2021\/02\/helm1-img.jpg 615w, https:\/\/parkeryacht.com\/wp-content\/uploads\/2021\/02\/helm1-img-600x489.jpg 600w, https:\/\/parkeryacht.com\/wp-content\/uploads\/2021\/02\/helm1-img-300x244.jpg 300w, https:\/\/parkeryacht.com\/wp-content\/uploads\/2021\/02\/helm1-img-603x491.jpg 603w\" sizes=\"(max-width: 615px) 100vw, 615px\" \/>\t\t\t\t\t<\/div>\r\n\t\t\t\t\t<div class=\"col-description\">\r\n\t\t\t\t\t\t<div class=\"block-title text-left\">\r\n\t\t\t\t\t\t\t<h3 class=\"block-title__title\">\r\n\t\t\t\t\t\t\tControl de precisi\u00f3n con <span class=\"color\">Yamaha Helm Master EX<\/span> \t\t\t\t\t\t\t<\/h3>\r\n\t\t\t\t\t\t\t<div class=\"title-separator\"><\/div>\r\n\t\t\t\t\t\t<\/div>\r\n\t\t\t\t\t\t<p><span style=\"font-weight: 400\">El sistema de control de embarcaciones integrado de pr\u00f3xima generaci\u00f3n de Yamaha, Helm Master EX, ofrece a los navegantes una operaci\u00f3n personalizable con m\u00e1s facilidad y conveniencia que nunca. Disponible para aplicaciones individuales o cu\u00e1druples, Helm Master EX ofrece el m\u00e1ximo control de la embarcaci\u00f3n y pescabilidad a una variedad m\u00e1s amplia de navegantes.<\/span><\/p>\t\t\t\t\t<\/div>\r\n\t\t\t\t<\/div>\r\n\t\t\t\t<div class=\"divider-md\"><\/div>\r\n\t\t\t\t<div class=\"row\">\r\n\t\t\t\t\t\t\t\t\t<div class=\"col-md-4\">\r\n\t\t\t\t\t\t<h6 class=\"subtitle\"><\/h6>\r\n\t\t\t\t\t\t\t\t\t\t\t<\/div>\r\n\t\t\t\t\t\t\t\t\t\t\t\t\t\t<\/div>\r\n\t\t\t<\/div>\r\n\t\t<\/div>\r\n\t\t\t\t\t\t<\/div>\n\t\t\t\t<\/div>\n\t\t\t\t\t<\/div>\n\t\t<\/div>\n\t\t\t\t\t<\/div>\n\t\t<\/section>\n\t\t\t\t<section class=\"elementor-section elementor-top-section elementor-element elementor-element-4b9de6e elementor-section-full_width elementor-section-height-default elementor-section-height-default\" data-id=\"4b9de6e\" data-element_type=\"section\" data-e-type=\"section\">\n\t\t\t\t\t\t<div class=\"elementor-container elementor-column-gap-no\">\n\t\t\t\t\t<div class=\"elementor-column elementor-col-100 elementor-top-column elementor-element elementor-element-12eb257\" data-id=\"12eb257\" data-element_type=\"column\" data-e-type=\"column\" data-settings=\"{&quot;background_background&quot;:&quot;classic&quot;}\">\n\t\t\t<div class=\"elementor-widget-wrap elementor-element-populated\">\n\t\t\t\t\t\t<div class=\"elementor-element elementor-element-9c028b8 elementor-widget elementor-widget-image\" data-id=\"9c028b8\" data-element_type=\"widget\" data-e-type=\"widget\" data-widget_type=\"image.default\">\n\t\t\t\t<div class=\"elementor-widget-container\">\n\t\t\t\t\t\t\t\t\t\t\t\t\t\t\t<img decoding=\"async\" width=\"960\" height=\"660\" src=\"https:\/\/parkeryacht.com\/wp-content\/uploads\/2021\/02\/helm2-img.jpg\" class=\"attachment-full size-full wp-image-4758\" alt=\"\" srcset=\"https:\/\/parkeryacht.com\/wp-content\/uploads\/2021\/02\/helm2-img.jpg 960w, https:\/\/parkeryacht.com\/wp-content\/uploads\/2021\/02\/helm2-img-600x413.jpg 600w, https:\/\/parkeryacht.com\/wp-content\/uploads\/2021\/02\/helm2-img-300x206.jpg 300w, https:\/\/parkeryacht.com\/wp-content\/uploads\/2021\/02\/helm2-img-768x528.jpg 768w, https:\/\/parkeryacht.com\/wp-content\/uploads\/2021\/02\/helm2-img-714x491.jpg 714w\" sizes=\"(max-width: 960px) 100vw, 960px\" \/>\t\t\t\t\t\t\t\t\t\t\t\t\t\t\t<\/div>\n\t\t\t\t<\/div>\n\t\t\t\t<div class=\"elementor-element elementor-element-a680c0c elementor-widget elementor-widget-heading\" data-id=\"a680c0c\" data-element_type=\"widget\" data-e-type=\"widget\" data-widget_type=\"heading.default\">\n\t\t\t\t<div class=\"elementor-widget-container\">\n\t\t\t\t\t<h2 class=\"elementor-heading-title elementor-size-default\">MANIOBRABILIDAD AVANZADA A BAJA VELOCIDAD<\/h2>\t\t\t\t<\/div>\n\t\t\t\t<\/div>\n\t\t\t\t<div class=\"elementor-element elementor-element-325b317 cust-p-marbtm0 elementor-widget elementor-widget-text-editor\" data-id=\"325b317\" data-element_type=\"widget\" data-e-type=\"widget\" data-widget_type=\"text-editor.default\">\n\t\t\t\t<div class=\"elementor-widget-container\">\n\t\t\t\t\t\t\t\t\t<p><span style=\"font-weight: 400;\">Un joystick completamente nuevo presenta un estilo moderno, una sensaci\u00f3n premium y una ergonom\u00eda \u00f3ptima, a la vez que proporciona cambios m\u00e1s suaves y botones de funci\u00f3n \u00fanica para una operaci\u00f3n intuitiva. El joystick Helm Master EX tambi\u00e9n permite el ajuste fino del piloto autom\u00e1tico y los ajustes de posicionamiento dentro de SetPoint\u00ae, sin salir del modo individual.<\/span><\/p>\t\t\t\t\t\t\t\t<\/div>\n\t\t\t\t<\/div>\n\t\t\t\t<div class=\"elementor-element elementor-element-a5195f3 elementor-widget elementor-widget-heading\" data-id=\"a5195f3\" data-element_type=\"widget\" data-e-type=\"widget\" data-widget_type=\"heading.default\">\n\t\t\t\t<div class=\"elementor-widget-container\">\n\t\t\t\t\t<h2 class=\"elementor-heading-title elementor-size-default\">CONVENIENCIA DE UN SOLO TOQUE<\/h2>\t\t\t\t<\/div>\n\t\t\t\t<\/div>\n\t\t\t\t<div class=\"elementor-element elementor-element-da357dd cust-p-marbtm0 elementor-widget elementor-widget-text-editor\" data-id=\"da357dd\" data-element_type=\"widget\" data-e-type=\"widget\" data-widget_type=\"text-editor.default\">\n\t\t\t\t<div class=\"elementor-widget-container\">\n\t\t\t\t\t\t\t\t\t<p><span style=\"font-weight: 400;\">El nuevo piloto autom\u00e1tico de Yamaha ofrece una serie de comodidades y beneficios para el cliente. Incluye un peque\u00f1o panel en la consola, un sensor de rumbo debajo de la consola, una antena sobre el barco y una unidad de control. El piloto autom\u00e1tico de Yamaha proporciona muchas funciones pr\u00e1cticas para el control y la operaci\u00f3n de la embarcaci\u00f3n, y sirve como puerta de entrada a nuevas funciones y beneficios.<\/span><\/p>\t\t\t\t\t\t\t\t<\/div>\n\t\t\t\t<\/div>\n\t\t\t\t<div class=\"elementor-element elementor-element-ea7d0f9 elementor-widget elementor-widget-heading\" data-id=\"ea7d0f9\" data-element_type=\"widget\" data-e-type=\"widget\" data-widget_type=\"heading.default\">\n\t\t\t\t<div class=\"elementor-widget-container\">\n\t\t\t\t\t<h2 class=\"elementor-heading-title elementor-size-default\">MAYOR CONTROL DE BUQUES<\/h2>\t\t\t\t<\/div>\n\t\t\t\t<\/div>\n\t\t\t\t<div class=\"elementor-element elementor-element-caeda0b cust-p-marbtm0 elementor-widget elementor-widget-text-editor\" data-id=\"caeda0b\" data-element_type=\"widget\" data-e-type=\"widget\" data-widget_type=\"text-editor.default\">\n\t\t\t\t<div class=\"elementor-widget-container\">\n\t\t\t\t\t\t\t\t\t<p><span style=\"font-weight: 400;\">La direcci\u00f3n el\u00e9ctrica digital (DES) de Yamaha ahora se puede agregar a la mayor\u00eda de los motores fueraborda controlados por DEC de Yamaha para instalaciones de uno a cuatro. Dado que no existen bombas de direcci\u00f3n, mangueras o cableado convencionales, DES ofrece una sentina limpia y m\u00e1s espaciosa. Tampoco hay v\u00e1lvulas, mangueras o unidades de control, y no es necesario llenar, purgar, sangrar o limpiar el fluido resultante de estos. A los navegantes tambi\u00e9n les encantar\u00e1 la acci\u00f3n suave y precisa.<\/span><span style=\"font-weight: 400;\"><br \/><\/span><\/p>\t\t\t\t\t\t\t\t<\/div>\n\t\t\t\t<\/div>\n\t\t\t\t<div class=\"elementor-element elementor-element-6c0b2fc elementor-widget elementor-widget-heading\" data-id=\"6c0b2fc\" data-element_type=\"widget\" data-e-type=\"widget\" data-widget_type=\"heading.default\">\n\t\t\t\t<div class=\"elementor-widget-container\">\n\t\t\t\t\t<h2 class=\"elementor-heading-title elementor-size-default\">GREAT FEEL &amp; PRECISION<\/h2>\t\t\t\t<\/div>\n\t\t\t\t<\/div>\n\t\t\t\t<div class=\"elementor-element elementor-element-7594e51 cust-p-marbtm0 elementor-widget elementor-widget-text-editor\" data-id=\"7594e51\" data-element_type=\"widget\" data-e-type=\"widget\" data-widget_type=\"text-editor.default\">\n\t\t\t\t<div class=\"elementor-widget-container\">\n\t\t\t\t\t\t\t\t\t<p><span style=\"font-weight: 400;\">Las cajas de control DEC se han redise\u00f1ado con una nueva apariencia elegante, mayor comodidad ergon\u00f3mica y nuevas capacidades. El usuario puede acceder a las funciones con botones individuales. El nuevo control Helm Master EX est\u00e1 disponible para los navegantes que no quieran el conjunto completo de capacidades de Helm Master EX.<\/span><\/p>\t\t\t\t\t\t\t\t<\/div>\n\t\t\t\t<\/div>\n\t\t\t\t<div class=\"elementor-element elementor-element-e51b302 elementor-widget elementor-widget-heading\" data-id=\"e51b302\" data-element_type=\"widget\" data-e-type=\"widget\" data-widget_type=\"heading.default\">\n\t\t\t\t<div class=\"elementor-widget-container\">\n\t\t\t\t\t<h2 class=\"elementor-heading-title elementor-size-default\">DISE\u00d1O DELGADO DE BOTONES<\/h2>\t\t\t\t<\/div>\n\t\t\t\t<\/div>\n\t\t\t\t<div class=\"elementor-element elementor-element-bfe2e23 cust-p-marbtm0 elementor-widget elementor-widget-text-editor\" data-id=\"bfe2e23\" data-element_type=\"widget\" data-e-type=\"widget\" data-widget_type=\"text-editor.default\">\n\t\t\t\t<div class=\"elementor-widget-container\">\n\t\t\t\t\t\t\t\t\t<p><span style=\"font-weight: 400;\">Los paneles de interruptores retroiluminados completamente nuevos ahorran espacio cr\u00edtico en el tablero, dejando espacio para m\u00e1s equipos. El aspecto moderno de los paneles tambi\u00e9n puede contribuir al atractivo est\u00e9tico de la consola.<\/span><\/p>\t\t\t\t\t\t\t\t<\/div>\n\t\t\t\t<\/div>\n\t\t\t\t<div class=\"elementor-element elementor-element-77d7dae elementor-widget elementor-widget-heading\" data-id=\"77d7dae\" data-element_type=\"widget\" data-e-type=\"widget\" data-widget_type=\"heading.default\">\n\t\t\t\t<div class=\"elementor-widget-container\">\n\t\t\t\t\t<h2 class=\"elementor-heading-title elementor-size-default\">ENCENDIDO SIN LLAVE<\/h2>\t\t\t\t<\/div>\n\t\t\t\t<\/div>\n\t\t\t\t<div class=\"elementor-element elementor-element-d06f7c3 cust-p-marbtm0 elementor-widget elementor-widget-text-editor\" data-id=\"d06f7c3\" data-element_type=\"widget\" data-e-type=\"widget\" data-widget_type=\"text-editor.default\">\n\t\t\t\t<div class=\"elementor-widget-container\">\n\t\t\t\t\t\t\t\t\t<p><span style=\"font-weight: 400;\">Un llavero inal\u00e1mbrico flotante (bot\u00f3n pulsador) permite el uso de paneles de encendido con bot\u00f3n pulsador de arranque \/ parada sin llave. Tambi\u00e9n sirve como dispositivo de encendido \/ apagado para la funcionalidad antirrobo Y-COP\u00ae, lo que permite el encendido y el sistema de inyecci\u00f3n de combustible de los fuerabordas. Un receptor inal\u00e1mbrico montado debajo del tablero se conecta autom\u00e1ticamente con el llavero para permitir el arranque con un solo toque mientras est\u00e1 al tim\u00f3n. El llavero puede desbloquear \/ bloquear manualmente el encendido desde una distancia de hasta 15 pies.<\/span><span style=\"font-weight: 400;\"><br \/><\/span><\/p>\t\t\t\t\t\t\t\t<\/div>\n\t\t\t\t<\/div>\n\t\t\t\t<div class=\"elementor-element elementor-element-8e124b3 elementor-widget elementor-widget-heading\" data-id=\"8e124b3\" data-element_type=\"widget\" data-e-type=\"widget\" data-widget_type=\"heading.default\">\n\t\t\t\t<div class=\"elementor-widget-container\">\n\t\t\t\t\t<h2 class=\"elementor-heading-title elementor-size-default\">CONTROL DE APLICACI\u00d3N ESPEC\u00cdFICO DE SU BARCO<\/h2>\t\t\t\t<\/div>\n\t\t\t\t<\/div>\n\t\t\t\t<div class=\"elementor-element elementor-element-a93a286 cust-p-marbtm0 elementor-widget elementor-widget-text-editor\" data-id=\"a93a286\" data-element_type=\"widget\" data-e-type=\"widget\" data-widget_type=\"text-editor.default\">\n\t\t\t\t<div class=\"elementor-widget-container\">\n\t\t\t\t\t\t\t\t\t<p><span id=\"docs-internal-guid-d864e563-7fff-ff6b-d821-4e7549486694\"><span style=\"font-size: 11pt; font-family: Arial; color: #000000; font-variant-numeric: normal; font-variant-east-asian: normal; vertical-align: baseline; white-space: pre-wrap;\">Pesque directamente debajo del bote, espere a que se abra un puente o mantenga la posici\u00f3n en un muelle de combustible, f\u00e1cilmente, con SetPoint\u00ae. La suite SetPoint para Helm Master EX incluye los modos FishPoint\u00ae, DriftPoint\u00ae, DriftPoint\u00ae Track y StayPoint\u00ae, que le permiten bloquear autom\u00e1ticamente su posici\u00f3n, rumbo con deriva natural, rumbo mientras deriva a lo largo de una ruta, o tanto la posici\u00f3n como el rumbo.<\/span><\/span><\/p>\t\t\t\t\t\t\t\t<\/div>\n\t\t\t\t<\/div>\n\t\t\t\t\t<\/div>\n\t\t<\/div>\n\t\t\t\t\t<\/div>\n\t\t<\/section>\n\t\t\t\t<section class=\"elementor-section elementor-top-section elementor-element elementor-element-fb9966b elementor-section-stretched elementor-section-full_width cust-marbtm0 cust-cta-section elementor-section-height-default elementor-section-height-default\" data-id=\"fb9966b\" data-element_type=\"section\" data-e-type=\"section\" data-settings=\"{&quot;stretch_section&quot;:&quot;section-stretched&quot;,&quot;background_background&quot;:&quot;classic&quot;}\">\n\t\t\t\t\t\t<div class=\"elementor-container elementor-column-gap-default\">\n\t\t\t\t\t<div class=\"elementor-column elementor-col-100 elementor-top-column elementor-element elementor-element-a8610c8\" data-id=\"a8610c8\" data-element_type=\"column\" data-e-type=\"column\">\n\t\t\t<div class=\"elementor-widget-wrap elementor-element-populated\">\n\t\t\t\t\t\t<div class=\"elementor-element elementor-element-7d9d245 elementor-widget elementor-widget-appointment_schedule\" data-id=\"7d9d245\" data-element_type=\"widget\" data-e-type=\"widget\" data-widget_type=\"appointment_schedule.default\">\n\t\t\t\t<div class=\"elementor-widget-container\">\n\t\t\t\t\t\t\t\t<div class=\"block bg-custom-01 style-theme-01\">\r\n  <div class=\"section__text-background text-color02 text-center text-background__center\">\r\n\t\t\t<\/div>\r\n  <div class=\"text-center\">\r\n\t<h2 class=\"h-lg\">\u00bfNecesita una cotizaci\u00f3n o servicio? <span class=\"color\">Ll\u00e1manos o env\u00edanos un correo electr\u00f3nico<\/span><\/h2>\r\n\t<p class=\"info\">Siempre nos alegra saber de ti.<\/p>\r\n\t<h2 class=\"h-phone\"><a href=\"tel:954-463-1515\">Llame al 954-463-1515<\/a><\/h2>\r\n\t<div class=\"btn-inline\">\r\n\t\t\t\t  <a class=\"btn btn-border btn-color02 btn-wide\"\r\n\t\thref=\"https:\/\/parkeryacht.com\/es\/contacts\/\"><span>Env\u00edanos un correo electr\u00f3nico<\/span><\/a>\r\n\t  \t<\/div>\r\n  <\/div>\r\n<\/div>\r\n\r\n\t\t\t\t\t\t\t<\/div>\n\t\t\t\t<\/div>\n\t\t\t\t\t<\/div>\n\t\t<\/div>\n\t\t\t\t\t<\/div>\n\t\t<\/section>\n\t\t\t\t<\/div>","protected":false},"excerpt":{"rendered":"<p>Precision Control with Yamaha Helm Master EX Yamaha\u2019s next-generation integrated boat control system, Helm Master EX offers boaters customizable operation with more ease and convenience than ever before. Available for single through quad applications, Helm Master EX brings ultimate boat control and fishability to a wider variety of boaters. ADVANCED LOW-SPEED MANOEUVRABILITY An all-new joystick [&hellip;]<\/p>\n","protected":false},"author":3,"featured_media":0,"parent":0,"menu_order":0,"comment_status":"closed","ping_status":"closed","template":"","meta":{"footnotes":""},"class_list":["post-4752","page","type-page","status-publish","hentry"],"yoast_head":"<!-- This site is optimized with the Yoast SEO plugin v27.4 - https:\/\/yoast.com\/product\/yoast-seo-wordpress\/ -->\n<title>Yamaha Helm Master EX - Parker Yacht Management | Yamaha Dealer | Yanmar Dealer | Outboard Engine &amp; Yacht Repair Services<\/title>\n<meta name=\"robots\" content=\"index, follow, max-snippet:-1, max-image-preview:large, max-video-preview:-1\" \/>\n<link rel=\"canonical\" href=\"https:\/\/parkeryacht.com\/es\/yamaha-helm-master-ex\/\" \/>\n<meta property=\"og:locale\" content=\"es_ES\" \/>\n<meta property=\"og:type\" content=\"article\" \/>\n<meta property=\"og:title\" content=\"Yamaha Helm Master EX - Parker Yacht Management | Yamaha Dealer | Yanmar Dealer | Outboard Engine &amp; Yacht Repair Services\" \/>\n<meta property=\"og:description\" content=\"Precision Control with Yamaha Helm Master EX Yamaha\u2019s next-generation integrated boat control system, Helm Master EX offers boaters customizable operation with more ease and convenience than ever before. Available for single through quad applications, Helm Master EX brings ultimate boat control and fishability to a wider variety of boaters. ADVANCED LOW-SPEED MANOEUVRABILITY An all-new joystick [&hellip;]\" \/>\n<meta property=\"og:url\" content=\"https:\/\/parkeryacht.com\/es\/yamaha-helm-master-ex\/\" \/>\n<meta property=\"og:site_name\" content=\"Parker Yacht Management | Yamaha Dealer | Yanmar Dealer | Outboard Engine &amp; Yacht Repair Services\" \/>\n<meta property=\"article:modified_time\" content=\"2021-03-03T13:00:28+00:00\" \/>\n<meta property=\"og:image\" content=\"http:\/\/parkeryacht.com\/wp-content\/uploads\/2021\/02\/helm1-img.jpg\" \/>\n<meta name=\"twitter:card\" content=\"summary_large_image\" \/>\n<meta name=\"twitter:label1\" content=\"Est. reading time\" \/>\n\t<meta name=\"twitter:data1\" content=\"3 minutos\" \/>\n<script type=\"application\/ld+json\" class=\"yoast-schema-graph\">{\"@context\":\"https:\\\/\\\/schema.org\",\"@graph\":[{\"@type\":\"WebPage\",\"@id\":\"https:\\\/\\\/parkeryacht.com\\\/yamaha-helm-master-ex\\\/\",\"url\":\"https:\\\/\\\/parkeryacht.com\\\/yamaha-helm-master-ex\\\/\",\"name\":\"Yamaha Helm Master EX - Parker Yacht Management | Yamaha Dealer | Yanmar Dealer | Outboard Engine &amp; Yacht Repair Services\",\"isPartOf\":{\"@id\":\"https:\\\/\\\/parkeryacht.com\\\/#website\"},\"primaryImageOfPage\":{\"@id\":\"https:\\\/\\\/parkeryacht.com\\\/yamaha-helm-master-ex\\\/#primaryimage\"},\"image\":{\"@id\":\"https:\\\/\\\/parkeryacht.com\\\/yamaha-helm-master-ex\\\/#primaryimage\"},\"thumbnailUrl\":\"http:\\\/\\\/parkeryacht.com\\\/wp-content\\\/uploads\\\/2021\\\/02\\\/helm1-img.jpg\",\"datePublished\":\"2021-02-19T10:37:18+00:00\",\"dateModified\":\"2021-03-03T13:00:28+00:00\",\"breadcrumb\":{\"@id\":\"https:\\\/\\\/parkeryacht.com\\\/yamaha-helm-master-ex\\\/#breadcrumb\"},\"inLanguage\":\"es\",\"potentialAction\":[{\"@type\":\"ReadAction\",\"target\":[\"https:\\\/\\\/parkeryacht.com\\\/yamaha-helm-master-ex\\\/\"]}]},{\"@type\":\"ImageObject\",\"inLanguage\":\"es\",\"@id\":\"https:\\\/\\\/parkeryacht.com\\\/yamaha-helm-master-ex\\\/#primaryimage\",\"url\":\"http:\\\/\\\/parkeryacht.com\\\/wp-content\\\/uploads\\\/2021\\\/02\\\/helm1-img.jpg\",\"contentUrl\":\"http:\\\/\\\/parkeryacht.com\\\/wp-content\\\/uploads\\\/2021\\\/02\\\/helm1-img.jpg\"},{\"@type\":\"BreadcrumbList\",\"@id\":\"https:\\\/\\\/parkeryacht.com\\\/yamaha-helm-master-ex\\\/#breadcrumb\",\"itemListElement\":[{\"@type\":\"ListItem\",\"position\":1,\"name\":\"Home\",\"item\":\"https:\\\/\\\/parkeryacht.com\\\/\"},{\"@type\":\"ListItem\",\"position\":2,\"name\":\"Yamaha Helm Master EX\"}]},{\"@type\":\"WebSite\",\"@id\":\"https:\\\/\\\/parkeryacht.com\\\/#website\",\"url\":\"https:\\\/\\\/parkeryacht.com\\\/\",\"name\":\"Parker Yacht Management | Yamaha Dealer | Yanmar Dealer | Outboard Engine &amp; Yacht Repair Services\",\"description\":\"240 SW 32nd Ct #2, Fort Lauderdale, FL 33315, United States\",\"potentialAction\":[{\"@type\":\"SearchAction\",\"target\":{\"@type\":\"EntryPoint\",\"urlTemplate\":\"https:\\\/\\\/parkeryacht.com\\\/?s={search_term_string}\"},\"query-input\":{\"@type\":\"PropertyValueSpecification\",\"valueRequired\":true,\"valueName\":\"search_term_string\"}}],\"inLanguage\":\"es\"}]}<\/script>\n<!-- \/ Yoast SEO plugin. -->","yoast_head_json":{"title":"Yamaha Helm Master EX - Parker Yacht Management | Yamaha Dealer | Yanmar Dealer | Outboard Engine &amp; Yacht Repair Services","robots":{"index":"index","follow":"follow","max-snippet":"max-snippet:-1","max-image-preview":"max-image-preview:large","max-video-preview":"max-video-preview:-1"},"canonical":"https:\/\/parkeryacht.com\/es\/yamaha-helm-master-ex\/","og_locale":"es_ES","og_type":"article","og_title":"Yamaha Helm Master EX - Parker Yacht Management | Yamaha Dealer | Yanmar Dealer | Outboard Engine &amp; Yacht Repair Services","og_description":"Precision Control with Yamaha Helm Master EX Yamaha\u2019s next-generation integrated boat control system, Helm Master EX offers boaters customizable operation with more ease and convenience than ever before. Available for single through quad applications, Helm Master EX brings ultimate boat control and fishability to a wider variety of boaters. ADVANCED LOW-SPEED MANOEUVRABILITY An all-new joystick [&hellip;]","og_url":"https:\/\/parkeryacht.com\/es\/yamaha-helm-master-ex\/","og_site_name":"Parker Yacht Management | Yamaha Dealer | Yanmar Dealer | Outboard Engine &amp; Yacht Repair Services","article_modified_time":"2021-03-03T13:00:28+00:00","og_image":[{"url":"http:\/\/parkeryacht.com\/wp-content\/uploads\/2021\/02\/helm1-img.jpg","type":"","width":"","height":""}],"twitter_card":"summary_large_image","twitter_misc":{"Est. reading time":"3 minutos"},"schema":{"@context":"https:\/\/schema.org","@graph":[{"@type":"WebPage","@id":"https:\/\/parkeryacht.com\/yamaha-helm-master-ex\/","url":"https:\/\/parkeryacht.com\/yamaha-helm-master-ex\/","name":"Yamaha Helm Master EX - Parker Yacht Management | Yamaha Dealer | Yanmar Dealer | Outboard Engine &amp; Yacht Repair Services","isPartOf":{"@id":"https:\/\/parkeryacht.com\/#website"},"primaryImageOfPage":{"@id":"https:\/\/parkeryacht.com\/yamaha-helm-master-ex\/#primaryimage"},"image":{"@id":"https:\/\/parkeryacht.com\/yamaha-helm-master-ex\/#primaryimage"},"thumbnailUrl":"http:\/\/parkeryacht.com\/wp-content\/uploads\/2021\/02\/helm1-img.jpg","datePublished":"2021-02-19T10:37:18+00:00","dateModified":"2021-03-03T13:00:28+00:00","breadcrumb":{"@id":"https:\/\/parkeryacht.com\/yamaha-helm-master-ex\/#breadcrumb"},"inLanguage":"es","potentialAction":[{"@type":"ReadAction","target":["https:\/\/parkeryacht.com\/yamaha-helm-master-ex\/"]}]},{"@type":"ImageObject","inLanguage":"es","@id":"https:\/\/parkeryacht.com\/yamaha-helm-master-ex\/#primaryimage","url":"http:\/\/parkeryacht.com\/wp-content\/uploads\/2021\/02\/helm1-img.jpg","contentUrl":"http:\/\/parkeryacht.com\/wp-content\/uploads\/2021\/02\/helm1-img.jpg"},{"@type":"BreadcrumbList","@id":"https:\/\/parkeryacht.com\/yamaha-helm-master-ex\/#breadcrumb","itemListElement":[{"@type":"ListItem","position":1,"name":"Home","item":"https:\/\/parkeryacht.com\/"},{"@type":"ListItem","position":2,"name":"Yamaha Helm Master EX"}]},{"@type":"WebSite","@id":"https:\/\/parkeryacht.com\/#website","url":"https:\/\/parkeryacht.com\/","name":"Parker Yacht Management | Yamaha Dealer | Yanmar Dealer | Outboard Engine &amp; Yacht Repair Services","description":"240 SW 32nd Ct #2, Fort Lauderdale, FL 33315, Estados Unidos","potentialAction":[{"@type":"SearchAction","target":{"@type":"EntryPoint","urlTemplate":"https:\/\/parkeryacht.com\/?s={search_term_string}"},"query-input":{"@type":"PropertyValueSpecification","valueRequired":true,"valueName":"search_term_string"}}],"inLanguage":"es"}]}},"_links":{"self":[{"href":"https:\/\/parkeryacht.com\/es\/wp-json\/wp\/v2\/pages\/4752","targetHints":{"allow":["GET"]}}],"collection":[{"href":"https:\/\/parkeryacht.com\/es\/wp-json\/wp\/v2\/pages"}],"about":[{"href":"https:\/\/parkeryacht.com\/es\/wp-json\/wp\/v2\/types\/page"}],"author":[{"embeddable":true,"href":"https:\/\/parkeryacht.com\/es\/wp-json\/wp\/v2\/users\/3"}],"replies":[{"embeddable":true,"href":"https:\/\/parkeryacht.com\/es\/wp-json\/wp\/v2\/comments?post=4752"}],"version-history":[{"count":0,"href":"https:\/\/parkeryacht.com\/es\/wp-json\/wp\/v2\/pages\/4752\/revisions"}],"wp:attachment":[{"href":"https:\/\/parkeryacht.com\/es\/wp-json\/wp\/v2\/media?parent=4752"}],"curies":[{"name":"wp","href":"https:\/\/api.w.org\/{rel}","templated":true}]}}