{"id":4137,"date":"2021-02-18T06:32:27","date_gmt":"2021-02-18T06:32:27","guid":{"rendered":"http:\/\/massivemax.com\/?page_id=4137"},"modified":"2021-03-24T17:30:17","modified_gmt":"2021-03-24T17:30:17","slug":"towpro","status":"publish","type":"page","link":"https:\/\/parkeryacht.com\/es\/towpro\/","title":{"rendered":"TowPro"},"content":{"rendered":"<div data-elementor-type=\"wp-page\" data-elementor-id=\"4137\" class=\"elementor elementor-4137\">\n\t\t\t\t\t\t<section class=\"elementor-section elementor-top-section elementor-element elementor-element-7b574496 elementor-section-stretched elementor-section-full_width cust-marbtm0 elementor-section-height-default elementor-section-height-default\" data-id=\"7b574496\" data-element_type=\"section\" data-e-type=\"section\" data-settings=\"{&quot;stretch_section&quot;:&quot;section-stretched&quot;}\">\n\t\t\t\t\t\t<div class=\"elementor-container elementor-column-gap-no\">\n\t\t\t\t\t<div class=\"elementor-column elementor-col-100 elementor-top-column elementor-element elementor-element-617fa210\" data-id=\"617fa210\" data-element_type=\"column\" data-e-type=\"column\">\n\t\t\t<div class=\"elementor-widget-wrap elementor-element-populated\">\n\t\t\t\t\t\t<div class=\"elementor-element elementor-element-7ca112a4 cust-flx-algn-cntr elementor-widget elementor-widget-about_us_1\" data-id=\"7ca112a4\" data-element_type=\"widget\" data-e-type=\"widget\" data-widget_type=\"about_us_1.default\">\n\t\t\t\t<div class=\"elementor-widget-container\">\n\t\t\t\t\t\r\n\t\t<div class=\"block\">\r\n\t\t\t<div class=\"container no-indent\">\r\n\t\t\t\t<div class=\"wrapper-parallax-left02\">\r\n\t\t\t\t\t<div class=\"col-img\">\r\n\t\t\t\t\t\t<img fetchpriority=\"high\" decoding=\"async\" width=\"1150\" height=\"600\" src=\"https:\/\/parkeryacht.com\/wp-content\/uploads\/2021\/02\/TowProtable-bnr.jpg\" class=\"attachment-full size-full\" alt=\"\" srcset=\"https:\/\/parkeryacht.com\/wp-content\/uploads\/2021\/02\/TowProtable-bnr.jpg 1150w, https:\/\/parkeryacht.com\/wp-content\/uploads\/2021\/02\/TowProtable-bnr-600x313.jpg 600w, https:\/\/parkeryacht.com\/wp-content\/uploads\/2021\/02\/TowProtable-bnr-300x157.jpg 300w, https:\/\/parkeryacht.com\/wp-content\/uploads\/2021\/02\/TowProtable-bnr-1024x534.jpg 1024w, https:\/\/parkeryacht.com\/wp-content\/uploads\/2021\/02\/TowProtable-bnr-768x401.jpg 768w, https:\/\/parkeryacht.com\/wp-content\/uploads\/2021\/02\/TowProtable-bnr-870x454.jpg 870w\" sizes=\"(max-width: 1150px) 100vw, 1150px\" \/>\t\t\t\t\t<\/div>\r\n\t\t\t\t\t<div class=\"col-description\">\r\n\t\t\t\t\t\t<div class=\"block-title text-left\">\r\n\t\t\t\t\t\t\t<h3 class=\"block-title__title\">\r\n\t\t\t\t\t\t\tRemolque seguro con <span class=\"color\">TowPro\u00ae<\/span> \t\t\t\t\t\t\t<\/h3>\r\n\t\t\t\t\t\t\t<div class=\"title-separator\"><\/div>\r\n\t\t\t\t\t\t<\/div>\r\n\t\t\t\t\t\t<p>TowPro es una nueva e innovadora gama de productos de protecci\u00f3n de remolque, desarrollada espec\u00edficamente para ayudar al Capit\u00e1n a minimizar los riesgos al remolcar.<\/p><p>Remolcar una licitaci\u00f3n conlleva un riesgo inevitable de p\u00e9rdida: costos potencialmente acumulativos para las aseguradoras y los propietarios, decepci\u00f3n para los hu\u00e9spedes y planificaci\u00f3n adicional para los capitanes.<\/p>\t\t\t\t\t<\/div>\r\n\t\t\t\t<\/div>\r\n\t\t\t\t<div class=\"divider-md\"><\/div>\r\n\t\t\t\t<div class=\"row\">\r\n\t\t\t\t\t\t\t\t\t<div class=\"col-md-4\">\r\n\t\t\t\t\t\t<h6 class=\"subtitle\"><\/h6>\r\n\t\t\t\t\t\t\t\t\t\t\t<\/div>\r\n\t\t\t\t\t\t\t\t\t\t\t\t\t\t<\/div>\r\n\t\t\t<\/div>\r\n\t\t<\/div>\r\n\t\t\t\t\t\t<\/div>\n\t\t\t\t<\/div>\n\t\t\t\t\t<\/div>\n\t\t<\/div>\n\t\t\t\t\t<\/div>\n\t\t<\/section>\n\t\t\t\t<section class=\"elementor-section elementor-top-section elementor-element elementor-element-e882e95 elementor-section-full_width elementor-section-height-default elementor-section-height-default\" data-id=\"e882e95\" data-element_type=\"section\" data-e-type=\"section\">\n\t\t\t\t\t\t<div class=\"elementor-container elementor-column-gap-no\">\n\t\t\t\t\t<div class=\"elementor-column elementor-col-100 elementor-top-column elementor-element elementor-element-1f3eec1\" data-id=\"1f3eec1\" data-element_type=\"column\" data-e-type=\"column\">\n\t\t\t<div class=\"elementor-widget-wrap elementor-element-populated\">\n\t\t\t\t\t\t<div class=\"elementor-element elementor-element-ac8eaf8 elementor-widget elementor-widget-image\" data-id=\"ac8eaf8\" data-element_type=\"widget\" data-e-type=\"widget\" data-widget_type=\"image.default\">\n\t\t\t\t<div class=\"elementor-widget-container\">\n\t\t\t\t\t\t\t\t\t\t\t\t\t\t\t<img decoding=\"async\" width=\"1134\" height=\"594\" src=\"https:\/\/parkeryacht.com\/wp-content\/uploads\/2021\/03\/twopro3.jpg\" class=\"attachment-full size-full wp-image-6059\" alt=\"\" srcset=\"https:\/\/parkeryacht.com\/wp-content\/uploads\/2021\/03\/twopro3.jpg 1134w, https:\/\/parkeryacht.com\/wp-content\/uploads\/2021\/03\/twopro3-600x314.jpg 600w, https:\/\/parkeryacht.com\/wp-content\/uploads\/2021\/03\/twopro3-300x157.jpg 300w, https:\/\/parkeryacht.com\/wp-content\/uploads\/2021\/03\/twopro3-1024x536.jpg 1024w, https:\/\/parkeryacht.com\/wp-content\/uploads\/2021\/03\/twopro3-768x402.jpg 768w, https:\/\/parkeryacht.com\/wp-content\/uploads\/2021\/03\/twopro3-16x8.jpg 16w, https:\/\/parkeryacht.com\/wp-content\/uploads\/2021\/03\/twopro3-870x456.jpg 870w\" sizes=\"(max-width: 1134px) 100vw, 1134px\" \/>\t\t\t\t\t\t\t\t\t\t\t\t\t\t\t<\/div>\n\t\t\t\t<\/div>\n\t\t\t\t<div class=\"elementor-element elementor-element-bd56a1a cust-p-marbtm0 elementor-widget elementor-widget-text-editor\" data-id=\"bd56a1a\" data-element_type=\"widget\" data-e-type=\"widget\" data-widget_type=\"text-editor.default\">\n\t\t\t\t<div class=\"elementor-widget-container\">\n\t\t\t\t\t\t\t\t\t<p>Para cumplir con su pol\u00edtica, los capitanes deben producir un plan de remolque que muestre c\u00f3mo proteger\u00e1n su remolque. Las aseguradoras luego usan esto para determinar los niveles de restricci\u00f3n de cobertura mientras remolcan.<\/p>\t\t\t\t\t\t\t\t<\/div>\n\t\t\t\t<\/div>\n\t\t\t\t<div class=\"elementor-element elementor-element-7506d05 elementor-icon-list--layout-traditional elementor-list-item-link-full_width elementor-widget elementor-widget-icon-list\" data-id=\"7506d05\" data-element_type=\"widget\" data-e-type=\"widget\" data-widget_type=\"icon-list.default\">\n\t\t\t\t<div class=\"elementor-widget-container\">\n\t\t\t\t\t\t\t<ul class=\"elementor-icon-list-items\">\n\t\t\t\t\t\t\t<li class=\"elementor-icon-list-item\">\n\t\t\t\t\t\t\t\t\t\t\t<span class=\"elementor-icon-list-icon\">\n\t\t\t\t\t\t\t<i aria-hidden=\"true\" class=\"icon-arrow-right\"><\/i>\t\t\t\t\t\t<\/span>\n\t\t\t\t\t\t\t\t\t\t<span class=\"elementor-icon-list-text\">TowPro minimiza el riesgo de p\u00e9rdida<\/span>\n\t\t\t\t\t\t\t\t\t<\/li>\n\t\t\t\t\t\t\t\t<li class=\"elementor-icon-list-item\">\n\t\t\t\t\t\t\t\t\t\t\t<span class=\"elementor-icon-list-icon\">\n\t\t\t\t\t\t\t<i aria-hidden=\"true\" class=\"icon-arrow-right\"><\/i>\t\t\t\t\t\t<\/span>\n\t\t\t\t\t\t\t\t\t\t<span class=\"elementor-icon-list-text\">TowPro es simple de instalar y f\u00e1cil de usar<\/span>\n\t\t\t\t\t\t\t\t\t<\/li>\n\t\t\t\t\t\t\t\t<li class=\"elementor-icon-list-item\">\n\t\t\t\t\t\t\t\t\t\t\t<span class=\"elementor-icon-list-icon\">\n\t\t\t\t\t\t\t<i aria-hidden=\"true\" class=\"icon-arrow-right\"><\/i>\t\t\t\t\t\t<\/span>\n\t\t\t\t\t\t\t\t\t\t<span class=\"elementor-icon-list-text\">TowPro es recomendado por aseguradoras l\u00edderes<\/span>\n\t\t\t\t\t\t\t\t\t<\/li>\n\t\t\t\t\t\t\t\t<li class=\"elementor-icon-list-item\">\n\t\t\t\t\t\t\t\t\t\t\t<span class=\"elementor-icon-list-icon\">\n\t\t\t\t\t\t\t<i aria-hidden=\"true\" class=\"icon-arrow-right\"><\/i>\t\t\t\t\t\t<\/span>\n\t\t\t\t\t\t\t\t\t\t<span class=\"elementor-icon-list-text\">TowPro: cumple con las regulaciones IMO y SOLAS al remolcar<\/span>\n\t\t\t\t\t\t\t\t\t<\/li>\n\t\t\t\t\t\t<\/ul>\n\t\t\t\t\t\t<\/div>\n\t\t\t\t<\/div>\n\t\t\t\t\t<\/div>\n\t\t<\/div>\n\t\t\t\t\t<\/div>\n\t\t<\/section>\n\t\t\t\t<section class=\"elementor-section elementor-top-section elementor-element elementor-element-5d11834 elementor-section-boxed elementor-section-height-default elementor-section-height-default\" data-id=\"5d11834\" data-element_type=\"section\" data-e-type=\"section\">\n\t\t\t\t\t\t<div class=\"elementor-container elementor-column-gap-no\">\n\t\t\t\t\t<div class=\"elementor-column elementor-col-100 elementor-top-column elementor-element elementor-element-434d007\" data-id=\"434d007\" data-element_type=\"column\" data-e-type=\"column\">\n\t\t\t<div class=\"elementor-widget-wrap elementor-element-populated\">\n\t\t\t\t\t\t<div class=\"elementor-element elementor-element-7e6ff95 elementor-widget elementor-widget-heading\" data-id=\"7e6ff95\" data-element_type=\"widget\" data-e-type=\"widget\" data-widget_type=\"heading.default\">\n\t\t\t\t<div class=\"elementor-widget-container\">\n\t\t\t\t\t<h2 class=\"elementor-heading-title elementor-size-default\">Simple to install &amp; use<\/h2>\t\t\t\t<\/div>\n\t\t\t\t<\/div>\n\t\t\t\t<div class=\"elementor-element elementor-element-1d919de elementor-widget elementor-widget-text-editor\" data-id=\"1d919de\" data-element_type=\"widget\" data-e-type=\"widget\" data-widget_type=\"text-editor.default\">\n\t\t\t\t<div class=\"elementor-widget-container\">\n\t\t\t\t\t\t\t\t\tTowPro es un dispositivo de comunicaci\u00f3n y detecci\u00f3n electr\u00f3nica compacto y f\u00e1cil de instalar, que entrega la informaci\u00f3n correcta a los capitanes en el momento adecuado para minimizar el riesgo de p\u00e9rdida.\t\t\t\t\t\t\t\t<\/div>\n\t\t\t\t<\/div>\n\t\t\t\t<div class=\"elementor-element elementor-element-3ada34b elementor-widget elementor-widget-html\" data-id=\"3ada34b\" data-element_type=\"widget\" data-e-type=\"widget\" data-widget_type=\"html.default\">\n\t\t\t\t<div class=\"elementor-widget-container\">\n\t\t\t\t\t<p class=\"cust-btn cust-btn-center\"><a class=\"btn btn-border btn-invert\" href=\"https:\/\/parkeryacht.com\/wp-content\/uploads\/2021\/TowPro-Brochure.pdf\" target=\"_blank\"><em>Descargar el folleto de TowPro<\/em><\/a><\/p>\t\t\t\t<\/div>\n\t\t\t\t<\/div>\n\t\t\t\t\t<\/div>\n\t\t<\/div>\n\t\t\t\t\t<\/div>\n\t\t<\/section>\n\t\t\t\t<section class=\"elementor-section elementor-top-section elementor-element elementor-element-7dbcdef elementor-section-stretched elementor-section-full_width cust-marbtm0 cust-cta-section elementor-section-height-default elementor-section-height-default\" data-id=\"7dbcdef\" data-element_type=\"section\" data-e-type=\"section\" data-settings=\"{&quot;stretch_section&quot;:&quot;section-stretched&quot;,&quot;background_background&quot;:&quot;classic&quot;}\">\n\t\t\t\t\t\t<div class=\"elementor-container elementor-column-gap-default\">\n\t\t\t\t\t<div class=\"elementor-column elementor-col-100 elementor-top-column elementor-element elementor-element-187cf08\" data-id=\"187cf08\" data-element_type=\"column\" data-e-type=\"column\">\n\t\t\t<div class=\"elementor-widget-wrap elementor-element-populated\">\n\t\t\t\t\t\t<div class=\"elementor-element elementor-element-ef6f0b1 elementor-widget elementor-widget-appointment_schedule\" data-id=\"ef6f0b1\" data-element_type=\"widget\" data-e-type=\"widget\" data-widget_type=\"appointment_schedule.default\">\n\t\t\t\t<div class=\"elementor-widget-container\">\n\t\t\t\t\t\t\t\t<div class=\"block bg-custom-01 style-theme-01\">\r\n  <div class=\"section__text-background text-color02 text-center text-background__center\">\r\n\t\t\t<\/div>\r\n  <div class=\"text-center\">\r\n\t<h2 class=\"h-lg\">\u00bfNecesita una cotizaci\u00f3n o servicio? <span class=\"color\">Ll\u00e1manos o env\u00edanos un correo electr\u00f3nico<\/span><\/h2>\r\n\t<p class=\"info\">Siempre nos alegra saber de ti.<\/p>\r\n\t<h2 class=\"h-phone\"><a href=\"tel:954-463-1515\">Llame al 954-463-1515<\/a><\/h2>\r\n\t<div class=\"btn-inline\">\r\n\t\t\t\t  <a class=\"btn btn-border btn-color02 btn-wide\"\r\n\t\thref=\"https:\/\/parkeryacht.com\/es\/contacts\/\"><span>Env\u00edanos un correo electr\u00f3nico<\/span><\/a>\r\n\t  \t<\/div>\r\n  <\/div>\r\n<\/div>\r\n\r\n\t\t\t\t\t\t\t<\/div>\n\t\t\t\t<\/div>\n\t\t\t\t\t<\/div>\n\t\t<\/div>\n\t\t\t\t\t<\/div>\n\t\t<\/section>\n\t\t\t\t<\/div>","protected":false},"excerpt":{"rendered":"<p>Safe Towing with TowPro\u00ae TowPro is an innovative new range of tow protection products, developed specifically to help a Captain minimise risks when towing. Towing a tender carries inevitable risk of loss: potentially amassing costs for Insurers and owners, disappointment for guests, and additional planning for Captains. To comply with their policy, Captains are required [&hellip;]<\/p>\n","protected":false},"author":3,"featured_media":0,"parent":0,"menu_order":0,"comment_status":"closed","ping_status":"closed","template":"","meta":{"footnotes":""},"class_list":["post-4137","page","type-page","status-publish","hentry"],"yoast_head":"<!-- This site is optimized with the Yoast SEO plugin v27.4 - https:\/\/yoast.com\/product\/yoast-seo-wordpress\/ -->\n<title>TowPro - Parker Yacht Management | Yamaha Dealer | Yanmar Dealer | Outboard Engine &amp; Yacht Repair Services<\/title>\n<meta name=\"robots\" content=\"index, follow, max-snippet:-1, max-image-preview:large, max-video-preview:-1\" \/>\n<link rel=\"canonical\" href=\"https:\/\/parkeryacht.com\/es\/towpro\/\" \/>\n<meta property=\"og:locale\" content=\"es_ES\" \/>\n<meta property=\"og:type\" content=\"article\" \/>\n<meta property=\"og:title\" content=\"TowPro - Parker Yacht Management | Yamaha Dealer | Yanmar Dealer | Outboard Engine &amp; Yacht Repair Services\" \/>\n<meta property=\"og:description\" content=\"Safe Towing with TowPro\u00ae TowPro is an innovative new range of tow protection products, developed specifically to help a Captain minimise risks when towing. Towing a tender carries inevitable risk of loss: potentially amassing costs for Insurers and owners, disappointment for guests, and additional planning for Captains. To comply with their policy, Captains are required [&hellip;]\" \/>\n<meta property=\"og:url\" content=\"https:\/\/parkeryacht.com\/es\/towpro\/\" \/>\n<meta property=\"og:site_name\" content=\"Parker Yacht Management | Yamaha Dealer | Yanmar Dealer | Outboard Engine &amp; Yacht Repair Services\" \/>\n<meta property=\"article:modified_time\" content=\"2021-03-24T17:30:17+00:00\" \/>\n<meta property=\"og:image\" content=\"http:\/\/parkeryacht.com\/wp-content\/uploads\/2021\/02\/TowProtable-bnr.jpg\" \/>\n<meta name=\"twitter:card\" content=\"summary_large_image\" \/>\n<meta name=\"twitter:label1\" content=\"Est. reading time\" \/>\n\t<meta name=\"twitter:data1\" content=\"2 minutos\" \/>\n<script type=\"application\/ld+json\" class=\"yoast-schema-graph\">{\"@context\":\"https:\\\/\\\/schema.org\",\"@graph\":[{\"@type\":\"WebPage\",\"@id\":\"https:\\\/\\\/parkeryacht.com\\\/towpro\\\/\",\"url\":\"https:\\\/\\\/parkeryacht.com\\\/towpro\\\/\",\"name\":\"TowPro - Parker Yacht Management | Yamaha Dealer | Yanmar Dealer | Outboard Engine &amp; Yacht Repair Services\",\"isPartOf\":{\"@id\":\"https:\\\/\\\/parkeryacht.com\\\/#website\"},\"primaryImageOfPage\":{\"@id\":\"https:\\\/\\\/parkeryacht.com\\\/towpro\\\/#primaryimage\"},\"image\":{\"@id\":\"https:\\\/\\\/parkeryacht.com\\\/towpro\\\/#primaryimage\"},\"thumbnailUrl\":\"http:\\\/\\\/parkeryacht.com\\\/wp-content\\\/uploads\\\/2021\\\/02\\\/TowProtable-bnr.jpg\",\"datePublished\":\"2021-02-18T06:32:27+00:00\",\"dateModified\":\"2021-03-24T17:30:17+00:00\",\"breadcrumb\":{\"@id\":\"https:\\\/\\\/parkeryacht.com\\\/towpro\\\/#breadcrumb\"},\"inLanguage\":\"es\",\"potentialAction\":[{\"@type\":\"ReadAction\",\"target\":[\"https:\\\/\\\/parkeryacht.com\\\/towpro\\\/\"]}]},{\"@type\":\"ImageObject\",\"inLanguage\":\"es\",\"@id\":\"https:\\\/\\\/parkeryacht.com\\\/towpro\\\/#primaryimage\",\"url\":\"http:\\\/\\\/parkeryacht.com\\\/wp-content\\\/uploads\\\/2021\\\/02\\\/TowProtable-bnr.jpg\",\"contentUrl\":\"http:\\\/\\\/parkeryacht.com\\\/wp-content\\\/uploads\\\/2021\\\/02\\\/TowProtable-bnr.jpg\"},{\"@type\":\"BreadcrumbList\",\"@id\":\"https:\\\/\\\/parkeryacht.com\\\/towpro\\\/#breadcrumb\",\"itemListElement\":[{\"@type\":\"ListItem\",\"position\":1,\"name\":\"Home\",\"item\":\"https:\\\/\\\/parkeryacht.com\\\/\"},{\"@type\":\"ListItem\",\"position\":2,\"name\":\"TowPro\"}]},{\"@type\":\"WebSite\",\"@id\":\"https:\\\/\\\/parkeryacht.com\\\/#website\",\"url\":\"https:\\\/\\\/parkeryacht.com\\\/\",\"name\":\"Parker Yacht Management | Yamaha Dealer | Yanmar Dealer | Outboard Engine &amp; Yacht Repair Services\",\"description\":\"240 SW 32nd Ct #2, Fort Lauderdale, FL 33315, United States\",\"potentialAction\":[{\"@type\":\"SearchAction\",\"target\":{\"@type\":\"EntryPoint\",\"urlTemplate\":\"https:\\\/\\\/parkeryacht.com\\\/?s={search_term_string}\"},\"query-input\":{\"@type\":\"PropertyValueSpecification\",\"valueRequired\":true,\"valueName\":\"search_term_string\"}}],\"inLanguage\":\"es\"}]}<\/script>\n<!-- \/ Yoast SEO plugin. -->","yoast_head_json":{"title":"TowPro - Parker Yacht Management | Yamaha Dealer | Yanmar Dealer | Outboard Engine &amp; Yacht Repair Services","robots":{"index":"index","follow":"follow","max-snippet":"max-snippet:-1","max-image-preview":"max-image-preview:large","max-video-preview":"max-video-preview:-1"},"canonical":"https:\/\/parkeryacht.com\/es\/towpro\/","og_locale":"es_ES","og_type":"article","og_title":"TowPro - Parker Yacht Management | Yamaha Dealer | Yanmar Dealer | Outboard Engine &amp; Yacht Repair Services","og_description":"Safe Towing with TowPro\u00ae TowPro is an innovative new range of tow protection products, developed specifically to help a Captain minimise risks when towing. Towing a tender carries inevitable risk of loss: potentially amassing costs for Insurers and owners, disappointment for guests, and additional planning for Captains. To comply with their policy, Captains are required [&hellip;]","og_url":"https:\/\/parkeryacht.com\/es\/towpro\/","og_site_name":"Parker Yacht Management | Yamaha Dealer | Yanmar Dealer | Outboard Engine &amp; Yacht Repair Services","article_modified_time":"2021-03-24T17:30:17+00:00","og_image":[{"url":"http:\/\/parkeryacht.com\/wp-content\/uploads\/2021\/02\/TowProtable-bnr.jpg","type":"","width":"","height":""}],"twitter_card":"summary_large_image","twitter_misc":{"Est. reading time":"2 minutos"},"schema":{"@context":"https:\/\/schema.org","@graph":[{"@type":"WebPage","@id":"https:\/\/parkeryacht.com\/towpro\/","url":"https:\/\/parkeryacht.com\/towpro\/","name":"TowPro - Parker Yacht Management | Yamaha Dealer | Yanmar Dealer | Outboard Engine &amp; Yacht Repair Services","isPartOf":{"@id":"https:\/\/parkeryacht.com\/#website"},"primaryImageOfPage":{"@id":"https:\/\/parkeryacht.com\/towpro\/#primaryimage"},"image":{"@id":"https:\/\/parkeryacht.com\/towpro\/#primaryimage"},"thumbnailUrl":"http:\/\/parkeryacht.com\/wp-content\/uploads\/2021\/02\/TowProtable-bnr.jpg","datePublished":"2021-02-18T06:32:27+00:00","dateModified":"2021-03-24T17:30:17+00:00","breadcrumb":{"@id":"https:\/\/parkeryacht.com\/towpro\/#breadcrumb"},"inLanguage":"es","potentialAction":[{"@type":"ReadAction","target":["https:\/\/parkeryacht.com\/towpro\/"]}]},{"@type":"ImageObject","inLanguage":"es","@id":"https:\/\/parkeryacht.com\/towpro\/#primaryimage","url":"http:\/\/parkeryacht.com\/wp-content\/uploads\/2021\/02\/TowProtable-bnr.jpg","contentUrl":"http:\/\/parkeryacht.com\/wp-content\/uploads\/2021\/02\/TowProtable-bnr.jpg"},{"@type":"BreadcrumbList","@id":"https:\/\/parkeryacht.com\/towpro\/#breadcrumb","itemListElement":[{"@type":"ListItem","position":1,"name":"Home","item":"https:\/\/parkeryacht.com\/"},{"@type":"ListItem","position":2,"name":"TowPro"}]},{"@type":"WebSite","@id":"https:\/\/parkeryacht.com\/#website","url":"https:\/\/parkeryacht.com\/","name":"Parker Yacht Management | Yamaha Dealer | Yanmar Dealer | Outboard Engine &amp; Yacht Repair Services","description":"240 SW 32nd Ct #2, Fort Lauderdale, FL 33315, Estados Unidos","potentialAction":[{"@type":"SearchAction","target":{"@type":"EntryPoint","urlTemplate":"https:\/\/parkeryacht.com\/?s={search_term_string}"},"query-input":{"@type":"PropertyValueSpecification","valueRequired":true,"valueName":"search_term_string"}}],"inLanguage":"es"}]}},"_links":{"self":[{"href":"https:\/\/parkeryacht.com\/es\/wp-json\/wp\/v2\/pages\/4137","targetHints":{"allow":["GET"]}}],"collection":[{"href":"https:\/\/parkeryacht.com\/es\/wp-json\/wp\/v2\/pages"}],"about":[{"href":"https:\/\/parkeryacht.com\/es\/wp-json\/wp\/v2\/types\/page"}],"author":[{"embeddable":true,"href":"https:\/\/parkeryacht.com\/es\/wp-json\/wp\/v2\/users\/3"}],"replies":[{"embeddable":true,"href":"https:\/\/parkeryacht.com\/es\/wp-json\/wp\/v2\/comments?post=4137"}],"version-history":[{"count":0,"href":"https:\/\/parkeryacht.com\/es\/wp-json\/wp\/v2\/pages\/4137\/revisions"}],"wp:attachment":[{"href":"https:\/\/parkeryacht.com\/es\/wp-json\/wp\/v2\/media?parent=4137"}],"curies":[{"name":"wp","href":"https:\/\/api.w.org\/{rel}","templated":true}]}}