{"id":3858,"date":"2021-02-12T11:28:08","date_gmt":"2021-02-12T11:28:08","guid":{"rendered":"http:\/\/massivemax.com\/?page_id=3858"},"modified":"2021-02-12T12:23:37","modified_gmt":"2021-02-12T12:23:37","slug":"used-boats-engines-for-sale","status":"publish","type":"page","link":"https:\/\/parkeryacht.com\/es\/used-boats-engines-for-sale\/","title":{"rendered":"Barcos y motores usados a la venta"},"content":{"rendered":"<div data-elementor-type=\"wp-page\" data-elementor-id=\"3858\" class=\"elementor elementor-3858\">\n\t\t\t\t\t\t<section class=\"elementor-section elementor-top-section elementor-element elementor-element-1c036db6 elementor-section-stretched elementor-section-full_width cust-marbtm20 elementor-section-height-default elementor-section-height-default\" data-id=\"1c036db6\" data-element_type=\"section\" data-e-type=\"section\" data-settings=\"{&quot;stretch_section&quot;:&quot;section-stretched&quot;}\">\n\t\t\t\t\t\t<div class=\"elementor-container elementor-column-gap-no\">\n\t\t\t\t\t<div class=\"elementor-column elementor-col-100 elementor-top-column elementor-element elementor-element-406f86a0\" data-id=\"406f86a0\" data-element_type=\"column\" data-e-type=\"column\">\n\t\t\t<div class=\"elementor-widget-wrap elementor-element-populated\">\n\t\t\t\t\t\t<div class=\"elementor-element elementor-element-a6ba417 elementor-widget elementor-widget-about_us_1\" data-id=\"a6ba417\" data-element_type=\"widget\" data-e-type=\"widget\" data-widget_type=\"about_us_1.default\">\n\t\t\t\t<div class=\"elementor-widget-container\">\n\t\t\t\t\t\r\n\t\t<div class=\"block\">\r\n\t\t\t<div class=\"container no-indent\">\r\n\t\t\t\t<div class=\"wrapper-parallax-left02\">\r\n\t\t\t\t\t<div class=\"col-img\">\r\n\t\t\t\t\t\t<img fetchpriority=\"high\" decoding=\"async\" width=\"615\" height=\"501\" src=\"https:\/\/parkeryacht.com\/wp-content\/uploads\/2021\/02\/Optimus-bnr.png\" class=\"attachment-full size-full\" alt=\"\" srcset=\"https:\/\/parkeryacht.com\/wp-content\/uploads\/2021\/02\/Optimus-bnr.png 615w, https:\/\/parkeryacht.com\/wp-content\/uploads\/2021\/02\/Optimus-bnr-600x489.png 600w, https:\/\/parkeryacht.com\/wp-content\/uploads\/2021\/02\/Optimus-bnr-300x244.png 300w, https:\/\/parkeryacht.com\/wp-content\/uploads\/2021\/02\/Optimus-bnr-603x491.png 603w\" sizes=\"(max-width: 615px) 100vw, 615px\" \/>\t\t\t\t\t<\/div>\r\n\t\t\t\t\t<div class=\"col-description\">\r\n\t\t\t\t\t\t<div class=\"block-title text-left\">\r\n\t\t\t\t\t\t\t<h3 class=\"block-title__title\">\r\n\t\t\t\t\t\t\tBarcos y motores usados para <span class=\"color\">Venta<\/span> \t\t\t\t\t\t\t<\/h3>\r\n\t\t\t\t\t\t\t<div class=\"title-separator\"><\/div>\r\n\t\t\t\t\t\t<\/div>\r\n\t\t\t\t\t\t<p>Somos un distribuidor autorizado de fueraborda Yamaha en Fort Lauderdale, nuestro departamento de repuestos almacena una l\u00ednea completa de repuestos y accesorios para fueraborda Yamaha. Tambi\u00e9n contamos con repuestos para fueraborda Honda, Mercury y Johnson-Evinrude.<br \/><br \/>Ofrecemos una respuesta r\u00e1pida en art\u00edculos no almacenados o dif\u00edciles de conseguir. Vendemos embarcaciones nuevas y usadas, consolas centrales, semirr\u00edgidas y licitaciones de yates a medida. Vendemos fuera de borda nuevos y usados, llevaremos su fuera de borda usado en el comercio hacia la compra de su nuevo fuera de borda, comun\u00edquese con nosotros para obtener una propuesta sobre una recarga.<br \/><br \/>Parker Yacht es un distribuidor de TUUCI Tops y paraguas en Ft Lauderdale.<br \/><br \/>P\u00f3ngase en contacto con nosotros para obtener una propuesta sobre un TUUCI Top adecuado para su aplicaci\u00f3n.<\/p>\t\t\t\t\t<\/div>\r\n\t\t\t\t<\/div>\r\n\t\t\t\t<div class=\"divider-md\"><\/div>\r\n\t\t\t\t<div class=\"row\">\r\n\t\t\t\t\t\t\t\t\t<div class=\"col-md-4\">\r\n\t\t\t\t\t\t<h6 class=\"subtitle\"><\/h6>\r\n\t\t\t\t\t\t\t\t\t\t\t<\/div>\r\n\t\t\t\t\t\t\t\t\t\t\t\t\t\t<\/div>\r\n\t\t\t<\/div>\r\n\t\t<\/div>\r\n\t\t\t\t\t\t<\/div>\n\t\t\t\t<\/div>\n\t\t\t\t\t<\/div>\n\t\t<\/div>\n\t\t\t\t\t<\/div>\n\t\t<\/section>\n\t\t\t\t<section class=\"elementor-section elementor-top-section elementor-element elementor-element-56a1ef37 elementor-section-full_width elementor-section-height-default elementor-section-height-default\" data-id=\"56a1ef37\" data-element_type=\"section\" data-e-type=\"section\" data-settings=\"{&quot;background_background&quot;:&quot;classic&quot;}\">\n\t\t\t\t\t\t<div class=\"elementor-container elementor-column-gap-no\">\n\t\t\t\t\t<div class=\"elementor-column elementor-col-100 elementor-top-column elementor-element elementor-element-320662ed\" data-id=\"320662ed\" data-element_type=\"column\" data-e-type=\"column\">\n\t\t\t<div class=\"elementor-widget-wrap elementor-element-populated\">\n\t\t\t\t\t\t<div class=\"elementor-element elementor-element-3a12b725 elementor-widget elementor-widget-heading\" data-id=\"3a12b725\" data-element_type=\"widget\" data-e-type=\"widget\" data-widget_type=\"heading.default\">\n\t\t\t\t<div class=\"elementor-widget-container\">\n\t\t\t\t\t<h4 class=\"elementor-heading-title elementor-size-default\">Motores usados<\/h4>\t\t\t\t<\/div>\n\t\t\t\t<\/div>\n\t\t\t\t<div class=\"elementor-element elementor-element-63a48fc elementor-widget elementor-widget-text-editor\" data-id=\"63a48fc\" data-element_type=\"widget\" data-e-type=\"widget\" data-widget_type=\"text-editor.default\">\n\t\t\t\t<div class=\"elementor-widget-container\">\n\t\t\t\t\t\t\t\t\t<p>A continuaci\u00f3n se muestra una selecci\u00f3n de nuestras embarcaciones de &quot;propiedad anterior&quot; listadas para la venta. Estos son recipientes que han sido restaurados o mantenidos por nosotros. Ponte en contacto con Ole para programar una visita.<\/p>\t\t\t\t\t\t\t\t<\/div>\n\t\t\t\t<\/div>\n\t\t\t\t<section class=\"elementor-section elementor-inner-section elementor-element elementor-element-086b8ab elementor-section-full_width elementor-section-height-default elementor-section-height-default\" data-id=\"086b8ab\" data-element_type=\"section\" data-e-type=\"section\">\n\t\t\t\t\t\t<div class=\"elementor-container elementor-column-gap-no\">\n\t\t\t\t\t<div class=\"elementor-column elementor-col-50 elementor-inner-column elementor-element elementor-element-57998dd cust-overflow\" data-id=\"57998dd\" data-element_type=\"column\" data-e-type=\"column\">\n\t\t\t<div class=\"elementor-widget-wrap elementor-element-populated\">\n\t\t\t\t\t\t<div class=\"elementor-element elementor-element-ef78e71 elementor-position-left elementor-vertical-align-top elementor-widget elementor-widget-image-box\" data-id=\"ef78e71\" data-element_type=\"widget\" data-e-type=\"widget\" data-widget_type=\"image-box.default\">\n\t\t\t\t<div class=\"elementor-widget-container\">\n\t\t\t\t\t<div class=\"elementor-image-box-wrapper\"><figure class=\"elementor-image-box-img\"><img decoding=\"async\" width=\"640\" height=\"426\" src=\"https:\/\/parkeryacht.com\/wp-content\/uploads\/2021\/02\/scnd-bot.jpg\" class=\"elementor-animation-grow attachment-full size-full wp-image-3893\" alt=\"\" srcset=\"https:\/\/parkeryacht.com\/wp-content\/uploads\/2021\/02\/scnd-bot.jpg 640w, https:\/\/parkeryacht.com\/wp-content\/uploads\/2021\/02\/scnd-bot-600x399.jpg 600w, https:\/\/parkeryacht.com\/wp-content\/uploads\/2021\/02\/scnd-bot-300x200.jpg 300w\" sizes=\"(max-width: 640px) 100vw, 640px\" \/><\/figure><div class=\"elementor-image-box-content\"><h5 class=\"elementor-image-box-title\">Contendiente 33T 2006<\/h5><p class=\"elementor-image-box-description\">Venta o intercambio por Contender 31T<br>\nP\u00f3ngase en contacto con Ole Parker al 954463 1515 o oparker@parkeryacht.com\n<p class=\"cust-usedbtn\"><a class=\"btn btn-border btn-invert\" href=\"#\"><span>Leer m\u00e1s<\/span><\/a><\/p><\/p><\/div><\/div>\t\t\t\t<\/div>\n\t\t\t\t<\/div>\n\t\t\t\t\t<\/div>\n\t\t<\/div>\n\t\t\t\t<div class=\"elementor-column elementor-col-50 elementor-inner-column elementor-element elementor-element-9e37357 cust-overflow\" data-id=\"9e37357\" data-element_type=\"column\" data-e-type=\"column\">\n\t\t\t<div class=\"elementor-widget-wrap\">\n\t\t\t\t\t\t\t<\/div>\n\t\t<\/div>\n\t\t\t\t\t<\/div>\n\t\t<\/section>\n\t\t\t\t\t<\/div>\n\t\t<\/div>\n\t\t\t\t\t<\/div>\n\t\t<\/section>\n\t\t\t\t<section class=\"elementor-section elementor-top-section elementor-element elementor-element-a4e95d0 elementor-section-full_width elementor-section-height-default elementor-section-height-default\" data-id=\"a4e95d0\" data-element_type=\"section\" data-e-type=\"section\" data-settings=\"{&quot;background_background&quot;:&quot;classic&quot;}\">\n\t\t\t\t\t\t<div class=\"elementor-container elementor-column-gap-no\">\n\t\t\t\t\t<div class=\"elementor-column elementor-col-100 elementor-top-column elementor-element elementor-element-7fecf7b\" data-id=\"7fecf7b\" data-element_type=\"column\" data-e-type=\"column\">\n\t\t\t<div class=\"elementor-widget-wrap elementor-element-populated\">\n\t\t\t\t\t\t<div class=\"elementor-element elementor-element-a351d8f elementor-widget-divider--view-line elementor-widget elementor-widget-divider\" data-id=\"a351d8f\" data-element_type=\"widget\" data-e-type=\"widget\" data-widget_type=\"divider.default\">\n\t\t\t\t<div class=\"elementor-widget-container\">\n\t\t\t\t\t\t\t<div class=\"elementor-divider\">\n\t\t\t<span class=\"elementor-divider-separator\">\n\t\t\t\t\t\t<\/span>\n\t\t<\/div>\n\t\t\t\t\t\t<\/div>\n\t\t\t\t<\/div>\n\t\t\t\t\t<\/div>\n\t\t<\/div>\n\t\t\t\t\t<\/div>\n\t\t<\/section>\n\t\t\t\t<section class=\"elementor-section elementor-top-section elementor-element elementor-element-86859c8 elementor-section-full_width elementor-section-height-default elementor-section-height-default\" data-id=\"86859c8\" data-element_type=\"section\" data-e-type=\"section\" data-settings=\"{&quot;background_background&quot;:&quot;classic&quot;}\">\n\t\t\t\t\t\t<div class=\"elementor-container elementor-column-gap-no\">\n\t\t\t\t\t<div class=\"elementor-column elementor-col-100 elementor-top-column elementor-element elementor-element-2543558\" data-id=\"2543558\" data-element_type=\"column\" data-e-type=\"column\">\n\t\t\t<div class=\"elementor-widget-wrap elementor-element-populated\">\n\t\t\t\t\t\t<div class=\"elementor-element elementor-element-98c6947 elementor-widget elementor-widget-heading\" data-id=\"98c6947\" data-element_type=\"widget\" data-e-type=\"widget\" data-widget_type=\"heading.default\">\n\t\t\t\t<div class=\"elementor-widget-container\">\n\t\t\t\t\t<h4 class=\"elementor-heading-title elementor-size-default\">Barcos usados<\/h4>\t\t\t\t<\/div>\n\t\t\t\t<\/div>\n\t\t\t\t<div class=\"elementor-element elementor-element-1d2c974 elementor-widget elementor-widget-text-editor\" data-id=\"1d2c974\" data-element_type=\"widget\" data-e-type=\"widget\" data-widget_type=\"text-editor.default\">\n\t\t\t\t<div class=\"elementor-widget-container\">\n\t\t\t\t\t\t\t\t\t<p>Parker Yacht ofrece un extenso inventario de repuestos de motores para las industrias mar\u00edtima y de yates.<\/p>\t\t\t\t\t\t\t\t<\/div>\n\t\t\t\t<\/div>\n\t\t\t\t<section class=\"elementor-section elementor-inner-section elementor-element elementor-element-d356a6a elementor-section-full_width elementor-section-height-default elementor-section-height-default\" data-id=\"d356a6a\" data-element_type=\"section\" data-e-type=\"section\">\n\t\t\t\t\t\t<div class=\"elementor-container elementor-column-gap-no\">\n\t\t\t\t\t<div class=\"elementor-column elementor-col-50 elementor-inner-column elementor-element elementor-element-f7d7d47 cust-overflow\" data-id=\"f7d7d47\" data-element_type=\"column\" data-e-type=\"column\">\n\t\t\t<div class=\"elementor-widget-wrap elementor-element-populated\">\n\t\t\t\t\t\t<div class=\"elementor-element elementor-element-a18d970 elementor-position-left elementor-vertical-align-top elementor-widget elementor-widget-image-box\" data-id=\"a18d970\" data-element_type=\"widget\" data-e-type=\"widget\" data-widget_type=\"image-box.default\">\n\t\t\t\t<div class=\"elementor-widget-container\">\n\t\t\t\t\t<div class=\"elementor-image-box-wrapper\"><figure class=\"elementor-image-box-img\"><img decoding=\"async\" width=\"640\" height=\"426\" src=\"https:\/\/parkeryacht.com\/wp-content\/uploads\/2021\/02\/scnd-eng.jpg\" class=\"elementor-animation-grow attachment-full size-full wp-image-3894\" alt=\"\" srcset=\"https:\/\/parkeryacht.com\/wp-content\/uploads\/2021\/02\/scnd-eng.jpg 640w, https:\/\/parkeryacht.com\/wp-content\/uploads\/2021\/02\/scnd-eng-600x399.jpg 600w, https:\/\/parkeryacht.com\/wp-content\/uploads\/2021\/02\/scnd-eng-300x200.jpg 300w\" sizes=\"(max-width: 640px) 100vw, 640px\" \/><\/figure><div class=\"elementor-image-box-content\"><h5 class=\"elementor-image-box-title\">Motores Yamaha<\/h5><p class=\"elementor-image-box-description\">Como distribuidor autorizado de motores de l\u00ednea completa y centro de reparaci\u00f3n YAMAHA, Parker Yacht almacena motores de 9,9 a 300 HP.\n<p class=\"cust-usedbtn\"><a class=\"btn btn-border btn-invert\" href=\"#\"><span>Leer m\u00e1s<\/span><\/a><\/p><\/p><\/div><\/div>\t\t\t\t<\/div>\n\t\t\t\t<\/div>\n\t\t\t\t\t<\/div>\n\t\t<\/div>\n\t\t\t\t<div class=\"elementor-column elementor-col-50 elementor-inner-column elementor-element elementor-element-05bf70a cust-overflow\" data-id=\"05bf70a\" data-element_type=\"column\" data-e-type=\"column\">\n\t\t\t<div class=\"elementor-widget-wrap\">\n\t\t\t\t\t\t\t<\/div>\n\t\t<\/div>\n\t\t\t\t\t<\/div>\n\t\t<\/section>\n\t\t\t\t\t<\/div>\n\t\t<\/div>\n\t\t\t\t\t<\/div>\n\t\t<\/section>\n\t\t\t\t<\/div>","protected":false},"excerpt":{"rendered":"<p>Used Boats &amp; Engines for Sale We are an Authorized Yamaha outboard dealer in Fort Lauderdale, our parts department stocks a full line of Yamaha outboard parts and accessories. We also have Honda, Mercury and Johnson-Evinrude outboard parts. We offer a quick turn around on non stocked or hard to get items. We sell new [&hellip;]<\/p>\n","protected":false},"author":3,"featured_media":0,"parent":0,"menu_order":0,"comment_status":"closed","ping_status":"closed","template":"","meta":{"footnotes":""},"class_list":["post-3858","page","type-page","status-publish","hentry"],"yoast_head":"<!-- This site is optimized with the Yoast SEO plugin v27.4 - https:\/\/yoast.com\/product\/yoast-seo-wordpress\/ -->\n<title>Used Boats &amp; Engines for Sale - Parker Yacht Management | Yamaha Dealer | Yanmar Dealer | Outboard Engine &amp; Yacht Repair Services<\/title>\n<meta name=\"robots\" content=\"index, follow, max-snippet:-1, max-image-preview:large, max-video-preview:-1\" \/>\n<link rel=\"canonical\" href=\"https:\/\/parkeryacht.com\/es\/used-boats-engines-for-sale\/\" \/>\n<meta property=\"og:locale\" content=\"es_ES\" \/>\n<meta property=\"og:type\" content=\"article\" \/>\n<meta property=\"og:title\" content=\"Used Boats &amp; Engines for Sale - Parker Yacht Management | Yamaha Dealer | Yanmar Dealer | Outboard Engine &amp; Yacht Repair Services\" \/>\n<meta property=\"og:description\" content=\"Used Boats &amp; Engines for Sale We are an Authorized Yamaha outboard dealer in Fort Lauderdale, our parts department stocks a full line of Yamaha outboard parts and accessories. We also have Honda, Mercury and Johnson-Evinrude outboard parts. We offer a quick turn around on non stocked or hard to get items. We sell new [&hellip;]\" \/>\n<meta property=\"og:url\" content=\"https:\/\/parkeryacht.com\/es\/used-boats-engines-for-sale\/\" \/>\n<meta property=\"og:site_name\" content=\"Parker Yacht Management | Yamaha Dealer | Yanmar Dealer | Outboard Engine &amp; Yacht Repair Services\" \/>\n<meta property=\"article:modified_time\" content=\"2021-02-12T12:23:37+00:00\" \/>\n<meta property=\"og:image\" content=\"http:\/\/parkeryacht.com\/wp-content\/uploads\/2021\/02\/Optimus-bnr.png\" \/>\n<meta name=\"twitter:card\" content=\"summary_large_image\" \/>\n<meta name=\"twitter:label1\" content=\"Est. reading time\" \/>\n\t<meta name=\"twitter:data1\" content=\"2 minutos\" \/>\n<script type=\"application\/ld+json\" class=\"yoast-schema-graph\">{\"@context\":\"https:\\\/\\\/schema.org\",\"@graph\":[{\"@type\":\"WebPage\",\"@id\":\"https:\\\/\\\/parkeryacht.com\\\/used-boats-engines-for-sale\\\/\",\"url\":\"https:\\\/\\\/parkeryacht.com\\\/used-boats-engines-for-sale\\\/\",\"name\":\"Used Boats & Engines for Sale - Parker Yacht Management | Yamaha Dealer | Yanmar Dealer | Outboard Engine &amp; Yacht Repair Services\",\"isPartOf\":{\"@id\":\"https:\\\/\\\/parkeryacht.com\\\/#website\"},\"primaryImageOfPage\":{\"@id\":\"https:\\\/\\\/parkeryacht.com\\\/used-boats-engines-for-sale\\\/#primaryimage\"},\"image\":{\"@id\":\"https:\\\/\\\/parkeryacht.com\\\/used-boats-engines-for-sale\\\/#primaryimage\"},\"thumbnailUrl\":\"http:\\\/\\\/parkeryacht.com\\\/wp-content\\\/uploads\\\/2021\\\/02\\\/Optimus-bnr.png\",\"datePublished\":\"2021-02-12T11:28:08+00:00\",\"dateModified\":\"2021-02-12T12:23:37+00:00\",\"breadcrumb\":{\"@id\":\"https:\\\/\\\/parkeryacht.com\\\/used-boats-engines-for-sale\\\/#breadcrumb\"},\"inLanguage\":\"es\",\"potentialAction\":[{\"@type\":\"ReadAction\",\"target\":[\"https:\\\/\\\/parkeryacht.com\\\/used-boats-engines-for-sale\\\/\"]}]},{\"@type\":\"ImageObject\",\"inLanguage\":\"es\",\"@id\":\"https:\\\/\\\/parkeryacht.com\\\/used-boats-engines-for-sale\\\/#primaryimage\",\"url\":\"http:\\\/\\\/parkeryacht.com\\\/wp-content\\\/uploads\\\/2021\\\/02\\\/Optimus-bnr.png\",\"contentUrl\":\"http:\\\/\\\/parkeryacht.com\\\/wp-content\\\/uploads\\\/2021\\\/02\\\/Optimus-bnr.png\"},{\"@type\":\"BreadcrumbList\",\"@id\":\"https:\\\/\\\/parkeryacht.com\\\/used-boats-engines-for-sale\\\/#breadcrumb\",\"itemListElement\":[{\"@type\":\"ListItem\",\"position\":1,\"name\":\"Home\",\"item\":\"https:\\\/\\\/parkeryacht.com\\\/\"},{\"@type\":\"ListItem\",\"position\":2,\"name\":\"Used Boats &#038; Engines for Sale\"}]},{\"@type\":\"WebSite\",\"@id\":\"https:\\\/\\\/parkeryacht.com\\\/#website\",\"url\":\"https:\\\/\\\/parkeryacht.com\\\/\",\"name\":\"Parker Yacht Management | Yamaha Dealer | Yanmar Dealer | Outboard Engine &amp; Yacht Repair Services\",\"description\":\"240 SW 32nd Ct #2, Fort Lauderdale, FL 33315, United States\",\"potentialAction\":[{\"@type\":\"SearchAction\",\"target\":{\"@type\":\"EntryPoint\",\"urlTemplate\":\"https:\\\/\\\/parkeryacht.com\\\/?s={search_term_string}\"},\"query-input\":{\"@type\":\"PropertyValueSpecification\",\"valueRequired\":true,\"valueName\":\"search_term_string\"}}],\"inLanguage\":\"es\"}]}<\/script>\n<!-- \/ Yoast SEO plugin. -->","yoast_head_json":{"title":"Used Boats & Engines for Sale - Parker Yacht Management | Yamaha Dealer | Yanmar Dealer | Outboard Engine &amp; Yacht Repair Services","robots":{"index":"index","follow":"follow","max-snippet":"max-snippet:-1","max-image-preview":"max-image-preview:large","max-video-preview":"max-video-preview:-1"},"canonical":"https:\/\/parkeryacht.com\/es\/used-boats-engines-for-sale\/","og_locale":"es_ES","og_type":"article","og_title":"Used Boats & Engines for Sale - Parker Yacht Management | Yamaha Dealer | Yanmar Dealer | Outboard Engine &amp; Yacht Repair Services","og_description":"Used Boats &amp; Engines for Sale We are an Authorized Yamaha outboard dealer in Fort Lauderdale, our parts department stocks a full line of Yamaha outboard parts and accessories. We also have Honda, Mercury and Johnson-Evinrude outboard parts. We offer a quick turn around on non stocked or hard to get items. We sell new [&hellip;]","og_url":"https:\/\/parkeryacht.com\/es\/used-boats-engines-for-sale\/","og_site_name":"Parker Yacht Management | Yamaha Dealer | Yanmar Dealer | Outboard Engine &amp; Yacht Repair Services","article_modified_time":"2021-02-12T12:23:37+00:00","og_image":[{"url":"http:\/\/parkeryacht.com\/wp-content\/uploads\/2021\/02\/Optimus-bnr.png","type":"","width":"","height":""}],"twitter_card":"summary_large_image","twitter_misc":{"Est. reading time":"2 minutos"},"schema":{"@context":"https:\/\/schema.org","@graph":[{"@type":"WebPage","@id":"https:\/\/parkeryacht.com\/used-boats-engines-for-sale\/","url":"https:\/\/parkeryacht.com\/used-boats-engines-for-sale\/","name":"Used Boats & Engines for Sale - Parker Yacht Management | Yamaha Dealer | Yanmar Dealer | Outboard Engine &amp; Yacht Repair Services","isPartOf":{"@id":"https:\/\/parkeryacht.com\/#website"},"primaryImageOfPage":{"@id":"https:\/\/parkeryacht.com\/used-boats-engines-for-sale\/#primaryimage"},"image":{"@id":"https:\/\/parkeryacht.com\/used-boats-engines-for-sale\/#primaryimage"},"thumbnailUrl":"http:\/\/parkeryacht.com\/wp-content\/uploads\/2021\/02\/Optimus-bnr.png","datePublished":"2021-02-12T11:28:08+00:00","dateModified":"2021-02-12T12:23:37+00:00","breadcrumb":{"@id":"https:\/\/parkeryacht.com\/used-boats-engines-for-sale\/#breadcrumb"},"inLanguage":"es","potentialAction":[{"@type":"ReadAction","target":["https:\/\/parkeryacht.com\/used-boats-engines-for-sale\/"]}]},{"@type":"ImageObject","inLanguage":"es","@id":"https:\/\/parkeryacht.com\/used-boats-engines-for-sale\/#primaryimage","url":"http:\/\/parkeryacht.com\/wp-content\/uploads\/2021\/02\/Optimus-bnr.png","contentUrl":"http:\/\/parkeryacht.com\/wp-content\/uploads\/2021\/02\/Optimus-bnr.png"},{"@type":"BreadcrumbList","@id":"https:\/\/parkeryacht.com\/used-boats-engines-for-sale\/#breadcrumb","itemListElement":[{"@type":"ListItem","position":1,"name":"Home","item":"https:\/\/parkeryacht.com\/"},{"@type":"ListItem","position":2,"name":"Used Boats &#038; Engines for Sale"}]},{"@type":"WebSite","@id":"https:\/\/parkeryacht.com\/#website","url":"https:\/\/parkeryacht.com\/","name":"Parker Yacht Management | Yamaha Dealer | Yanmar Dealer | Outboard Engine &amp; Yacht Repair Services","description":"240 SW 32nd Ct #2, Fort Lauderdale, FL 33315, Estados Unidos","potentialAction":[{"@type":"SearchAction","target":{"@type":"EntryPoint","urlTemplate":"https:\/\/parkeryacht.com\/?s={search_term_string}"},"query-input":{"@type":"PropertyValueSpecification","valueRequired":true,"valueName":"search_term_string"}}],"inLanguage":"es"}]}},"_links":{"self":[{"href":"https:\/\/parkeryacht.com\/es\/wp-json\/wp\/v2\/pages\/3858","targetHints":{"allow":["GET"]}}],"collection":[{"href":"https:\/\/parkeryacht.com\/es\/wp-json\/wp\/v2\/pages"}],"about":[{"href":"https:\/\/parkeryacht.com\/es\/wp-json\/wp\/v2\/types\/page"}],"author":[{"embeddable":true,"href":"https:\/\/parkeryacht.com\/es\/wp-json\/wp\/v2\/users\/3"}],"replies":[{"embeddable":true,"href":"https:\/\/parkeryacht.com\/es\/wp-json\/wp\/v2\/comments?post=3858"}],"version-history":[{"count":0,"href":"https:\/\/parkeryacht.com\/es\/wp-json\/wp\/v2\/pages\/3858\/revisions"}],"wp:attachment":[{"href":"https:\/\/parkeryacht.com\/es\/wp-json\/wp\/v2\/media?parent=3858"}],"curies":[{"name":"wp","href":"https:\/\/api.w.org\/{rel}","templated":true}]}}