{"id":3,"date":"2021-01-28T06:25:28","date_gmt":"2021-01-28T06:25:28","guid":{"rendered":"http:\/\/parkeryacht.com\/?page_id=3"},"modified":"2021-03-06T18:49:45","modified_gmt":"2021-03-06T18:49:45","slug":"privacy-policy","status":"publish","type":"page","link":"https:\/\/parkeryacht.com\/es\/privacy-policy\/","title":{"rendered":"Declaracion de privacidad"},"content":{"rendered":"<div data-elementor-type=\"wp-page\" data-elementor-id=\"3\" class=\"elementor elementor-3\">\n\t\t\t\t\t\t<section class=\"elementor-section elementor-top-section elementor-element elementor-element-414f369 elementor-section-boxed elementor-section-height-default elementor-section-height-default\" data-id=\"414f369\" data-element_type=\"section\" data-e-type=\"section\">\n\t\t\t\t\t\t<div class=\"elementor-container elementor-column-gap-default\">\n\t\t\t\t\t<div class=\"elementor-column elementor-col-100 elementor-top-column elementor-element elementor-element-340bd30\" data-id=\"340bd30\" data-element_type=\"column\" data-e-type=\"column\">\n\t\t\t<div class=\"elementor-widget-wrap elementor-element-populated\">\n\t\t\t\t\t\t<div class=\"elementor-element elementor-element-7436266 elementor-widget elementor-widget-heading\" data-id=\"7436266\" data-element_type=\"widget\" data-e-type=\"widget\" data-widget_type=\"heading.default\">\n\t\t\t\t<div class=\"elementor-widget-container\">\n\t\t\t\t\t<h4 class=\"elementor-heading-title elementor-size-default\">Intercambio de informaci\u00f3n<\/h4>\t\t\t\t<\/div>\n\t\t\t\t<\/div>\n\t\t\t\t<div class=\"elementor-element elementor-element-4a7b137 elementor-widget elementor-widget-text-editor\" data-id=\"4a7b137\" data-element_type=\"widget\" data-e-type=\"widget\" data-widget_type=\"text-editor.default\">\n\t\t\t\t<div class=\"elementor-widget-container\">\n\t\t\t\t\t\t\t\t\t<p>Podemos compartir su nombre, direcci\u00f3n de correo electr\u00f3nico y otra informaci\u00f3n con algunos de nuestros socios para que puedan ayudarlo a usar nuestros productos y servicios, comunicarse con usted en nuestro nombre con ofertas, servicios o productos que puedan ser de su inter\u00e9s. Nuestros socios tienen prohibido utilizar su informaci\u00f3n de contacto para cualquier otro prop\u00f3sito sin su consentimiento.<\/p><p>Si participamos en una fusi\u00f3n, adquisici\u00f3n, venta de la totalidad o una parte sustancial de nuestros activos u otra transacci\u00f3n de venta similar, su informaci\u00f3n puede ser transferida como parte de esa transacci\u00f3n. Le notificaremos por correo electr\u00f3nico y \/ o un aviso destacado en nuestro sitio web de dicha transferencia y cualquier opci\u00f3n que pueda tener con respecto a su informaci\u00f3n.<\/p><p>Podemos compartir su informaci\u00f3n con otras personas dentro de su organizaci\u00f3n (incluidas las afiliadas o cualquier otra persona designada como usuario en su cuenta).<\/p><p>Por \u00faltimo, podemos divulgar su informaci\u00f3n personal a los tribunales, las autoridades policiales y otros terceros pertinentes, como los proveedores de servicios de Internet, cuando dicha divulgaci\u00f3n sea necesaria o aconsejable, a nuestro exclusivo criterio, para realizar una investigaci\u00f3n, responder a un tercero o citaci\u00f3n judicial u orden judicial, emprender acciones legales, prevenir da\u00f1os a otros o buscar otra reparaci\u00f3n cuando usted o un tercero est\u00e9n o puedan estar: violando nuestros t\u00e9rminos y condiciones de uso; causar lesiones u otros da\u00f1os, o violar de otra manera nuestra propiedad u otros derechos legales, o los de otros usuarios o terceros; o violar las leyes federales, estatales, locales u otras leyes aplicables. Esta divulgaci\u00f3n puede incluir la transferencia de informaci\u00f3n a los EE. UU. Y fuera del Espacio Econ\u00f3mico Europeo. En la medida en que se nos permita legalmente hacerlo, tomaremos las medidas razonables para notificarle en caso de que debamos proporcionar su informaci\u00f3n personal a terceros en relaci\u00f3n con una citaci\u00f3n.<\/p>\t\t\t\t\t\t\t\t<\/div>\n\t\t\t\t<\/div>\n\t\t\t\t<div class=\"elementor-element elementor-element-f0f18f0 elementor-widget elementor-widget-heading\" data-id=\"f0f18f0\" data-element_type=\"widget\" data-e-type=\"widget\" data-widget_type=\"heading.default\">\n\t\t\t\t<div class=\"elementor-widget-container\">\n\t\t\t\t\t<h4 class=\"elementor-heading-title elementor-size-default\">Tecnolog\u00edas de seguimiento<\/h4>\t\t\t\t<\/div>\n\t\t\t\t<\/div>\n\t\t\t\t<div class=\"elementor-element elementor-element-4d386f0 elementor-widget elementor-widget-text-editor\" data-id=\"4d386f0\" data-element_type=\"widget\" data-e-type=\"widget\" data-widget_type=\"text-editor.default\">\n\t\t\t\t<div class=\"elementor-widget-container\">\n\t\t\t\t\t\t\t\t\t<p>Nos asociamos con terceros para mostrar publicidad en nuestros Sitios o para administrar nuestra publicidad en otros sitios. Nuestros socios externos pueden utilizar tecnolog\u00edas, como cookies, para recopilar informaci\u00f3n sobre sus actividades en nuestros Sitios y otros sitios con el fin de proporcionarle publicidad basada en sus actividades e intereses de navegaci\u00f3n. Si no desea que esta informaci\u00f3n se utilice con el fin de ofrecerle anuncios basados en intereses, puede optar por no participar haciendo clic en (o si se encuentra en la Uni\u00f3n Europea, haga clic en). Tenga en cuenta que esto no lo excluye de recibir anuncios. Seguir\u00e1 recibiendo anuncios gen\u00e9ricos.<\/p>\t\t\t\t\t\t\t\t<\/div>\n\t\t\t\t<\/div>\n\t\t\t\t<div class=\"elementor-element elementor-element-14bb498 elementor-widget elementor-widget-heading\" data-id=\"14bb498\" data-element_type=\"widget\" data-e-type=\"widget\" data-widget_type=\"heading.default\">\n\t\t\t\t<div class=\"elementor-widget-container\">\n\t\t\t\t\t<h4 class=\"elementor-heading-title elementor-size-default\">Elecci\u00f3n \/ Exclusi\u00f3n<\/h4>\t\t\t\t<\/div>\n\t\t\t\t<\/div>\n\t\t\t\t<div class=\"elementor-element elementor-element-188cfec elementor-widget elementor-widget-text-editor\" data-id=\"188cfec\" data-element_type=\"widget\" data-e-type=\"widget\" data-widget_type=\"text-editor.default\">\n\t\t\t\t<div class=\"elementor-widget-container\">\n\t\t\t\t\t\t\t\t\t<p>Tiene la opci\u00f3n de elegir c\u00f3mo usamos su informaci\u00f3n personal para comunicarnos con usted, y puede optar por no participar en cualquier momento cancelando la suscripci\u00f3n o cambiando sus preferencias.<\/p><p>Toleramos solo el correo electr\u00f3nico basado en permisos. Siempre tiene la oportunidad de optar por no recibir nuestras comunicaciones de marketing con usted o cambiar las preferencias siguiendo un enlace en el pie de p\u00e1gina de todos los mensajes de correo electr\u00f3nico no transaccionales enviados por nosotros o envi\u00e1ndonos un correo electr\u00f3nico a info@parkeryacht.com.<\/p><p>Para administrar la informaci\u00f3n que recibimos sobre usted de un sitio de redes sociales o cualquier otro tercero, deber\u00e1 seguir las instrucciones de esa parte para actualizar su informaci\u00f3n y cambiar su configuraci\u00f3n de privacidad. La informaci\u00f3n que recopilamos est\u00e1 cubierta por esta declaraci\u00f3n de privacidad y la informaci\u00f3n que recopila el tercero est\u00e1 sujeta a las pr\u00e1cticas de privacidad de dicho tercero. Las elecciones de privacidad que haya realizado en cualquier sitio de terceros no se aplicar\u00e1n a nuestro uso de la informaci\u00f3n que hemos recopilado directamente a trav\u00e9s de nuestros Sitios.<\/p><p>Si se cre\u00f3 una cuenta o perfil sin su conocimiento o autorizaci\u00f3n, cont\u00e1ctenos en<strong>\u00a0<\/strong>para solicitar la eliminaci\u00f3n de la cuenta o el perfil.<\/p>\t\t\t\t\t\t\t\t<\/div>\n\t\t\t\t<\/div>\n\t\t\t\t<div class=\"elementor-element elementor-element-53d9dde elementor-widget elementor-widget-heading\" data-id=\"53d9dde\" data-element_type=\"widget\" data-e-type=\"widget\" data-widget_type=\"heading.default\">\n\t\t\t\t<div class=\"elementor-widget-container\">\n\t\t\t\t\t<h4 class=\"elementor-heading-title elementor-size-default\">Acceso a la informaci\u00f3n personal<\/h4>\t\t\t\t<\/div>\n\t\t\t\t<\/div>\n\t\t\t\t<div class=\"elementor-element elementor-element-a3faf3a elementor-widget elementor-widget-text-editor\" data-id=\"a3faf3a\" data-element_type=\"widget\" data-e-type=\"widget\" data-widget_type=\"text-editor.default\">\n\t\t\t\t<div class=\"elementor-widget-container\">\n\t\t\t\t\t\t\t\t\t<p>Tomamos medidas para garantizar que la informaci\u00f3n personal que recopilamos sea precisa y est\u00e9 actualizada, y que usted tenga la capacidad de acceder a ella y realizar correcciones.<\/p><p>Si lo solicita, Parker Yacht le proporcionar\u00e1 la informaci\u00f3n que tenemos de su informaci\u00f3n personal.<br \/>Para solicitar esta informaci\u00f3n, cont\u00e1ctenos en info@parkeryacht.com.\u00a0<\/p>\t\t\t\t\t\t\t\t<\/div>\n\t\t\t\t<\/div>\n\t\t\t\t<div class=\"elementor-element elementor-element-6e6d9b6 elementor-widget elementor-widget-heading\" data-id=\"6e6d9b6\" data-element_type=\"widget\" data-e-type=\"widget\" data-widget_type=\"heading.default\">\n\t\t\t\t<div class=\"elementor-widget-container\">\n\t\t\t\t\t<h4 class=\"elementor-heading-title elementor-size-default\">Enlaces de terceros y recopilaci\u00f3n y uso de informaci\u00f3n por parte de nuestros clientes<\/h4>\t\t\t\t<\/div>\n\t\t\t\t<\/div>\n\t\t\t\t<div class=\"elementor-element elementor-element-45a50d8 elementor-widget elementor-widget-text-editor\" data-id=\"45a50d8\" data-element_type=\"widget\" data-e-type=\"widget\" data-widget_type=\"text-editor.default\">\n\t\t\t\t<div class=\"elementor-widget-container\">\n\t\t\t\t\t\t\t\t\t<p>Algunos de nuestros sitios proporcionan enlaces a otros sitios web. Es posible que se le solicite que env\u00ede informaci\u00f3n personal a cualquiera de estos sitios. Tambi\u00e9n se le puede pedir que proporcione cierta informaci\u00f3n personal en relaci\u00f3n con el uso de nuestros productos y servicios. Debido a que no controlamos las pol\u00edticas o pr\u00e1cticas de informaci\u00f3n de estos sitios de terceros, debe revisar sus pol\u00edticas de privacidad para conocer c\u00f3mo recopilan y utilizan la informaci\u00f3n personal.<\/p>\t\t\t\t\t\t\t\t<\/div>\n\t\t\t\t<\/div>\n\t\t\t\t<div class=\"elementor-element elementor-element-b86e85b elementor-widget elementor-widget-heading\" data-id=\"b86e85b\" data-element_type=\"widget\" data-e-type=\"widget\" data-widget_type=\"heading.default\">\n\t\t\t\t<div class=\"elementor-widget-container\">\n\t\t\t\t\t<h4 class=\"elementor-heading-title elementor-size-default\">Ni\u00f1os<\/h4>\t\t\t\t<\/div>\n\t\t\t\t<\/div>\n\t\t\t\t<div class=\"elementor-element elementor-element-11ce34a elementor-widget elementor-widget-text-editor\" data-id=\"11ce34a\" data-element_type=\"widget\" data-e-type=\"widget\" data-widget_type=\"text-editor.default\">\n\t\t\t\t<div class=\"elementor-widget-container\">\n\t\t\t\t\t\t\t\t\t<p>Nuestros Sitios y nuestros productos y servicios no est\u00e1n dirigidos a personas menores de 18 a\u00f1os. No recopilamos a sabiendas informaci\u00f3n personal de ni\u00f1os menores de 18 a\u00f1os. Si un padre o tutor se da cuenta de que su hijo nos ha proporcionado informaci\u00f3n personal sin la autorizaci\u00f3n de dicho padre o tutor consentimiento, debe ponerse en contacto con nosotros. Si nos damos cuenta de que un ni\u00f1o menor de 18 a\u00f1os nos ha proporcionado informaci\u00f3n personal, eliminaremos dicha informaci\u00f3n de nuestros archivos.<\/p>\t\t\t\t\t\t\t\t<\/div>\n\t\t\t\t<\/div>\n\t\t\t\t<div class=\"elementor-element elementor-element-b4445b9 elementor-widget elementor-widget-heading\" data-id=\"b4445b9\" data-element_type=\"widget\" data-e-type=\"widget\" data-widget_type=\"heading.default\">\n\t\t\t\t<div class=\"elementor-widget-container\">\n\t\t\t\t\t<h4 class=\"elementor-heading-title elementor-size-default\">Uso internacional<\/h4>\t\t\t\t<\/div>\n\t\t\t\t<\/div>\n\t\t\t\t<div class=\"elementor-element elementor-element-2805190 elementor-widget elementor-widget-text-editor\" data-id=\"2805190\" data-element_type=\"widget\" data-e-type=\"widget\" data-widget_type=\"text-editor.default\">\n\t\t\t\t<div class=\"elementor-widget-container\">\n\t\t\t\t\t\t\t\t\t<p>Nuestra sede se encuentra en los Estados Unidos de Am\u00e9rica. Podemos acceder a la informaci\u00f3n personal o transferirla a nosotros en los Estados Unidos oa nuestras afiliadas, socios, comerciantes o proveedores de servicios en otras partes del mundo. Al proporcionarnos informaci\u00f3n personal, usted da su consentimiento para esta transferencia. Protegeremos la privacidad y seguridad de la informaci\u00f3n personal de acuerdo con esta declaraci\u00f3n de privacidad, independientemente de d\u00f3nde se procese o almacene; sin embargo, usted reconoce y acepta el hecho de que la informaci\u00f3n personal almacenada o procesada en los Estados Unidos estar\u00e1 sujeta a las leyes de Estados Unidos, incluida la capacidad de los gobiernos, los tribunales o las agencias de aplicaci\u00f3n de la ley o reguladoras de los Estados Unidos para obtener la divulgaci\u00f3n de su informaci\u00f3n personal.<\/p><p>Las preguntas y consultas relacionadas con su privacidad pueden enviarse por correo electr\u00f3nico o escribirnos a:<br \/>Yate Parker<br \/>240 SW 32nd Ct. Unidad 2<br \/>Fort Lauderdale<br \/>FL 33315<br \/>Atenci\u00f3n de EE. UU .: Gerente de privacidad<\/p>\t\t\t\t\t\t\t\t<\/div>\n\t\t\t\t<\/div>\n\t\t\t\t<div class=\"elementor-element elementor-element-a8e2a6d elementor-widget elementor-widget-heading\" data-id=\"a8e2a6d\" data-element_type=\"widget\" data-e-type=\"widget\" data-widget_type=\"heading.default\">\n\t\t\t\t<div class=\"elementor-widget-container\">\n\t\t\t\t\t<h4 class=\"elementor-heading-title elementor-size-default\">Notificaci\u00f3n de cambios<\/h4>\t\t\t\t<\/div>\n\t\t\t\t<\/div>\n\t\t\t\t<div class=\"elementor-element elementor-element-282a044 elementor-widget elementor-widget-text-editor\" data-id=\"282a044\" data-element_type=\"widget\" data-e-type=\"widget\" data-widget_type=\"text-editor.default\">\n\t\t\t\t<div class=\"elementor-widget-container\">\n\t\t\t\t\t\t\t\t\t<p>Nos reservamos el derecho de modificar esta declaraci\u00f3n de privacidad en cualquier momento, as\u00ed que rev\u00edsela con frecuencia. Si decidimos cambiar esta declaraci\u00f3n de privacidad de alguna manera material, se lo notificaremos aqu\u00ed, por correo electr\u00f3nico o mediante un aviso en www.parkeryacht.com y www.mshsgroup.com para que nuestros usuarios est\u00e9n siempre al tanto de qu\u00e9 informaci\u00f3n recopilamos, c\u00f3mo lo usamos y bajo qu\u00e9 circunstancias lo divulgamos. Para cambios sustanciales en la forma en que usamos la informaci\u00f3n personal, proporcionaremos un aviso previo por correo electr\u00f3nico (enviado a la direcci\u00f3n de correo electr\u00f3nico que figura en nuestros registros) o por medio de un aviso en www.parkeryacht.com antes de que el cambio entre en vigencia. En todos los casos, su uso continuado de cualquier Sitio o nuestros productos y servicios constituye una consideraci\u00f3n y su aceptaci\u00f3n vinculante a dichos cambios.<\/p>\t\t\t\t\t\t\t\t<\/div>\n\t\t\t\t<\/div>\n\t\t\t\t\t<\/div>\n\t\t<\/div>\n\t\t\t\t\t<\/div>\n\t\t<\/section>\n\t\t\t\t<\/div>","protected":false},"excerpt":{"rendered":"<p>Sharing of Information We may share your name, email address and other information with certain of our partners so that they may assist you in using our products and services, contact you on our behalf with offers, services or products that may be of interest to you. Our partners are prohibited from using your contact [&hellip;]<\/p>\n","protected":false},"author":2,"featured_media":0,"parent":0,"menu_order":0,"comment_status":"closed","ping_status":"open","template":"","meta":{"footnotes":""},"class_list":["post-3","page","type-page","status-publish","hentry"],"yoast_head":"<!-- This site is optimized with the Yoast SEO plugin v27.4 - https:\/\/yoast.com\/product\/yoast-seo-wordpress\/ -->\n<title>Privacy Statement - Parker Yacht Management | Yamaha Dealer | Yanmar Dealer | Outboard Engine &amp; Yacht Repair Services<\/title>\n<meta name=\"robots\" content=\"index, follow, max-snippet:-1, max-image-preview:large, max-video-preview:-1\" \/>\n<link rel=\"canonical\" href=\"https:\/\/parkeryacht.com\/es\/privacy-policy\/\" \/>\n<meta property=\"og:locale\" content=\"es_ES\" \/>\n<meta property=\"og:type\" content=\"article\" \/>\n<meta property=\"og:title\" content=\"Privacy Statement - Parker Yacht Management | Yamaha Dealer | Yanmar Dealer | Outboard Engine &amp; Yacht Repair Services\" \/>\n<meta property=\"og:description\" content=\"Sharing of Information We may share your name, email address and other information with certain of our partners so that they may assist you in using our products and services, contact you on our behalf with offers, services or products that may be of interest to you. Our partners are prohibited from using your contact [&hellip;]\" \/>\n<meta property=\"og:url\" content=\"https:\/\/parkeryacht.com\/es\/privacy-policy\/\" \/>\n<meta property=\"og:site_name\" content=\"Parker Yacht Management | Yamaha Dealer | Yanmar Dealer | Outboard Engine &amp; Yacht Repair Services\" \/>\n<meta property=\"article:modified_time\" content=\"2021-03-06T18:49:45+00:00\" \/>\n<meta name=\"twitter:card\" content=\"summary_large_image\" \/>\n<meta name=\"twitter:label1\" content=\"Est. reading time\" \/>\n\t<meta name=\"twitter:data1\" content=\"5 minutos\" \/>\n<script type=\"application\/ld+json\" class=\"yoast-schema-graph\">{\"@context\":\"https:\\\/\\\/schema.org\",\"@graph\":[{\"@type\":\"WebPage\",\"@id\":\"https:\\\/\\\/parkeryacht.com\\\/privacy-policy\\\/\",\"url\":\"https:\\\/\\\/parkeryacht.com\\\/privacy-policy\\\/\",\"name\":\"Privacy Statement - Parker Yacht Management | Yamaha Dealer | Yanmar Dealer | Outboard Engine &amp; Yacht Repair Services\",\"isPartOf\":{\"@id\":\"https:\\\/\\\/parkeryacht.com\\\/#website\"},\"datePublished\":\"2021-01-28T06:25:28+00:00\",\"dateModified\":\"2021-03-06T18:49:45+00:00\",\"breadcrumb\":{\"@id\":\"https:\\\/\\\/parkeryacht.com\\\/privacy-policy\\\/#breadcrumb\"},\"inLanguage\":\"es\",\"potentialAction\":[{\"@type\":\"ReadAction\",\"target\":[\"https:\\\/\\\/parkeryacht.com\\\/privacy-policy\\\/\"]}]},{\"@type\":\"BreadcrumbList\",\"@id\":\"https:\\\/\\\/parkeryacht.com\\\/privacy-policy\\\/#breadcrumb\",\"itemListElement\":[{\"@type\":\"ListItem\",\"position\":1,\"name\":\"Home\",\"item\":\"https:\\\/\\\/parkeryacht.com\\\/\"},{\"@type\":\"ListItem\",\"position\":2,\"name\":\"Privacy Statement\"}]},{\"@type\":\"WebSite\",\"@id\":\"https:\\\/\\\/parkeryacht.com\\\/#website\",\"url\":\"https:\\\/\\\/parkeryacht.com\\\/\",\"name\":\"Parker Yacht Management | Yamaha Dealer | Yanmar Dealer | Outboard Engine &amp; Yacht Repair Services\",\"description\":\"240 SW 32nd Ct #2, Fort Lauderdale, FL 33315, United States\",\"potentialAction\":[{\"@type\":\"SearchAction\",\"target\":{\"@type\":\"EntryPoint\",\"urlTemplate\":\"https:\\\/\\\/parkeryacht.com\\\/?s={search_term_string}\"},\"query-input\":{\"@type\":\"PropertyValueSpecification\",\"valueRequired\":true,\"valueName\":\"search_term_string\"}}],\"inLanguage\":\"es\"}]}<\/script>\n<!-- \/ Yoast SEO plugin. -->","yoast_head_json":{"title":"Privacy Statement - Parker Yacht Management | Yamaha Dealer | Yanmar Dealer | Outboard Engine &amp; Yacht Repair Services","robots":{"index":"index","follow":"follow","max-snippet":"max-snippet:-1","max-image-preview":"max-image-preview:large","max-video-preview":"max-video-preview:-1"},"canonical":"https:\/\/parkeryacht.com\/es\/privacy-policy\/","og_locale":"es_ES","og_type":"article","og_title":"Privacy Statement - Parker Yacht Management | Yamaha Dealer | Yanmar Dealer | Outboard Engine &amp; Yacht Repair Services","og_description":"Sharing of Information We may share your name, email address and other information with certain of our partners so that they may assist you in using our products and services, contact you on our behalf with offers, services or products that may be of interest to you. Our partners are prohibited from using your contact [&hellip;]","og_url":"https:\/\/parkeryacht.com\/es\/privacy-policy\/","og_site_name":"Parker Yacht Management | Yamaha Dealer | Yanmar Dealer | Outboard Engine &amp; Yacht Repair Services","article_modified_time":"2021-03-06T18:49:45+00:00","twitter_card":"summary_large_image","twitter_misc":{"Est. reading time":"5 minutos"},"schema":{"@context":"https:\/\/schema.org","@graph":[{"@type":"WebPage","@id":"https:\/\/parkeryacht.com\/privacy-policy\/","url":"https:\/\/parkeryacht.com\/privacy-policy\/","name":"Privacy Statement - Parker Yacht Management | Yamaha Dealer | Yanmar Dealer | Outboard Engine &amp; Yacht Repair Services","isPartOf":{"@id":"https:\/\/parkeryacht.com\/#website"},"datePublished":"2021-01-28T06:25:28+00:00","dateModified":"2021-03-06T18:49:45+00:00","breadcrumb":{"@id":"https:\/\/parkeryacht.com\/privacy-policy\/#breadcrumb"},"inLanguage":"es","potentialAction":[{"@type":"ReadAction","target":["https:\/\/parkeryacht.com\/privacy-policy\/"]}]},{"@type":"BreadcrumbList","@id":"https:\/\/parkeryacht.com\/privacy-policy\/#breadcrumb","itemListElement":[{"@type":"ListItem","position":1,"name":"Home","item":"https:\/\/parkeryacht.com\/"},{"@type":"ListItem","position":2,"name":"Privacy Statement"}]},{"@type":"WebSite","@id":"https:\/\/parkeryacht.com\/#website","url":"https:\/\/parkeryacht.com\/","name":"Parker Yacht Management | Yamaha Dealer | Yanmar Dealer | Outboard Engine &amp; Yacht Repair Services","description":"240 SW 32nd Ct #2, Fort Lauderdale, FL 33315, Estados Unidos","potentialAction":[{"@type":"SearchAction","target":{"@type":"EntryPoint","urlTemplate":"https:\/\/parkeryacht.com\/?s={search_term_string}"},"query-input":{"@type":"PropertyValueSpecification","valueRequired":true,"valueName":"search_term_string"}}],"inLanguage":"es"}]}},"_links":{"self":[{"href":"https:\/\/parkeryacht.com\/es\/wp-json\/wp\/v2\/pages\/3","targetHints":{"allow":["GET"]}}],"collection":[{"href":"https:\/\/parkeryacht.com\/es\/wp-json\/wp\/v2\/pages"}],"about":[{"href":"https:\/\/parkeryacht.com\/es\/wp-json\/wp\/v2\/types\/page"}],"author":[{"embeddable":true,"href":"https:\/\/parkeryacht.com\/es\/wp-json\/wp\/v2\/users\/2"}],"replies":[{"embeddable":true,"href":"https:\/\/parkeryacht.com\/es\/wp-json\/wp\/v2\/comments?post=3"}],"version-history":[{"count":0,"href":"https:\/\/parkeryacht.com\/es\/wp-json\/wp\/v2\/pages\/3\/revisions"}],"wp:attachment":[{"href":"https:\/\/parkeryacht.com\/es\/wp-json\/wp\/v2\/media?parent=3"}],"curies":[{"name":"wp","href":"https:\/\/api.w.org\/{rel}","templated":true}]}}