{"id":2682,"date":"2021-01-29T12:49:44","date_gmt":"2021-01-29T12:49:44","guid":{"rendered":"http:\/\/massivemax.com\/?page_id=2682"},"modified":"2023-12-14T23:24:19","modified_gmt":"2023-12-15T04:24:19","slug":"company","status":"publish","type":"page","link":"https:\/\/parkeryacht.com\/es\/company\/","title":{"rendered":"Compa\u00f1\u00eda"},"content":{"rendered":"<div data-elementor-type=\"wp-page\" data-elementor-id=\"2682\" class=\"elementor elementor-2682\">\n\t\t\t\t\t\t<section class=\"elementor-section elementor-top-section elementor-element elementor-element-bd7297b elementor-section-stretched elementor-section-full_width cust-marbtm0 elementor-section-height-default elementor-section-height-default\" data-id=\"bd7297b\" data-element_type=\"section\" data-e-type=\"section\" data-settings=\"{&quot;stretch_section&quot;:&quot;section-stretched&quot;}\">\n\t\t\t\t\t\t<div class=\"elementor-container elementor-column-gap-no\">\n\t\t\t\t\t<div class=\"elementor-column elementor-col-100 elementor-top-column elementor-element elementor-element-f7961f0\" data-id=\"f7961f0\" data-element_type=\"column\" data-e-type=\"column\">\n\t\t\t<div class=\"elementor-widget-wrap elementor-element-populated\">\n\t\t\t\t\t\t<div class=\"elementor-element elementor-element-679b645 cust-compny elementor-widget elementor-widget-about_us_1\" data-id=\"679b645\" data-element_type=\"widget\" data-e-type=\"widget\" data-widget_type=\"about_us_1.default\">\n\t\t\t\t<div class=\"elementor-widget-container\">\n\t\t\t\t\t\r\n\t\t<div class=\"block\">\r\n\t\t\t<div class=\"container no-indent\">\r\n\t\t\t\t<div class=\"wrapper-parallax-left02\">\r\n\t\t\t\t\t<div class=\"col-img\">\r\n\t\t\t\t\t\t<img fetchpriority=\"high\" decoding=\"async\" width=\"2431\" height=\"655\" src=\"https:\/\/parkeryacht.com\/wp-content\/uploads\/2023\/02\/main-logo.png\" class=\"attachment-full size-full\" alt=\"\" srcset=\"https:\/\/parkeryacht.com\/wp-content\/uploads\/2023\/02\/main-logo.png 2431w, https:\/\/parkeryacht.com\/wp-content\/uploads\/2023\/02\/main-logo-300x81.png 300w, https:\/\/parkeryacht.com\/wp-content\/uploads\/2023\/02\/main-logo-1024x276.png 1024w, https:\/\/parkeryacht.com\/wp-content\/uploads\/2023\/02\/main-logo-768x207.png 768w, https:\/\/parkeryacht.com\/wp-content\/uploads\/2023\/02\/main-logo-1536x414.png 1536w, https:\/\/parkeryacht.com\/wp-content\/uploads\/2023\/02\/main-logo-2048x552.png 2048w, https:\/\/parkeryacht.com\/wp-content\/uploads\/2023\/02\/main-logo-18x5.png 18w, https:\/\/parkeryacht.com\/wp-content\/uploads\/2023\/02\/main-logo-870x234.png 870w, https:\/\/parkeryacht.com\/wp-content\/uploads\/2023\/02\/main-logo-650x175.png 650w, https:\/\/parkeryacht.com\/wp-content\/uploads\/2023\/02\/main-logo-600x162.png 600w\" sizes=\"(max-width: 2431px) 100vw, 2431px\" \/>\t\t\t\t\t<\/div>\r\n\t\t\t\t\t<div class=\"col-description\">\r\n\t\t\t\t\t\t<div class=\"block-title text-left\">\r\n\t\t\t\t\t\t\t<h3 class=\"block-title__title\">\r\n\t\t\t\t\t\t\tYa que <span class=\"color\">2001<\/span> \t\t\t\t\t\t\t<\/h3>\r\n\t\t\t\t\t\t\t<div class=\"title-separator\"><\/div>\r\n\t\t\t\t\t\t<\/div>\r\n\t\t\t\t\t\t<p>Parker Yacht fue establecido en 2001 por Ole Parker, un capit\u00e1n profesional, y se ha convertido en una gran licitaci\u00f3n para yates a medida, consola central e instalaci\u00f3n de reparaci\u00f3n de botes que atiende a la industria de la pesca recreativa y la navegaci\u00f3n. Utilizando la \u00faltima tecnolog\u00eda y materiales, Parker Yacht tambi\u00e9n restaura los barcos de fibra de vidrio m\u00e1s antiguos a una condici\u00f3n mejor que la original, pero conservando el estilo cl\u00e1sico del barco.<\/p><p>La instalaci\u00f3n de Parker Yacht est\u00e1 ubicada en el coraz\u00f3n de Ft. Lauderdale y est\u00e1 cerca de todos los astilleros locales, Port Everglades y el Intracoastal Waterway. Adem\u00e1s del servicio en todo el condado de Broward, Parker Yacht tambi\u00e9n da servicio a los condados de Miami-Dade y Palm Beach.<\/p>\t\t\t\t\t<\/div>\r\n\t\t\t\t<\/div>\r\n\t\t\t\t<div class=\"divider-md\"><\/div>\r\n\t\t\t\t<div class=\"row\">\r\n\t\t\t\t\t\t\t\t\t<div class=\"col-md-4\">\r\n\t\t\t\t\t\t<h6 class=\"subtitle\"><\/h6>\r\n\t\t\t\t\t\t\t\t\t\t\t<\/div>\r\n\t\t\t\t\t\t\t\t\t\t\t\t\t\t<\/div>\r\n\t\t\t<\/div>\r\n\t\t<\/div>\r\n\t\t\t\t\t\t<\/div>\n\t\t\t\t<\/div>\n\t\t\t\t\t<\/div>\n\t\t<\/div>\n\t\t\t\t\t<\/div>\n\t\t<\/section>\n\t\t\t\t<section class=\"elementor-section elementor-top-section elementor-element elementor-element-4e111bb elementor-section-full_width elementor-section-height-default elementor-section-height-default\" data-id=\"4e111bb\" data-element_type=\"section\" data-e-type=\"section\">\n\t\t\t\t\t\t<div class=\"elementor-container elementor-column-gap-no\">\n\t\t\t\t\t<div class=\"elementor-column elementor-col-100 elementor-top-column elementor-element elementor-element-f3c2074\" data-id=\"f3c2074\" data-element_type=\"column\" data-e-type=\"column\">\n\t\t\t<div class=\"elementor-widget-wrap elementor-element-populated\">\n\t\t\t\t\t\t<div class=\"elementor-element elementor-element-645070b elementor-widget elementor-widget-text-editor\" data-id=\"645070b\" data-element_type=\"widget\" data-e-type=\"widget\" data-widget_type=\"text-editor.default\">\n\t\t\t\t<div class=\"elementor-widget-container\">\n\t\t\t\t\t\t\t\t\t<p>Parker Yacht opera una flota de remolques capaces de transportar y remolcar embarcaciones de hasta 43 \u2032 de LOA y 22,000 libras. capacidad, ofreciendo servicio \u201cmuelle a puerta\u201d.<\/p><p>Como distribuidor autorizado de motores de l\u00ednea completa y centro de reparaci\u00f3n YAMAHA, Parker Yacht almacena motores de F2.5 a F425HP. Para brindar un mayor apoyo a los clientes, siempre hay en inventario un complemento completo de piezas para fueraborda y accesorios de aparejo originales YAMAHA.<\/p><p>El departamento de servicio de Parker Yacht utiliza los \u00faltimos equipos de diagn\u00f3stico y nuestros t\u00e9cnicos de servicio est\u00e1n certificados y capacitados en f\u00e1brica por YAMAHA. La atenci\u00f3n al detalle es lo que nos distingue. Ofrecemos atenci\u00f3n al cliente personalizada, propuestas oportunas y artesan\u00eda de calidad. Nos enorgullecemos de hacer la tarea a tiempo, dentro del presupuesto y de devolverla al propietario \/ capit\u00e1n en condiciones limpias.<\/p><p>Parker Yacht es una instalaci\u00f3n de reparaci\u00f3n de botes, consola central y licitaci\u00f3n para yates grandes personalizada. Como distribuidor autorizado de motores YAMAHA y centro de reparaci\u00f3n, PYM almacena motores y piezas originales para fueraborda YAMAHA y accesorios de aparejo. Todos los t\u00e9cnicos de servicio est\u00e1n certificados y capacitados en f\u00e1brica por YAMAHA. Parker Yacht tambi\u00e9n es un centro de servicio autorizado Castoldi, que presta servicio a jets Castoldi y motores di\u00e9sel. PYM es conveniente para los astilleros locales, Port Everglades y el Intracoastal Waterway. Utilizando la \u00faltima tecnolog\u00eda y materiales, PYM tambi\u00e9n restaura barcos de fibra de vidrio m\u00e1s antiguos. PYM tambi\u00e9n brinda servicio \u201c\u201d de muelle a puerta \u201d\u201d utilizando remolques capaces de transportar y remolcar embarcaciones de hasta 22,000# y 45 \u2032 LOA, sirviendo a los condados de Miami-Dade, Broward y Palm Beach.<\/p>\t\t\t\t\t\t\t\t<\/div>\n\t\t\t\t<\/div>\n\t\t\t\t\t<\/div>\n\t\t<\/div>\n\t\t\t\t\t<\/div>\n\t\t<\/section>\n\t\t\t\t<section class=\"elementor-section elementor-top-section elementor-element elementor-element-c483a98 elementor-section-full_width elementor-section-height-default elementor-section-height-default\" data-id=\"c483a98\" data-element_type=\"section\" data-e-type=\"section\" data-settings=\"{&quot;background_background&quot;:&quot;classic&quot;}\">\n\t\t\t\t\t\t<div class=\"elementor-container elementor-column-gap-no\">\n\t\t\t\t\t<div class=\"elementor-column elementor-col-100 elementor-top-column elementor-element elementor-element-5ffabc1\" data-id=\"5ffabc1\" data-element_type=\"column\" data-e-type=\"column\">\n\t\t\t<div class=\"elementor-widget-wrap\">\n\t\t\t\t\t\t\t<\/div>\n\t\t<\/div>\n\t\t\t\t\t<\/div>\n\t\t<\/section>\n\t\t\t\t<section class=\"elementor-section elementor-top-section elementor-element elementor-element-bc415c3 elementor-section-full_width elementor-section-content-middle elementor-section-height-default elementor-section-height-default\" data-id=\"bc415c3\" data-element_type=\"section\" data-e-type=\"section\">\n\t\t\t\t\t\t<div class=\"elementor-container elementor-column-gap-no\">\n\t\t\t\t\t<div class=\"elementor-column elementor-col-33 elementor-top-column elementor-element elementor-element-419fec2\" data-id=\"419fec2\" data-element_type=\"column\" data-e-type=\"column\">\n\t\t\t<div class=\"elementor-widget-wrap elementor-element-populated\">\n\t\t\t\t\t\t<div class=\"elementor-element elementor-element-96355ab elementor-widget elementor-widget-image\" data-id=\"96355ab\" data-element_type=\"widget\" data-e-type=\"widget\" data-widget_type=\"image.default\">\n\t\t\t\t<div class=\"elementor-widget-container\">\n\t\t\t\t\t\t\t\t\t\t\t\t\t\t\t<img decoding=\"async\" width=\"500\" height=\"310\" src=\"https:\/\/parkeryacht.com\/wp-content\/uploads\/2021\/02\/bandofboaters-new.png\" class=\"attachment-full size-full wp-image-4319\" alt=\"\" srcset=\"https:\/\/parkeryacht.com\/wp-content\/uploads\/2021\/02\/bandofboaters-new.png 500w, https:\/\/parkeryacht.com\/wp-content\/uploads\/2021\/02\/bandofboaters-new-300x186.png 300w\" sizes=\"(max-width: 500px) 100vw, 500px\" \/>\t\t\t\t\t\t\t\t\t\t\t\t\t\t\t<\/div>\n\t\t\t\t<\/div>\n\t\t\t\t\t<\/div>\n\t\t<\/div>\n\t\t\t\t<div class=\"elementor-column elementor-col-66 elementor-top-column elementor-element elementor-element-2f64ad8\" data-id=\"2f64ad8\" data-element_type=\"column\" data-e-type=\"column\">\n\t\t\t<div class=\"elementor-widget-wrap elementor-element-populated\">\n\t\t\t\t\t\t<div class=\"elementor-element elementor-element-e9edc9c elementor-widget elementor-widget-text-editor\" data-id=\"e9edc9c\" data-element_type=\"widget\" data-e-type=\"widget\" data-widget_type=\"text-editor.default\">\n\t\t\t\t<div class=\"elementor-widget-container\">\n\t\t\t\t\t\t\t\t\t<p>Band of Boaters es el \u00fanico sitio web de navegaci\u00f3n donde las autoridades de la industria son seleccionadas por sus pares para ofrecerle consejos sobre su barco. \u00danase gratis y conozca a otros navegantes y pescadores.<\/p>\t\t\t\t\t\t\t\t<\/div>\n\t\t\t\t<\/div>\n\t\t\t\t<div class=\"elementor-element elementor-element-d89dea7 elementor-widget elementor-widget-html\" data-id=\"d89dea7\" data-element_type=\"widget\" data-e-type=\"widget\" data-widget_type=\"html.default\">\n\t\t\t\t<div class=\"elementor-widget-container\">\n\t\t\t\t\t<p class=\"cust-btn cust-btn-center\"><a class=\"btn btn-border btn-invert\" href=\"https:\/\/www.bandofboaters.com\/\" target=\"_blank\"><em>\u00danete ahora<\/em><\/a><\/p>\t\t\t\t<\/div>\n\t\t\t\t<\/div>\n\t\t\t\t\t<\/div>\n\t\t<\/div>\n\t\t\t\t\t<\/div>\n\t\t<\/section>\n\t\t\t\t<section class=\"elementor-section elementor-top-section elementor-element elementor-element-10efbaa elementor-section-full_width elementor-section-height-default elementor-section-height-default\" data-id=\"10efbaa\" data-element_type=\"section\" data-e-type=\"section\">\n\t\t\t\t\t\t<div class=\"elementor-container elementor-column-gap-no\">\n\t\t\t\t\t<div class=\"elementor-column elementor-col-100 elementor-top-column elementor-element elementor-element-c2c8663\" data-id=\"c2c8663\" data-element_type=\"column\" data-e-type=\"column\">\n\t\t\t<div class=\"elementor-widget-wrap elementor-element-populated\">\n\t\t\t\t\t\t<div class=\"elementor-element elementor-element-fee42f5 elementor-widget elementor-widget-heading\" data-id=\"fee42f5\" data-element_type=\"widget\" data-e-type=\"widget\" data-widget_type=\"heading.default\">\n\t\t\t\t<div class=\"elementor-widget-container\">\n\t\t\t\t\t<h2 class=\"elementor-heading-title elementor-size-default\">Afiliaciones de la industria<\/h2>\t\t\t\t<\/div>\n\t\t\t\t<\/div>\n\t\t\t\t<section class=\"elementor-section elementor-inner-section elementor-element elementor-element-b4d2b3e elementor-section-boxed elementor-section-height-default elementor-section-height-default\" data-id=\"b4d2b3e\" data-element_type=\"section\" data-e-type=\"section\">\n\t\t\t\t\t\t<div class=\"elementor-container elementor-column-gap-no\">\n\t\t\t\t\t<div class=\"elementor-column elementor-col-25 elementor-inner-column elementor-element elementor-element-4523daf\" data-id=\"4523daf\" data-element_type=\"column\" data-e-type=\"column\">\n\t\t\t<div class=\"elementor-widget-wrap elementor-element-populated\">\n\t\t\t\t\t\t<div class=\"elementor-element elementor-element-3091b98 elementor-widget elementor-widget-image\" data-id=\"3091b98\" data-element_type=\"widget\" data-e-type=\"widget\" data-widget_type=\"image.default\">\n\t\t\t\t<div class=\"elementor-widget-container\">\n\t\t\t\t\t\t\t\t\t\t\t\t\t\t\t<img decoding=\"async\" src=\"https:\/\/parkeryacht.com\/wp-content\/uploads\/2021\/02\/01.jpg\" title=\"01\" alt=\"01\" loading=\"lazy\" \/>\t\t\t\t\t\t\t\t\t\t\t\t\t\t\t<\/div>\n\t\t\t\t<\/div>\n\t\t\t\t\t<\/div>\n\t\t<\/div>\n\t\t\t\t<div class=\"elementor-column elementor-col-25 elementor-inner-column elementor-element elementor-element-610d362\" data-id=\"610d362\" data-element_type=\"column\" data-e-type=\"column\">\n\t\t\t<div class=\"elementor-widget-wrap elementor-element-populated\">\n\t\t\t\t\t\t<div class=\"elementor-element elementor-element-c6e6592 elementor-widget elementor-widget-image\" data-id=\"c6e6592\" data-element_type=\"widget\" data-e-type=\"widget\" data-widget_type=\"image.default\">\n\t\t\t\t<div class=\"elementor-widget-container\">\n\t\t\t\t\t\t\t\t\t\t\t\t\t\t\t<img decoding=\"async\" src=\"https:\/\/parkeryacht.com\/wp-content\/uploads\/2021\/02\/02.jpg\" title=\"02\" alt=\"02\" loading=\"lazy\" \/>\t\t\t\t\t\t\t\t\t\t\t\t\t\t\t<\/div>\n\t\t\t\t<\/div>\n\t\t\t\t\t<\/div>\n\t\t<\/div>\n\t\t\t\t<div class=\"elementor-column elementor-col-25 elementor-inner-column elementor-element elementor-element-ce4696d\" data-id=\"ce4696d\" data-element_type=\"column\" data-e-type=\"column\">\n\t\t\t<div class=\"elementor-widget-wrap elementor-element-populated\">\n\t\t\t\t\t\t<div class=\"elementor-element elementor-element-4036ea9 elementor-widget elementor-widget-image\" data-id=\"4036ea9\" data-element_type=\"widget\" data-e-type=\"widget\" data-widget_type=\"image.default\">\n\t\t\t\t<div class=\"elementor-widget-container\">\n\t\t\t\t\t\t\t\t\t\t\t\t\t\t\t<img decoding=\"async\" src=\"https:\/\/parkeryacht.com\/wp-content\/uploads\/2021\/02\/ABYC-member-logo.png\" title=\"Logotipo de miembro de ABYC\" alt=\"ABYC-member-logo\" loading=\"lazy\" \/>\t\t\t\t\t\t\t\t\t\t\t\t\t\t\t<\/div>\n\t\t\t\t<\/div>\n\t\t\t\t\t<\/div>\n\t\t<\/div>\n\t\t\t\t<div class=\"elementor-column elementor-col-25 elementor-inner-column elementor-element elementor-element-5172f7b\" data-id=\"5172f7b\" data-element_type=\"column\" data-e-type=\"column\">\n\t\t\t<div class=\"elementor-widget-wrap elementor-element-populated\">\n\t\t\t\t\t\t<div class=\"elementor-element elementor-element-6464c0e elementor-widget elementor-widget-image\" data-id=\"6464c0e\" data-element_type=\"widget\" data-e-type=\"widget\" data-widget_type=\"image.default\">\n\t\t\t\t<div class=\"elementor-widget-container\">\n\t\t\t\t\t\t\t\t\t\t\t\t\t\t\t<img decoding=\"async\" src=\"https:\/\/parkeryacht.com\/wp-content\/uploads\/2021\/02\/USSA_Member.png\" title=\"USSA_Member\" alt=\"USSA_Member\" loading=\"lazy\" \/>\t\t\t\t\t\t\t\t\t\t\t\t\t\t\t<\/div>\n\t\t\t\t<\/div>\n\t\t\t\t\t<\/div>\n\t\t<\/div>\n\t\t\t\t\t<\/div>\n\t\t<\/section>\n\t\t\t\t\t<\/div>\n\t\t<\/div>\n\t\t\t\t\t<\/div>\n\t\t<\/section>\n\t\t\t\t<\/div>","protected":false},"excerpt":{"rendered":"<p>Since 2001 Parker Yacht was established in 2001 by Ole Parker, a Professional Captain, and has developed into a large custom yacht tender, center console, and boat repair facility that caters to the yachting and recreational fishing industry. Utilizing the latest technology and materials, Parker Yacht also restores older fiberglass boats to better than original [&hellip;]<\/p>\n","protected":false},"author":2,"featured_media":0,"parent":0,"menu_order":0,"comment_status":"closed","ping_status":"closed","template":"","meta":{"footnotes":""},"class_list":["post-2682","page","type-page","status-publish","hentry"],"yoast_head":"<!-- This site is optimized with the Yoast SEO plugin v27.4 - https:\/\/yoast.com\/product\/yoast-seo-wordpress\/ -->\n<title>Company - Parker Yacht Management | Yamaha Dealer | Yanmar Dealer | Outboard Engine &amp; Yacht Repair Services<\/title>\n<meta name=\"robots\" content=\"index, follow, max-snippet:-1, max-image-preview:large, max-video-preview:-1\" \/>\n<link rel=\"canonical\" href=\"https:\/\/parkeryacht.com\/es\/company\/\" \/>\n<meta property=\"og:locale\" content=\"es_ES\" \/>\n<meta property=\"og:type\" content=\"article\" \/>\n<meta property=\"og:title\" content=\"Company - Parker Yacht Management | Yamaha Dealer | Yanmar Dealer | Outboard Engine &amp; Yacht Repair Services\" \/>\n<meta property=\"og:description\" content=\"Since 2001 Parker Yacht was established in 2001 by Ole Parker, a Professional Captain, and has developed into a large custom yacht tender, center console, and boat repair facility that caters to the yachting and recreational fishing industry. Utilizing the latest technology and materials, Parker Yacht also restores older fiberglass boats to better than original [&hellip;]\" \/>\n<meta property=\"og:url\" content=\"https:\/\/parkeryacht.com\/es\/company\/\" \/>\n<meta property=\"og:site_name\" content=\"Parker Yacht Management | Yamaha Dealer | Yanmar Dealer | Outboard Engine &amp; Yacht Repair Services\" \/>\n<meta property=\"article:modified_time\" content=\"2023-12-15T04:24:19+00:00\" \/>\n<meta property=\"og:image\" content=\"https:\/\/parkeryacht.com\/wp-content\/uploads\/2023\/02\/main-logo.png\" \/>\n<meta name=\"twitter:card\" content=\"summary_large_image\" \/>\n<meta name=\"twitter:label1\" content=\"Est. reading time\" \/>\n\t<meta name=\"twitter:data1\" content=\"3 minutos\" \/>\n<script type=\"application\/ld+json\" class=\"yoast-schema-graph\">{\"@context\":\"https:\\\/\\\/schema.org\",\"@graph\":[{\"@type\":\"WebPage\",\"@id\":\"https:\\\/\\\/parkeryacht.com\\\/company\\\/\",\"url\":\"https:\\\/\\\/parkeryacht.com\\\/company\\\/\",\"name\":\"Company - Parker Yacht Management | Yamaha Dealer | Yanmar Dealer | Outboard Engine &amp; Yacht Repair Services\",\"isPartOf\":{\"@id\":\"https:\\\/\\\/parkeryacht.com\\\/#website\"},\"primaryImageOfPage\":{\"@id\":\"https:\\\/\\\/parkeryacht.com\\\/company\\\/#primaryimage\"},\"image\":{\"@id\":\"https:\\\/\\\/parkeryacht.com\\\/company\\\/#primaryimage\"},\"thumbnailUrl\":\"https:\\\/\\\/parkeryacht.com\\\/wp-content\\\/uploads\\\/2023\\\/02\\\/main-logo.png\",\"datePublished\":\"2021-01-29T12:49:44+00:00\",\"dateModified\":\"2023-12-15T04:24:19+00:00\",\"breadcrumb\":{\"@id\":\"https:\\\/\\\/parkeryacht.com\\\/company\\\/#breadcrumb\"},\"inLanguage\":\"es\",\"potentialAction\":[{\"@type\":\"ReadAction\",\"target\":[\"https:\\\/\\\/parkeryacht.com\\\/company\\\/\"]}]},{\"@type\":\"ImageObject\",\"inLanguage\":\"es\",\"@id\":\"https:\\\/\\\/parkeryacht.com\\\/company\\\/#primaryimage\",\"url\":\"https:\\\/\\\/parkeryacht.com\\\/wp-content\\\/uploads\\\/2023\\\/02\\\/main-logo.png\",\"contentUrl\":\"https:\\\/\\\/parkeryacht.com\\\/wp-content\\\/uploads\\\/2023\\\/02\\\/main-logo.png\"},{\"@type\":\"BreadcrumbList\",\"@id\":\"https:\\\/\\\/parkeryacht.com\\\/company\\\/#breadcrumb\",\"itemListElement\":[{\"@type\":\"ListItem\",\"position\":1,\"name\":\"Home\",\"item\":\"https:\\\/\\\/parkeryacht.com\\\/\"},{\"@type\":\"ListItem\",\"position\":2,\"name\":\"Company\"}]},{\"@type\":\"WebSite\",\"@id\":\"https:\\\/\\\/parkeryacht.com\\\/#website\",\"url\":\"https:\\\/\\\/parkeryacht.com\\\/\",\"name\":\"Parker Yacht Management | Yamaha Dealer | Yanmar Dealer | Outboard Engine &amp; Yacht Repair Services\",\"description\":\"240 SW 32nd Ct #2, Fort Lauderdale, FL 33315, United States\",\"potentialAction\":[{\"@type\":\"SearchAction\",\"target\":{\"@type\":\"EntryPoint\",\"urlTemplate\":\"https:\\\/\\\/parkeryacht.com\\\/?s={search_term_string}\"},\"query-input\":{\"@type\":\"PropertyValueSpecification\",\"valueRequired\":true,\"valueName\":\"search_term_string\"}}],\"inLanguage\":\"es\"}]}<\/script>\n<!-- \/ Yoast SEO plugin. -->","yoast_head_json":{"title":"Company - Parker Yacht Management | Yamaha Dealer | Yanmar Dealer | Outboard Engine &amp; Yacht Repair Services","robots":{"index":"index","follow":"follow","max-snippet":"max-snippet:-1","max-image-preview":"max-image-preview:large","max-video-preview":"max-video-preview:-1"},"canonical":"https:\/\/parkeryacht.com\/es\/company\/","og_locale":"es_ES","og_type":"article","og_title":"Company - Parker Yacht Management | Yamaha Dealer | Yanmar Dealer | Outboard Engine &amp; Yacht Repair Services","og_description":"Since 2001 Parker Yacht was established in 2001 by Ole Parker, a Professional Captain, and has developed into a large custom yacht tender, center console, and boat repair facility that caters to the yachting and recreational fishing industry. Utilizing the latest technology and materials, Parker Yacht also restores older fiberglass boats to better than original [&hellip;]","og_url":"https:\/\/parkeryacht.com\/es\/company\/","og_site_name":"Parker Yacht Management | Yamaha Dealer | Yanmar Dealer | Outboard Engine &amp; Yacht Repair Services","article_modified_time":"2023-12-15T04:24:19+00:00","og_image":[{"url":"https:\/\/parkeryacht.com\/wp-content\/uploads\/2023\/02\/main-logo.png","type":"","width":"","height":""}],"twitter_card":"summary_large_image","twitter_misc":{"Est. reading time":"3 minutos"},"schema":{"@context":"https:\/\/schema.org","@graph":[{"@type":"WebPage","@id":"https:\/\/parkeryacht.com\/company\/","url":"https:\/\/parkeryacht.com\/company\/","name":"Company - Parker Yacht Management | Yamaha Dealer | Yanmar Dealer | Outboard Engine &amp; Yacht Repair Services","isPartOf":{"@id":"https:\/\/parkeryacht.com\/#website"},"primaryImageOfPage":{"@id":"https:\/\/parkeryacht.com\/company\/#primaryimage"},"image":{"@id":"https:\/\/parkeryacht.com\/company\/#primaryimage"},"thumbnailUrl":"https:\/\/parkeryacht.com\/wp-content\/uploads\/2023\/02\/main-logo.png","datePublished":"2021-01-29T12:49:44+00:00","dateModified":"2023-12-15T04:24:19+00:00","breadcrumb":{"@id":"https:\/\/parkeryacht.com\/company\/#breadcrumb"},"inLanguage":"es","potentialAction":[{"@type":"ReadAction","target":["https:\/\/parkeryacht.com\/company\/"]}]},{"@type":"ImageObject","inLanguage":"es","@id":"https:\/\/parkeryacht.com\/company\/#primaryimage","url":"https:\/\/parkeryacht.com\/wp-content\/uploads\/2023\/02\/main-logo.png","contentUrl":"https:\/\/parkeryacht.com\/wp-content\/uploads\/2023\/02\/main-logo.png"},{"@type":"BreadcrumbList","@id":"https:\/\/parkeryacht.com\/company\/#breadcrumb","itemListElement":[{"@type":"ListItem","position":1,"name":"Home","item":"https:\/\/parkeryacht.com\/"},{"@type":"ListItem","position":2,"name":"Company"}]},{"@type":"WebSite","@id":"https:\/\/parkeryacht.com\/#website","url":"https:\/\/parkeryacht.com\/","name":"Parker Yacht Management | Yamaha Dealer | Yanmar Dealer | Outboard Engine &amp; Yacht Repair Services","description":"240 SW 32nd Ct #2, Fort Lauderdale, FL 33315, Estados Unidos","potentialAction":[{"@type":"SearchAction","target":{"@type":"EntryPoint","urlTemplate":"https:\/\/parkeryacht.com\/?s={search_term_string}"},"query-input":{"@type":"PropertyValueSpecification","valueRequired":true,"valueName":"search_term_string"}}],"inLanguage":"es"}]}},"_links":{"self":[{"href":"https:\/\/parkeryacht.com\/es\/wp-json\/wp\/v2\/pages\/2682","targetHints":{"allow":["GET"]}}],"collection":[{"href":"https:\/\/parkeryacht.com\/es\/wp-json\/wp\/v2\/pages"}],"about":[{"href":"https:\/\/parkeryacht.com\/es\/wp-json\/wp\/v2\/types\/page"}],"author":[{"embeddable":true,"href":"https:\/\/parkeryacht.com\/es\/wp-json\/wp\/v2\/users\/2"}],"replies":[{"embeddable":true,"href":"https:\/\/parkeryacht.com\/es\/wp-json\/wp\/v2\/comments?post=2682"}],"version-history":[{"count":0,"href":"https:\/\/parkeryacht.com\/es\/wp-json\/wp\/v2\/pages\/2682\/revisions"}],"wp:attachment":[{"href":"https:\/\/parkeryacht.com\/es\/wp-json\/wp\/v2\/media?parent=2682"}],"curies":[{"name":"wp","href":"https:\/\/api.w.org\/{rel}","templated":true}]}}