{"id":2670,"date":"2021-01-29T11:17:28","date_gmt":"2021-01-29T11:17:28","guid":{"rendered":"http:\/\/massivemax.com\/?page_id=2670"},"modified":"2021-02-16T10:03:41","modified_gmt":"2021-02-16T10:03:41","slug":"tender-towing","status":"publish","type":"page","link":"https:\/\/parkeryacht.com\/es\/tender-towing\/","title":{"rendered":"Remolque tierno"},"content":{"rendered":"<div data-elementor-type=\"wp-page\" data-elementor-id=\"2670\" class=\"elementor elementor-2670\">\n\t\t\t\t\t\t<section class=\"elementor-section elementor-top-section elementor-element elementor-element-1c036db6 elementor-section-stretched elementor-section-full_width cust-marbtm20 elementor-section-height-default elementor-section-height-default\" data-id=\"1c036db6\" data-element_type=\"section\" data-e-type=\"section\" data-settings=\"{&quot;stretch_section&quot;:&quot;section-stretched&quot;}\">\n\t\t\t\t\t\t<div class=\"elementor-container elementor-column-gap-no\">\n\t\t\t\t\t<div class=\"elementor-column elementor-col-100 elementor-top-column elementor-element elementor-element-406f86a0\" data-id=\"406f86a0\" data-element_type=\"column\" data-e-type=\"column\">\n\t\t\t<div class=\"elementor-widget-wrap elementor-element-populated\">\n\t\t\t\t\t\t<div class=\"elementor-element elementor-element-a6ba417 elementor-widget elementor-widget-about_us_1\" data-id=\"a6ba417\" data-element_type=\"widget\" data-e-type=\"widget\" data-widget_type=\"about_us_1.default\">\n\t\t\t\t<div class=\"elementor-widget-container\">\n\t\t\t\t\t\r\n\t\t<div class=\"block\">\r\n\t\t\t<div class=\"container no-indent\">\r\n\t\t\t\t<div class=\"wrapper-parallax-left02\">\r\n\t\t\t\t\t<div class=\"col-img\">\r\n\t\t\t\t\t\t<img fetchpriority=\"high\" decoding=\"async\" width=\"615\" height=\"501\" src=\"https:\/\/parkeryacht.com\/wp-content\/uploads\/2021\/02\/Towing-bnr.png\" class=\"attachment-full size-full\" alt=\"\" srcset=\"https:\/\/parkeryacht.com\/wp-content\/uploads\/2021\/02\/Towing-bnr.png 615w, https:\/\/parkeryacht.com\/wp-content\/uploads\/2021\/02\/Towing-bnr-600x489.png 600w, https:\/\/parkeryacht.com\/wp-content\/uploads\/2021\/02\/Towing-bnr-300x244.png 300w, https:\/\/parkeryacht.com\/wp-content\/uploads\/2021\/02\/Towing-bnr-603x491.png 603w\" sizes=\"(max-width: 615px) 100vw, 615px\" \/>\t\t\t\t\t<\/div>\r\n\t\t\t\t\t<div class=\"col-description\">\r\n\t\t\t\t\t\t<div class=\"block-title text-left\">\r\n\t\t\t\t\t\t\t<h3 class=\"block-title__title\">\r\n\t\t\t\t\t\t\tTierno <span class=\"color\">Remolque<\/span> \t\t\t\t\t\t\t<\/h3>\r\n\t\t\t\t\t\t\t<div class=\"title-separator\"><\/div>\r\n\t\t\t\t\t\t<\/div>\r\n\t\t\t\t\t\t<p>Tow Bits y Hawser&#039;s<br \/><br \/>Instalamos brocas y cables de remolque fabricados a medida para todos los tama\u00f1os de embarcaciones de yates. Nuestras brocas de remolque est\u00e1n dise\u00f1adas y fabricadas para manejar las tensiones del remolque oce\u00e1nico. Utilizamos solo material de acero inoxidable 316, atornillado con pernos de acero inoxidable y placas de respaldo de aluminio.<br \/><br \/>Todas nuestras pinzas de remolque est\u00e1n hechas con trenza doble New England Ropes, Samson AmSteel, equipo de rozamiento personalizado y todos los herrajes de acero inoxidable 316. Hemos instalado brocas de remolque fabricadas a medida en las siguientes marcas de embarcaciones: Contender, Intrepid, Boston Whaler, EdgeWater, SeaCraft, Novurania, Nautica y Protector, por nombrar algunas. Por favor cont\u00e1ctenos para una propuesta sobre sus necesidades de bridas de remolque.<\/p>\t\t\t\t\t<\/div>\r\n\t\t\t\t<\/div>\r\n\t\t\t\t<div class=\"divider-md\"><\/div>\r\n\t\t\t\t<div class=\"row\">\r\n\t\t\t\t\t\t\t\t\t<div class=\"col-md-4\">\r\n\t\t\t\t\t\t<h6 class=\"subtitle\"><\/h6>\r\n\t\t\t\t\t\t\t\t\t\t\t<\/div>\r\n\t\t\t\t\t\t\t\t\t\t\t\t\t\t<\/div>\r\n\t\t\t<\/div>\r\n\t\t<\/div>\r\n\t\t\t\t\t\t<\/div>\n\t\t\t\t<\/div>\n\t\t\t\t\t<\/div>\n\t\t<\/div>\n\t\t\t\t\t<\/div>\n\t\t<\/section>\n\t\t\t\t<section class=\"elementor-section elementor-top-section elementor-element elementor-element-56a1ef37 elementor-section-full_width elementor-section-height-default elementor-section-height-default\" data-id=\"56a1ef37\" data-element_type=\"section\" data-e-type=\"section\" data-settings=\"{&quot;background_background&quot;:&quot;classic&quot;}\">\n\t\t\t\t\t\t<div class=\"elementor-container elementor-column-gap-no\">\n\t\t\t\t\t<div class=\"elementor-column elementor-col-100 elementor-top-column elementor-element elementor-element-320662ed\" data-id=\"320662ed\" data-element_type=\"column\" data-e-type=\"column\">\n\t\t\t<div class=\"elementor-widget-wrap elementor-element-populated\">\n\t\t\t\t\t\t<div class=\"elementor-element elementor-element-3a12b725 elementor-widget elementor-widget-heading\" data-id=\"3a12b725\" data-element_type=\"widget\" data-e-type=\"widget\" data-widget_type=\"heading.default\">\n\t\t\t\t<div class=\"elementor-widget-container\">\n\t\t\t\t\t<h4 class=\"elementor-heading-title elementor-size-default\">Remolque tierno<\/h4>\t\t\t\t<\/div>\n\t\t\t\t<\/div>\n\t\t\t\t\t<\/div>\n\t\t<\/div>\n\t\t\t\t\t<\/div>\n\t\t<\/section>\n\t\t\t\t<\/div>","protected":false},"excerpt":{"rendered":"<p>Tender Towing Tow Bits and Hawser&#8217;s We install custom fabricated tow bits and hawsers for all sizes of yacht tenders. Our tow bits are designed and fabricated to handle the stresses of ocean towing. We use only 316 SS material, through bolted with SS bolts and aluminum backing plates. All our tow hawser&#8217;s are made [&hellip;]<\/p>\n","protected":false},"author":2,"featured_media":0,"parent":0,"menu_order":0,"comment_status":"closed","ping_status":"closed","template":"","meta":{"footnotes":""},"class_list":["post-2670","page","type-page","status-publish","hentry"],"yoast_head":"<!-- This site is optimized with the Yoast SEO plugin v27.4 - https:\/\/yoast.com\/product\/yoast-seo-wordpress\/ -->\n<title>Tender Towing - Parker Yacht Management | Yamaha Dealer | Yanmar Dealer | Outboard Engine &amp; Yacht Repair Services<\/title>\n<meta name=\"robots\" content=\"index, follow, max-snippet:-1, max-image-preview:large, max-video-preview:-1\" \/>\n<link rel=\"canonical\" href=\"https:\/\/parkeryacht.com\/es\/tender-towing\/\" \/>\n<meta property=\"og:locale\" content=\"es_ES\" \/>\n<meta property=\"og:type\" content=\"article\" \/>\n<meta property=\"og:title\" content=\"Tender Towing - Parker Yacht Management | Yamaha Dealer | Yanmar Dealer | Outboard Engine &amp; Yacht Repair Services\" \/>\n<meta property=\"og:description\" content=\"Tender Towing Tow Bits and Hawser&#8217;s We install custom fabricated tow bits and hawsers for all sizes of yacht tenders. Our tow bits are designed and fabricated to handle the stresses of ocean towing. We use only 316 SS material, through bolted with SS bolts and aluminum backing plates. All our tow hawser&#8217;s are made [&hellip;]\" \/>\n<meta property=\"og:url\" content=\"https:\/\/parkeryacht.com\/es\/tender-towing\/\" \/>\n<meta property=\"og:site_name\" content=\"Parker Yacht Management | Yamaha Dealer | Yanmar Dealer | Outboard Engine &amp; Yacht Repair Services\" \/>\n<meta property=\"article:modified_time\" content=\"2021-02-16T10:03:41+00:00\" \/>\n<meta property=\"og:image\" content=\"http:\/\/parkeryacht.com\/wp-content\/uploads\/2021\/02\/Towing-bnr.png\" \/>\n<meta name=\"twitter:card\" content=\"summary_large_image\" \/>\n<meta name=\"twitter:label1\" content=\"Est. reading time\" \/>\n\t<meta name=\"twitter:data1\" content=\"4 minutos\" \/>\n<script type=\"application\/ld+json\" class=\"yoast-schema-graph\">{\"@context\":\"https:\\\/\\\/schema.org\",\"@graph\":[{\"@type\":\"WebPage\",\"@id\":\"https:\\\/\\\/parkeryacht.com\\\/tender-towing\\\/\",\"url\":\"https:\\\/\\\/parkeryacht.com\\\/tender-towing\\\/\",\"name\":\"Tender Towing - Parker Yacht Management | Yamaha Dealer | Yanmar Dealer | Outboard Engine &amp; Yacht Repair Services\",\"isPartOf\":{\"@id\":\"https:\\\/\\\/parkeryacht.com\\\/#website\"},\"primaryImageOfPage\":{\"@id\":\"https:\\\/\\\/parkeryacht.com\\\/tender-towing\\\/#primaryimage\"},\"image\":{\"@id\":\"https:\\\/\\\/parkeryacht.com\\\/tender-towing\\\/#primaryimage\"},\"thumbnailUrl\":\"http:\\\/\\\/parkeryacht.com\\\/wp-content\\\/uploads\\\/2021\\\/02\\\/Towing-bnr.png\",\"datePublished\":\"2021-01-29T11:17:28+00:00\",\"dateModified\":\"2021-02-16T10:03:41+00:00\",\"breadcrumb\":{\"@id\":\"https:\\\/\\\/parkeryacht.com\\\/tender-towing\\\/#breadcrumb\"},\"inLanguage\":\"es\",\"potentialAction\":[{\"@type\":\"ReadAction\",\"target\":[\"https:\\\/\\\/parkeryacht.com\\\/tender-towing\\\/\"]}]},{\"@type\":\"ImageObject\",\"inLanguage\":\"es\",\"@id\":\"https:\\\/\\\/parkeryacht.com\\\/tender-towing\\\/#primaryimage\",\"url\":\"http:\\\/\\\/parkeryacht.com\\\/wp-content\\\/uploads\\\/2021\\\/02\\\/Towing-bnr.png\",\"contentUrl\":\"http:\\\/\\\/parkeryacht.com\\\/wp-content\\\/uploads\\\/2021\\\/02\\\/Towing-bnr.png\"},{\"@type\":\"BreadcrumbList\",\"@id\":\"https:\\\/\\\/parkeryacht.com\\\/tender-towing\\\/#breadcrumb\",\"itemListElement\":[{\"@type\":\"ListItem\",\"position\":1,\"name\":\"Home\",\"item\":\"https:\\\/\\\/parkeryacht.com\\\/\"},{\"@type\":\"ListItem\",\"position\":2,\"name\":\"Tender Towing\"}]},{\"@type\":\"WebSite\",\"@id\":\"https:\\\/\\\/parkeryacht.com\\\/#website\",\"url\":\"https:\\\/\\\/parkeryacht.com\\\/\",\"name\":\"Parker Yacht Management | Yamaha Dealer | Yanmar Dealer | Outboard Engine &amp; Yacht Repair Services\",\"description\":\"240 SW 32nd Ct #2, Fort Lauderdale, FL 33315, United States\",\"potentialAction\":[{\"@type\":\"SearchAction\",\"target\":{\"@type\":\"EntryPoint\",\"urlTemplate\":\"https:\\\/\\\/parkeryacht.com\\\/?s={search_term_string}\"},\"query-input\":{\"@type\":\"PropertyValueSpecification\",\"valueRequired\":true,\"valueName\":\"search_term_string\"}}],\"inLanguage\":\"es\"}]}<\/script>\n<!-- \/ Yoast SEO plugin. -->","yoast_head_json":{"title":"Tender Towing - Parker Yacht Management | Yamaha Dealer | Yanmar Dealer | Outboard Engine &amp; Yacht Repair Services","robots":{"index":"index","follow":"follow","max-snippet":"max-snippet:-1","max-image-preview":"max-image-preview:large","max-video-preview":"max-video-preview:-1"},"canonical":"https:\/\/parkeryacht.com\/es\/tender-towing\/","og_locale":"es_ES","og_type":"article","og_title":"Tender Towing - Parker Yacht Management | Yamaha Dealer | Yanmar Dealer | Outboard Engine &amp; Yacht Repair Services","og_description":"Tender Towing Tow Bits and Hawser&#8217;s We install custom fabricated tow bits and hawsers for all sizes of yacht tenders. Our tow bits are designed and fabricated to handle the stresses of ocean towing. We use only 316 SS material, through bolted with SS bolts and aluminum backing plates. All our tow hawser&#8217;s are made [&hellip;]","og_url":"https:\/\/parkeryacht.com\/es\/tender-towing\/","og_site_name":"Parker Yacht Management | Yamaha Dealer | Yanmar Dealer | Outboard Engine &amp; Yacht Repair Services","article_modified_time":"2021-02-16T10:03:41+00:00","og_image":[{"url":"http:\/\/parkeryacht.com\/wp-content\/uploads\/2021\/02\/Towing-bnr.png","type":"","width":"","height":""}],"twitter_card":"summary_large_image","twitter_misc":{"Est. reading time":"4 minutos"},"schema":{"@context":"https:\/\/schema.org","@graph":[{"@type":"WebPage","@id":"https:\/\/parkeryacht.com\/tender-towing\/","url":"https:\/\/parkeryacht.com\/tender-towing\/","name":"Tender Towing - Parker Yacht Management | Yamaha Dealer | Yanmar Dealer | Outboard Engine &amp; Yacht Repair Services","isPartOf":{"@id":"https:\/\/parkeryacht.com\/#website"},"primaryImageOfPage":{"@id":"https:\/\/parkeryacht.com\/tender-towing\/#primaryimage"},"image":{"@id":"https:\/\/parkeryacht.com\/tender-towing\/#primaryimage"},"thumbnailUrl":"http:\/\/parkeryacht.com\/wp-content\/uploads\/2021\/02\/Towing-bnr.png","datePublished":"2021-01-29T11:17:28+00:00","dateModified":"2021-02-16T10:03:41+00:00","breadcrumb":{"@id":"https:\/\/parkeryacht.com\/tender-towing\/#breadcrumb"},"inLanguage":"es","potentialAction":[{"@type":"ReadAction","target":["https:\/\/parkeryacht.com\/tender-towing\/"]}]},{"@type":"ImageObject","inLanguage":"es","@id":"https:\/\/parkeryacht.com\/tender-towing\/#primaryimage","url":"http:\/\/parkeryacht.com\/wp-content\/uploads\/2021\/02\/Towing-bnr.png","contentUrl":"http:\/\/parkeryacht.com\/wp-content\/uploads\/2021\/02\/Towing-bnr.png"},{"@type":"BreadcrumbList","@id":"https:\/\/parkeryacht.com\/tender-towing\/#breadcrumb","itemListElement":[{"@type":"ListItem","position":1,"name":"Home","item":"https:\/\/parkeryacht.com\/"},{"@type":"ListItem","position":2,"name":"Tender Towing"}]},{"@type":"WebSite","@id":"https:\/\/parkeryacht.com\/#website","url":"https:\/\/parkeryacht.com\/","name":"Parker Yacht Management | Yamaha Dealer | Yanmar Dealer | Outboard Engine &amp; Yacht Repair Services","description":"240 SW 32nd Ct #2, Fort Lauderdale, FL 33315, Estados Unidos","potentialAction":[{"@type":"SearchAction","target":{"@type":"EntryPoint","urlTemplate":"https:\/\/parkeryacht.com\/?s={search_term_string}"},"query-input":{"@type":"PropertyValueSpecification","valueRequired":true,"valueName":"search_term_string"}}],"inLanguage":"es"}]}},"_links":{"self":[{"href":"https:\/\/parkeryacht.com\/es\/wp-json\/wp\/v2\/pages\/2670","targetHints":{"allow":["GET"]}}],"collection":[{"href":"https:\/\/parkeryacht.com\/es\/wp-json\/wp\/v2\/pages"}],"about":[{"href":"https:\/\/parkeryacht.com\/es\/wp-json\/wp\/v2\/types\/page"}],"author":[{"embeddable":true,"href":"https:\/\/parkeryacht.com\/es\/wp-json\/wp\/v2\/users\/2"}],"replies":[{"embeddable":true,"href":"https:\/\/parkeryacht.com\/es\/wp-json\/wp\/v2\/comments?post=2670"}],"version-history":[{"count":0,"href":"https:\/\/parkeryacht.com\/es\/wp-json\/wp\/v2\/pages\/2670\/revisions"}],"wp:attachment":[{"href":"https:\/\/parkeryacht.com\/es\/wp-json\/wp\/v2\/media?parent=2670"}],"curies":[{"name":"wp","href":"https:\/\/api.w.org\/{rel}","templated":true}]}}